{"id":2368,"date":"2024-09-17T17:11:49","date_gmt":"2024-09-17T20:11:49","guid":{"rendered":"https:\/\/unibellemoveis.com.br\/?post_type=product&#038;p=2368"},"modified":"2024-10-01T14:06:09","modified_gmt":"2024-10-01T17:06:09","slug":"audace-kitchen-kit","status":"publish","type":"product","link":"https:\/\/unibellemoveis.com.br\/en\/product\/audace-kitchen-kit\/","title":{"rendered":"Audace Kitchen Kit"},"content":{"rendered":"<div class=\"flex-shrink-0 flex flex-col relative items-end\">\n<div class=\"pt-0.5 juice:pt-0\">\n<div class=\"gizmo-bot-avatar flex h-6 w-6 items-center justify-center overflow-hidden rounded-full juice:h-8 juice:w-8\">\n<div class=\"relative p-1 rounded-sm flex items-center justify-center bg-token-main-surface-primary text-token-text-primary h-8 w-8\">\n<h3>Audace Kitchen Set \u2013 Sophistication and Functionality<\/h3>\n<p><strong>Audace Compact Kitchen Kit<\/strong> It&#039;s the ideal choice for those seeking functionality and elegant design in a compact space. Designed for organization and practicality, this kitchen stands out for its modern finish and details that make everyday life easier.<\/p>\n<p><strong>Product Differentiators:<\/strong><\/p>\n<ul>\n<li>Produced in <strong>100% MDP 15mm<\/strong>, ensuring strength and durability<\/li>\n<li><strong>Chrome handles<\/strong>bringing a sophisticated touch to the environment<\/li>\n<li><strong>Metal slide<\/strong> in the drawers, providing smooth gliding.<\/li>\n<li><strong>Height-adjustable feet<\/strong>, allowing for better adaptation to the space.<\/li>\n<li>Account with <strong>1 drawer<\/strong> and <strong>5 doors<\/strong>, offering ample storage space<\/li>\n<\/ul>\n<p><strong>Technical Specifications:<\/strong><\/p>\n<ul>\n<li><strong>Height:<\/strong> 185 cm<\/li>\n<li><strong>Width:<\/strong> 92 cm<\/li>\n<li><strong>Depth:<\/strong> 47 cm<\/li>\n<li><strong>Material thickness:<\/strong> 15 mm<\/li>\n<li><strong>Cubic capacity:<\/strong> 0.067 m\u00b3<\/li>\n<li><strong>Weight:<\/strong> 42 kg<\/li>\n<li><strong>Volumes:<\/strong> 1<\/li>\n<\/ul>\n<p>The combination of modern design and color <strong>White<\/strong> This compact kitchen makes it an excellent option for smaller kitchens, without compromising style and functionality. The well-utilized space allows you to organize your utensils practically, keeping the kitchen always tidy.<\/p>\n<p>Check out all the models: <a href=\"https:\/\/unibellemoveis.com.br\/en\/product-category\/kitchen\/\">https:\/\/unibellemoveis.com.br\/categoria-produto\/cozinha\/<\/a><\/p>\n<\/div>\n<\/div>\n<\/div>\n<\/div>","protected":false},"excerpt":{"rendered":"<p>THE <strong>Audace Kitchen<\/strong> It&#039;s the ideal choice for those seeking functionality and elegant design in a compact space. Designed for organization and practicality, this kitchen stands out for its modern finish and details that make everyday life easier.<\/p>","protected":false},"featured_media":2585,"comment_status":"open","ping_status":"closed","template":"","meta":{"_joinchat":[]},"product_brand":[],"product_cat":[29],"product_tag":[],"class_list":{"0":"post-2368","1":"product","2":"type-product","3":"status-publish","4":"has-post-thumbnail","6":"product_cat-cozinha","8":"first","9":"instock","10":"shipping-taxable","11":"product-type-simple"},"yoast_head":"<!-- This site is optimized with the Yoast SEO plugin v26.0 - https:\/\/yoast.com\/wordpress\/plugins\/seo\/ -->\n<title>Kit de Cozinha Audace - Unibelle M\u00f3veis<\/title>\n<meta name=\"description\" content=\"Kit de Cozinha Audace Descubra a Cozinha Compacta Audace que vai elevar a decora\u00e7\u00e3o do seu ambiente. Encomende j\u00e1 a sua!\" \/>\n<meta name=\"robots\" content=\"index, follow, max-snippet:-1, max-image-preview:large, max-video-preview:-1\" \/>\n<link rel=\"canonical\" href=\"https:\/\/unibellemoveis.com.br\/en\/product\/audace-kitchen-kit\/\" \/>\n<meta property=\"og:locale\" content=\"en_US\" \/>\n<meta property=\"og:type\" content=\"article\" \/>\n<meta property=\"og:title\" content=\"Kit de Cozinha Audace - Unibelle M\u00f3veis\" \/>\n<meta property=\"og:description\" content=\"Kit de Cozinha Audace Descubra a Cozinha Compacta Audace que vai elevar a decora\u00e7\u00e3o do seu ambiente. Encomende j\u00e1 a sua!\" \/>\n<meta property=\"og:url\" content=\"https:\/\/unibellemoveis.com.br\/en\/product\/audace-kitchen-kit\/\" \/>\n<meta property=\"og:site_name\" content=\"Unibelle M\u00f3veis\" \/>\n<meta property=\"article:modified_time\" content=\"2024-10-01T17:06:09+00:00\" \/>\n<meta property=\"og:image\" content=\"https:\/\/unibellemoveis.com.br\/wp-content\/uploads\/2024\/09\/1201.1.1.webp\" \/>\n\t<meta property=\"og:image:width\" content=\"1000\" \/>\n\t<meta property=\"og:image:height\" content=\"1000\" \/>\n\t<meta property=\"og:image:type\" content=\"image\/webp\" \/>\n<meta name=\"twitter:card\" content=\"summary_large_image\" \/>\n<meta name=\"twitter:label1\" content=\"Est. reading time\" \/>\n\t<meta name=\"twitter:data1\" content=\"2 minutes\" \/>\n<script type=\"application\/ld+json\" class=\"yoast-schema-graph\">{\"@context\":\"https:\/\/schema.org\",\"@graph\":[{\"@type\":\"WebPage\",\"@id\":\"https:\/\/unibellemoveis.com.br\/produto\/kit-de-cozinha-audace\/\",\"url\":\"https:\/\/unibellemoveis.com.br\/produto\/kit-de-cozinha-audace\/\",\"name\":\"Kit de Cozinha Audace - Unibelle M\u00f3veis\",\"isPartOf\":{\"@id\":\"https:\/\/unibellemoveis.com.br\/#website\"},\"primaryImageOfPage\":{\"@id\":\"https:\/\/unibellemoveis.com.br\/produto\/kit-de-cozinha-audace\/#primaryimage\"},\"image\":{\"@id\":\"https:\/\/unibellemoveis.com.br\/produto\/kit-de-cozinha-audace\/#primaryimage\"},\"thumbnailUrl\":\"https:\/\/unibellemoveis.com.br\/wp-content\/uploads\/2024\/09\/1201.1.1.webp\",\"datePublished\":\"2024-09-17T20:11:49+00:00\",\"dateModified\":\"2024-10-01T17:06:09+00:00\",\"description\":\"Kit de Cozinha Audace Descubra a Cozinha Compacta Audace que vai elevar a decora\u00e7\u00e3o do seu ambiente. Encomende j\u00e1 a sua!\",\"breadcrumb\":{\"@id\":\"https:\/\/unibellemoveis.com.br\/produto\/kit-de-cozinha-audace\/#breadcrumb\"},\"inLanguage\":\"en-US\",\"potentialAction\":[{\"@type\":\"ReadAction\",\"target\":[\"https:\/\/unibellemoveis.com.br\/produto\/kit-de-cozinha-audace\/\"]}]},{\"@type\":\"ImageObject\",\"inLanguage\":\"en-US\",\"@id\":\"https:\/\/unibellemoveis.com.br\/produto\/kit-de-cozinha-audace\/#primaryimage\",\"url\":\"https:\/\/unibellemoveis.com.br\/wp-content\/uploads\/2024\/09\/1201.1.1.webp\",\"contentUrl\":\"https:\/\/unibellemoveis.com.br\/wp-content\/uploads\/2024\/09\/1201.1.1.webp\",\"width\":1000,\"height\":1000,\"caption\":\"Kit Cozinha Audace\"},{\"@type\":\"BreadcrumbList\",\"@id\":\"https:\/\/unibellemoveis.com.br\/produto\/kit-de-cozinha-audace\/#breadcrumb\",\"itemListElement\":[{\"@type\":\"ListItem\",\"position\":1,\"name\":\"In\u00edcio\",\"item\":\"https:\/\/unibellemoveis.com.br\/\"},{\"@type\":\"ListItem\",\"position\":2,\"name\":\"Produtos\",\"item\":\"https:\/\/unibellemoveis.com.br\/produtos\/\"},{\"@type\":\"ListItem\",\"position\":3,\"name\":\"Kit de Cozinha Audace\"}]},{\"@type\":\"WebSite\",\"@id\":\"https:\/\/unibellemoveis.com.br\/#website\",\"url\":\"https:\/\/unibellemoveis.com.br\/\",\"name\":\"Unibelle M\u00f3veis\",\"description\":\"Unibelle M\u00f3veis\",\"publisher\":{\"@id\":\"https:\/\/unibellemoveis.com.br\/#organization\"},\"potentialAction\":[{\"@type\":\"SearchAction\",\"target\":{\"@type\":\"EntryPoint\",\"urlTemplate\":\"https:\/\/unibellemoveis.com.br\/?s={search_term_string}\"},\"query-input\":{\"@type\":\"PropertyValueSpecification\",\"valueRequired\":true,\"valueName\":\"search_term_string\"}}],\"inLanguage\":\"en-US\"},{\"@type\":\"Organization\",\"@id\":\"https:\/\/unibellemoveis.com.br\/#organization\",\"name\":\"Unibele M\u00f3veis\",\"alternateName\":\"Unibele M\u00f3veis\",\"url\":\"https:\/\/unibellemoveis.com.br\/\",\"logo\":{\"@type\":\"ImageObject\",\"inLanguage\":\"en-US\",\"@id\":\"https:\/\/unibellemoveis.com.br\/#\/schema\/logo\/image\/\",\"url\":\"https:\/\/unibellemoveis.com.br\/wp-content\/uploads\/2024\/04\/Logo-02.webp\",\"contentUrl\":\"https:\/\/unibellemoveis.com.br\/wp-content\/uploads\/2024\/04\/Logo-02.webp\",\"width\":2363,\"height\":754,\"caption\":\"Unibele M\u00f3veis\"},\"image\":{\"@id\":\"https:\/\/unibellemoveis.com.br\/#\/schema\/logo\/image\/\"}}]}<\/script>\n<!-- \/ Yoast SEO plugin. -->","yoast_head_json":{"title":"Audace Kitchen Set - Unibelle Furniture","description":"Audace Kitchen Kit: Discover the Audace Compact Kitchen that will elevate your space&#039;s decor. Order yours now!","robots":{"index":"index","follow":"follow","max-snippet":"max-snippet:-1","max-image-preview":"max-image-preview:large","max-video-preview":"max-video-preview:-1"},"canonical":"https:\/\/unibellemoveis.com.br\/en\/product\/audace-kitchen-kit\/","og_locale":"en_US","og_type":"article","og_title":"Kit de Cozinha Audace - Unibelle M\u00f3veis","og_description":"Kit de Cozinha Audace Descubra a Cozinha Compacta Audace que vai elevar a decora\u00e7\u00e3o do seu ambiente. Encomende j\u00e1 a sua!","og_url":"https:\/\/unibellemoveis.com.br\/en\/product\/audace-kitchen-kit\/","og_site_name":"Unibelle M\u00f3veis","article_modified_time":"2024-10-01T17:06:09+00:00","og_image":[{"width":1000,"height":1000,"url":"https:\/\/unibellemoveis.com.br\/wp-content\/uploads\/2024\/09\/1201.1.1.webp","type":"image\/webp"}],"twitter_card":"summary_large_image","twitter_misc":{"Est. reading time":"2 minutes"},"schema":{"@context":"https:\/\/schema.org","@graph":[{"@type":"WebPage","@id":"https:\/\/unibellemoveis.com.br\/produto\/kit-de-cozinha-audace\/","url":"https:\/\/unibellemoveis.com.br\/produto\/kit-de-cozinha-audace\/","name":"Audace Kitchen Set - Unibelle Furniture","isPartOf":{"@id":"https:\/\/unibellemoveis.com.br\/#website"},"primaryImageOfPage":{"@id":"https:\/\/unibellemoveis.com.br\/produto\/kit-de-cozinha-audace\/#primaryimage"},"image":{"@id":"https:\/\/unibellemoveis.com.br\/produto\/kit-de-cozinha-audace\/#primaryimage"},"thumbnailUrl":"https:\/\/unibellemoveis.com.br\/wp-content\/uploads\/2024\/09\/1201.1.1.webp","datePublished":"2024-09-17T20:11:49+00:00","dateModified":"2024-10-01T17:06:09+00:00","description":"Audace Kitchen Kit: Discover the Audace Compact Kitchen that will elevate your space&#039;s decor. Order yours now!","breadcrumb":{"@id":"https:\/\/unibellemoveis.com.br\/produto\/kit-de-cozinha-audace\/#breadcrumb"},"inLanguage":"en-US","potentialAction":[{"@type":"ReadAction","target":["https:\/\/unibellemoveis.com.br\/produto\/kit-de-cozinha-audace\/"]}]},{"@type":"ImageObject","inLanguage":"en-US","@id":"https:\/\/unibellemoveis.com.br\/produto\/kit-de-cozinha-audace\/#primaryimage","url":"https:\/\/unibellemoveis.com.br\/wp-content\/uploads\/2024\/09\/1201.1.1.webp","contentUrl":"https:\/\/unibellemoveis.com.br\/wp-content\/uploads\/2024\/09\/1201.1.1.webp","width":1000,"height":1000,"caption":"Kit Cozinha Audace"},{"@type":"BreadcrumbList","@id":"https:\/\/unibellemoveis.com.br\/produto\/kit-de-cozinha-audace\/#breadcrumb","itemListElement":[{"@type":"ListItem","position":1,"name":"In\u00edcio","item":"https:\/\/unibellemoveis.com.br\/"},{"@type":"ListItem","position":2,"name":"Produtos","item":"https:\/\/unibellemoveis.com.br\/produtos\/"},{"@type":"ListItem","position":3,"name":"Kit de Cozinha Audace"}]},{"@type":"WebSite","@id":"https:\/\/unibellemoveis.com.br\/#website","url":"https:\/\/unibellemoveis.com.br\/","name":"Unibelle Furniture","description":"Unibelle Furniture","publisher":{"@id":"https:\/\/unibellemoveis.com.br\/#organization"},"potentialAction":[{"@type":"SearchAction","target":{"@type":"EntryPoint","urlTemplate":"https:\/\/unibellemoveis.com.br\/?s={search_term_string}"},"query-input":{"@type":"PropertyValueSpecification","valueRequired":true,"valueName":"search_term_string"}}],"inLanguage":"en-US"},{"@type":"Organization","@id":"https:\/\/unibellemoveis.com.br\/#organization","name":"Unibele M\u00f3veis","alternateName":"Unibele M\u00f3veis","url":"https:\/\/unibellemoveis.com.br\/","logo":{"@type":"ImageObject","inLanguage":"en-US","@id":"https:\/\/unibellemoveis.com.br\/#\/schema\/logo\/image\/","url":"https:\/\/unibellemoveis.com.br\/wp-content\/uploads\/2024\/04\/Logo-02.webp","contentUrl":"https:\/\/unibellemoveis.com.br\/wp-content\/uploads\/2024\/04\/Logo-02.webp","width":2363,"height":754,"caption":"Unibele M\u00f3veis"},"image":{"@id":"https:\/\/unibellemoveis.com.br\/#\/schema\/logo\/image\/"}}]}},"_links":{"self":[{"href":"https:\/\/unibellemoveis.com.br\/en\/wp-json\/wp\/v2\/product\/2368","targetHints":{"allow":["GET"]}}],"collection":[{"href":"https:\/\/unibellemoveis.com.br\/en\/wp-json\/wp\/v2\/product"}],"about":[{"href":"https:\/\/unibellemoveis.com.br\/en\/wp-json\/wp\/v2\/types\/product"}],"replies":[{"embeddable":true,"href":"https:\/\/unibellemoveis.com.br\/en\/wp-json\/wp\/v2\/comments?post=2368"}],"version-history":[{"count":4,"href":"https:\/\/unibellemoveis.com.br\/en\/wp-json\/wp\/v2\/product\/2368\/revisions"}],"predecessor-version":[{"id":2380,"href":"https:\/\/unibellemoveis.com.br\/en\/wp-json\/wp\/v2\/product\/2368\/revisions\/2380"}],"wp:featuredmedia":[{"embeddable":true,"href":"https:\/\/unibellemoveis.com.br\/en\/wp-json\/wp\/v2\/media\/2585"}],"wp:attachment":[{"href":"https:\/\/unibellemoveis.com.br\/en\/wp-json\/wp\/v2\/media?parent=2368"}],"wp:term":[{"taxonomy":"product_brand","embeddable":true,"href":"https:\/\/unibellemoveis.com.br\/en\/wp-json\/wp\/v2\/product_brand?post=2368"},{"taxonomy":"product_cat","embeddable":true,"href":"https:\/\/unibellemoveis.com.br\/en\/wp-json\/wp\/v2\/product_cat?post=2368"},{"taxonomy":"product_tag","embeddable":true,"href":"https:\/\/unibellemoveis.com.br\/en\/wp-json\/wp\/v2\/product_tag?post=2368"}],"curies":[{"name":"wp","href":"https:\/\/api.w.org\/{rel}","templated":true}]}}