{"id":2534,"date":"2024-09-18T16:19:04","date_gmt":"2024-09-18T19:19:04","guid":{"rendered":"https:\/\/unibellemoveis.com.br\/?post_type=product&#038;p=2534"},"modified":"2024-09-18T16:37:37","modified_gmt":"2024-09-18T19:37:37","slug":"sideboard-with-3-doors-91cm","status":"publish","type":"product","link":"https:\/\/unibellemoveis.com.br\/en\/product\/sideboard-with-3-doors-91cm\/","title":{"rendered":"Sideboard with 3 Doors 91cm"},"content":{"rendered":"<div class=\"flex-shrink-0 flex flex-col relative items-end\">\n<div class=\"pt-0.5 juice:pt-0\">\n<div class=\"gizmo-bot-avatar flex h-6 w-6 items-center justify-center overflow-hidden rounded-full juice:h-8 juice:w-8\">\n<div class=\"relative p-1 rounded-sm flex items-center justify-center bg-token-main-surface-primary text-token-text-primary h-8 w-8\">\n<h3>Sideboard with 3 Doors 91cm<\/h3>\n<p>THE <strong>Sideboard with 3 doors<\/strong>\u00a0in colors <strong>White and Walnut<\/strong> It&#039;s the ideal piece for those who want to combine functionality with a touch of vintage charm. With a retro design and wooden legs, it brings elegance and sophistication to living rooms, dining rooms, and other spaces. The counter offers ample storage space, with internal shelves and built-in doors that ensure organization and practicality.<\/p>\n<p><strong>Product Differentiators:<\/strong><\/p>\n<ul>\n<li>Produced in <strong>100% MDP 15mm<\/strong>, ensuring strength and durability<\/li>\n<li><strong>Soft-close hinges<\/strong>, providing a smooth and silent closing<\/li>\n<li><strong>Built-in doors<\/strong>keeping the look clean and organized<\/li>\n<li><strong>Internal shelf<\/strong> to optimize storage space<\/li>\n<li>Design no <strong>retro style<\/strong>, with solid wood legs, providing charm and stability.<\/li>\n<\/ul>\n<p><strong>Technical Specifications:<\/strong><\/p>\n<ul>\n<li><strong>Height:<\/strong> 87 cm<\/li>\n<li><strong>Width:<\/strong> 91 cm<\/li>\n<li><strong>Depth:<\/strong> 36 cm<\/li>\n<li><strong>Material thickness:<\/strong> 15 mm<\/li>\n<li><strong>Cubic capacity:<\/strong> 0.035 m\u00b3<\/li>\n<li><strong>Weight:<\/strong> 25 kg<\/li>\n<li><strong>Volumes:<\/strong> 1<\/li>\n<\/ul>\n<p>THE <strong>Sideboard with 3 doors<\/strong>\u00a0It&#039;s perfect for those seeking a piece that combines style and practicality, providing organization with a vintage touch in any environment.<\/p>\n<p>Discover all the models: <a href=\"https:\/\/unibellemoveis.com.br\/en\/product-category\/room\/\">https:\/\/unibellemoveis.com.br\/categoria-produto\/sala\/<\/a><\/p>\n<\/div>\n<\/div>\n<\/div>\n<\/div>","protected":false},"excerpt":{"rendered":"<p>THE <strong>Sideboard with 3 doors<\/strong>\u00a0in colors <strong>White and Walnut<\/strong> It&#039;s the ideal piece for those who want to combine functionality with a touch of vintage charm. With a retro design and wooden legs, it brings elegance and sophistication to living rooms, dining rooms, and other spaces. The counter offers ample storage space, with internal shelves and built-in doors that ensure organization and practicality.<\/p>","protected":false},"featured_media":2537,"comment_status":"open","ping_status":"closed","template":"","meta":{"_joinchat":[]},"product_brand":[],"product_cat":[30],"product_tag":[],"class_list":{"0":"post-2534","1":"product","2":"type-product","3":"status-publish","4":"has-post-thumbnail","6":"product_cat-sala","8":"first","9":"instock","10":"featured","11":"shipping-taxable","12":"purchasable","13":"product-type-simple"},"yoast_head":"<!-- This site is optimized with the Yoast SEO plugin v26.0 - https:\/\/yoast.com\/wordpress\/plugins\/seo\/ -->\n<title>Aparador com 3 Portas 91cm - Unibelle M\u00f3veis<\/title>\n<meta name=\"description\" content=\"Aparador com 3 Portas 91cm Descubra o aparador perfeito para complementar a decora\u00e7\u00e3o do seu ambiente. Com design moderno e vers\u00e1til.\" \/>\n<meta name=\"robots\" content=\"index, follow, max-snippet:-1, max-image-preview:large, max-video-preview:-1\" \/>\n<link rel=\"canonical\" href=\"https:\/\/unibellemoveis.com.br\/en\/product\/sideboard-with-3-doors-91cm\/\" \/>\n<meta property=\"og:locale\" content=\"en_US\" \/>\n<meta property=\"og:type\" content=\"article\" \/>\n<meta property=\"og:title\" content=\"Aparador com 3 Portas 91cm - Unibelle M\u00f3veis\" \/>\n<meta property=\"og:description\" content=\"Aparador com 3 Portas 91cm Descubra o aparador perfeito para complementar a decora\u00e7\u00e3o do seu ambiente. Com design moderno e vers\u00e1til.\" \/>\n<meta property=\"og:url\" content=\"https:\/\/unibellemoveis.com.br\/en\/product\/sideboard-with-3-doors-91cm\/\" \/>\n<meta property=\"og:site_name\" content=\"Unibelle M\u00f3veis\" \/>\n<meta property=\"article:modified_time\" content=\"2024-09-18T19:37:37+00:00\" \/>\n<meta property=\"og:image\" content=\"https:\/\/unibellemoveis.com.br\/wp-content\/uploads\/2024\/09\/image_1009.png\" \/>\n\t<meta property=\"og:image:width\" content=\"682\" \/>\n\t<meta property=\"og:image:height\" content=\"566\" \/>\n\t<meta property=\"og:image:type\" content=\"image\/png\" \/>\n<meta name=\"twitter:card\" content=\"summary_large_image\" \/>\n<meta name=\"twitter:label1\" content=\"Est. reading time\" \/>\n\t<meta name=\"twitter:data1\" content=\"2 minutes\" \/>\n<script type=\"application\/ld+json\" class=\"yoast-schema-graph\">{\"@context\":\"https:\/\/schema.org\",\"@graph\":[{\"@type\":\"WebPage\",\"@id\":\"https:\/\/unibellemoveis.com.br\/produto\/aparador-com-3-portas-91cm\/\",\"url\":\"https:\/\/unibellemoveis.com.br\/produto\/aparador-com-3-portas-91cm\/\",\"name\":\"Aparador com 3 Portas 91cm - Unibelle M\u00f3veis\",\"isPartOf\":{\"@id\":\"https:\/\/unibellemoveis.com.br\/#website\"},\"primaryImageOfPage\":{\"@id\":\"https:\/\/unibellemoveis.com.br\/produto\/aparador-com-3-portas-91cm\/#primaryimage\"},\"image\":{\"@id\":\"https:\/\/unibellemoveis.com.br\/produto\/aparador-com-3-portas-91cm\/#primaryimage\"},\"thumbnailUrl\":\"https:\/\/unibellemoveis.com.br\/wp-content\/uploads\/2024\/09\/image_1009.png\",\"datePublished\":\"2024-09-18T19:19:04+00:00\",\"dateModified\":\"2024-09-18T19:37:37+00:00\",\"description\":\"Aparador com 3 Portas 91cm Descubra o aparador perfeito para complementar a decora\u00e7\u00e3o do seu ambiente. Com design moderno e vers\u00e1til.\",\"breadcrumb\":{\"@id\":\"https:\/\/unibellemoveis.com.br\/produto\/aparador-com-3-portas-91cm\/#breadcrumb\"},\"inLanguage\":\"en-US\",\"potentialAction\":[{\"@type\":\"ReadAction\",\"target\":[\"https:\/\/unibellemoveis.com.br\/produto\/aparador-com-3-portas-91cm\/\"]}]},{\"@type\":\"ImageObject\",\"inLanguage\":\"en-US\",\"@id\":\"https:\/\/unibellemoveis.com.br\/produto\/aparador-com-3-portas-91cm\/#primaryimage\",\"url\":\"https:\/\/unibellemoveis.com.br\/wp-content\/uploads\/2024\/09\/image_1009.png\",\"contentUrl\":\"https:\/\/unibellemoveis.com.br\/wp-content\/uploads\/2024\/09\/image_1009.png\",\"width\":682,\"height\":566,\"caption\":\"Aparador com 3 Portas 91cm\"},{\"@type\":\"BreadcrumbList\",\"@id\":\"https:\/\/unibellemoveis.com.br\/produto\/aparador-com-3-portas-91cm\/#breadcrumb\",\"itemListElement\":[{\"@type\":\"ListItem\",\"position\":1,\"name\":\"In\u00edcio\",\"item\":\"https:\/\/unibellemoveis.com.br\/\"},{\"@type\":\"ListItem\",\"position\":2,\"name\":\"Produtos\",\"item\":\"https:\/\/unibellemoveis.com.br\/produtos\/\"},{\"@type\":\"ListItem\",\"position\":3,\"name\":\"Aparador com 3 Portas 91cm\"}]},{\"@type\":\"WebSite\",\"@id\":\"https:\/\/unibellemoveis.com.br\/#website\",\"url\":\"https:\/\/unibellemoveis.com.br\/\",\"name\":\"Unibelle M\u00f3veis\",\"description\":\"Unibelle M\u00f3veis\",\"publisher\":{\"@id\":\"https:\/\/unibellemoveis.com.br\/#organization\"},\"potentialAction\":[{\"@type\":\"SearchAction\",\"target\":{\"@type\":\"EntryPoint\",\"urlTemplate\":\"https:\/\/unibellemoveis.com.br\/?s={search_term_string}\"},\"query-input\":{\"@type\":\"PropertyValueSpecification\",\"valueRequired\":true,\"valueName\":\"search_term_string\"}}],\"inLanguage\":\"en-US\"},{\"@type\":\"Organization\",\"@id\":\"https:\/\/unibellemoveis.com.br\/#organization\",\"name\":\"Unibele M\u00f3veis\",\"alternateName\":\"Unibele M\u00f3veis\",\"url\":\"https:\/\/unibellemoveis.com.br\/\",\"logo\":{\"@type\":\"ImageObject\",\"inLanguage\":\"en-US\",\"@id\":\"https:\/\/unibellemoveis.com.br\/#\/schema\/logo\/image\/\",\"url\":\"https:\/\/unibellemoveis.com.br\/wp-content\/uploads\/2024\/04\/Logo-02.webp\",\"contentUrl\":\"https:\/\/unibellemoveis.com.br\/wp-content\/uploads\/2024\/04\/Logo-02.webp\",\"width\":2363,\"height\":754,\"caption\":\"Unibele M\u00f3veis\"},\"image\":{\"@id\":\"https:\/\/unibellemoveis.com.br\/#\/schema\/logo\/image\/\"}}]}<\/script>\n<!-- \/ Yoast SEO plugin. -->","yoast_head_json":{"title":"Sideboard with 3 Doors 91cm - Unibelle Furniture","description":"Sideboard with 3 Doors 91cm Discover the perfect sideboard to complement your room&#039;s decor. With a modern and versatile design.","robots":{"index":"index","follow":"follow","max-snippet":"max-snippet:-1","max-image-preview":"max-image-preview:large","max-video-preview":"max-video-preview:-1"},"canonical":"https:\/\/unibellemoveis.com.br\/en\/product\/sideboard-with-3-doors-91cm\/","og_locale":"en_US","og_type":"article","og_title":"Aparador com 3 Portas 91cm - Unibelle M\u00f3veis","og_description":"Aparador com 3 Portas 91cm Descubra o aparador perfeito para complementar a decora\u00e7\u00e3o do seu ambiente. Com design moderno e vers\u00e1til.","og_url":"https:\/\/unibellemoveis.com.br\/en\/product\/sideboard-with-3-doors-91cm\/","og_site_name":"Unibelle M\u00f3veis","article_modified_time":"2024-09-18T19:37:37+00:00","og_image":[{"width":682,"height":566,"url":"https:\/\/unibellemoveis.com.br\/wp-content\/uploads\/2024\/09\/image_1009.png","type":"image\/png"}],"twitter_card":"summary_large_image","twitter_misc":{"Est. reading time":"2 minutes"},"schema":{"@context":"https:\/\/schema.org","@graph":[{"@type":"WebPage","@id":"https:\/\/unibellemoveis.com.br\/produto\/aparador-com-3-portas-91cm\/","url":"https:\/\/unibellemoveis.com.br\/produto\/aparador-com-3-portas-91cm\/","name":"Sideboard with 3 Doors 91cm - Unibelle Furniture","isPartOf":{"@id":"https:\/\/unibellemoveis.com.br\/#website"},"primaryImageOfPage":{"@id":"https:\/\/unibellemoveis.com.br\/produto\/aparador-com-3-portas-91cm\/#primaryimage"},"image":{"@id":"https:\/\/unibellemoveis.com.br\/produto\/aparador-com-3-portas-91cm\/#primaryimage"},"thumbnailUrl":"https:\/\/unibellemoveis.com.br\/wp-content\/uploads\/2024\/09\/image_1009.png","datePublished":"2024-09-18T19:19:04+00:00","dateModified":"2024-09-18T19:37:37+00:00","description":"Sideboard with 3 Doors 91cm Discover the perfect sideboard to complement your room&#039;s decor. With a modern and versatile design.","breadcrumb":{"@id":"https:\/\/unibellemoveis.com.br\/produto\/aparador-com-3-portas-91cm\/#breadcrumb"},"inLanguage":"en-US","potentialAction":[{"@type":"ReadAction","target":["https:\/\/unibellemoveis.com.br\/produto\/aparador-com-3-portas-91cm\/"]}]},{"@type":"ImageObject","inLanguage":"en-US","@id":"https:\/\/unibellemoveis.com.br\/produto\/aparador-com-3-portas-91cm\/#primaryimage","url":"https:\/\/unibellemoveis.com.br\/wp-content\/uploads\/2024\/09\/image_1009.png","contentUrl":"https:\/\/unibellemoveis.com.br\/wp-content\/uploads\/2024\/09\/image_1009.png","width":682,"height":566,"caption":"Aparador com 3 Portas 91cm"},{"@type":"BreadcrumbList","@id":"https:\/\/unibellemoveis.com.br\/produto\/aparador-com-3-portas-91cm\/#breadcrumb","itemListElement":[{"@type":"ListItem","position":1,"name":"In\u00edcio","item":"https:\/\/unibellemoveis.com.br\/"},{"@type":"ListItem","position":2,"name":"Produtos","item":"https:\/\/unibellemoveis.com.br\/produtos\/"},{"@type":"ListItem","position":3,"name":"Aparador com 3 Portas 91cm"}]},{"@type":"WebSite","@id":"https:\/\/unibellemoveis.com.br\/#website","url":"https:\/\/unibellemoveis.com.br\/","name":"Unibelle Furniture","description":"Unibelle Furniture","publisher":{"@id":"https:\/\/unibellemoveis.com.br\/#organization"},"potentialAction":[{"@type":"SearchAction","target":{"@type":"EntryPoint","urlTemplate":"https:\/\/unibellemoveis.com.br\/?s={search_term_string}"},"query-input":{"@type":"PropertyValueSpecification","valueRequired":true,"valueName":"search_term_string"}}],"inLanguage":"en-US"},{"@type":"Organization","@id":"https:\/\/unibellemoveis.com.br\/#organization","name":"Unibele M\u00f3veis","alternateName":"Unibele M\u00f3veis","url":"https:\/\/unibellemoveis.com.br\/","logo":{"@type":"ImageObject","inLanguage":"en-US","@id":"https:\/\/unibellemoveis.com.br\/#\/schema\/logo\/image\/","url":"https:\/\/unibellemoveis.com.br\/wp-content\/uploads\/2024\/04\/Logo-02.webp","contentUrl":"https:\/\/unibellemoveis.com.br\/wp-content\/uploads\/2024\/04\/Logo-02.webp","width":2363,"height":754,"caption":"Unibele M\u00f3veis"},"image":{"@id":"https:\/\/unibellemoveis.com.br\/#\/schema\/logo\/image\/"}}]}},"_links":{"self":[{"href":"https:\/\/unibellemoveis.com.br\/en\/wp-json\/wp\/v2\/product\/2534","targetHints":{"allow":["GET"]}}],"collection":[{"href":"https:\/\/unibellemoveis.com.br\/en\/wp-json\/wp\/v2\/product"}],"about":[{"href":"https:\/\/unibellemoveis.com.br\/en\/wp-json\/wp\/v2\/types\/product"}],"replies":[{"embeddable":true,"href":"https:\/\/unibellemoveis.com.br\/en\/wp-json\/wp\/v2\/comments?post=2534"}],"version-history":[{"count":2,"href":"https:\/\/unibellemoveis.com.br\/en\/wp-json\/wp\/v2\/product\/2534\/revisions"}],"predecessor-version":[{"id":2547,"href":"https:\/\/unibellemoveis.com.br\/en\/wp-json\/wp\/v2\/product\/2534\/revisions\/2547"}],"wp:featuredmedia":[{"embeddable":true,"href":"https:\/\/unibellemoveis.com.br\/en\/wp-json\/wp\/v2\/media\/2537"}],"wp:attachment":[{"href":"https:\/\/unibellemoveis.com.br\/en\/wp-json\/wp\/v2\/media?parent=2534"}],"wp:term":[{"taxonomy":"product_brand","embeddable":true,"href":"https:\/\/unibellemoveis.com.br\/en\/wp-json\/wp\/v2\/product_brand?post=2534"},{"taxonomy":"product_cat","embeddable":true,"href":"https:\/\/unibellemoveis.com.br\/en\/wp-json\/wp\/v2\/product_cat?post=2534"},{"taxonomy":"product_tag","embeddable":true,"href":"https:\/\/unibellemoveis.com.br\/en\/wp-json\/wp\/v2\/product_tag?post=2534"}],"curies":[{"name":"wp","href":"https:\/\/api.w.org\/{rel}","templated":true}]}}