{"id":23,"date":"2023-04-20T11:46:12","date_gmt":"2023-04-20T11:46:12","guid":{"rendered":"https:\/\/dummy.xtemos.com\/woodmart2\/furniture2-elementor\/?page_id=23"},"modified":"2024-10-12T15:07:49","modified_gmt":"2024-10-12T18:07:49","slug":"comparar","status":"publish","type":"page","link":"https:\/\/unibellemoveis.com.br\/es\/comparar\/","title":{"rendered":"Comparar"},"content":{"rendered":"<div data-elementor-type=\"wp-page\" data-elementor-id=\"23\" class=\"elementor elementor-23\">\n\t\t\t\t\t\t<section class=\"wd-negative-gap elementor-section elementor-top-section elementor-element elementor-element-262542a elementor-section-boxed elementor-section-height-default elementor-section-height-default\" data-id=\"262542a\" data-element_type=\"section\">\n\t\t\t\t\t\t<div class=\"elementor-container elementor-column-gap-default\">\n\t\t\t\t\t<div class=\"elementor-column elementor-col-100 elementor-top-column elementor-element elementor-element-36ec512\" data-id=\"36ec512\" data-element_type=\"column\">\n\t\t\t<div class=\"elementor-widget-wrap elementor-element-populated\">\n\t\t\t\t\t\t<div class=\"elementor-element elementor-element-5b77511 elementor-widget elementor-widget-wd_compare\" data-id=\"5b77511\" data-element_type=\"widget\" data-widget_type=\"wd_compare.default\">\n\t\t\t\t<div class=\"elementor-widget-container\">\n\t\t\t\t\t\t\t<p class=\"wd-empty-compare wd-empty-page\">\n\t\t\tCompare list is empty.\t\t<\/p>\n\t\t\t\t\t<div class=\"wd-empty-page-text\">\n\t\t\t\tNo se han a\u00f1adido productos a la lista de comparaci\u00f3n. Debe a\u00f1adir algunos productos para compararlos.<br> Encontrar\u00e1s muchos productos interesantes en nuestra p\u00e1gina &quot;Tienda&quot;.\t\t\t<\/div>\n\t\t\t\t<p class=\"return-to-shop\">\n\t\t\t<a class=\"button\" href=\"https:\/\/unibellemoveis.com.br\/es\/productos\/\">\n\t\t\t\tReturn to shop\t\t\t<\/a>\n\t\t<\/p>\n\t\t\t\t\t\t<\/div>\n\t\t\t\t<\/div>\n\t\t\t\t\t<\/div>\n\t\t<\/div>\n\t\t\t\t\t<\/div>\n\t\t<\/section>\n\t\t\t\t<\/div>","protected":false},"excerpt":{"rendered":"<p>Eliminar 12 lados $375 $339 Agregar al carrito Descripci\u00f3n Las curvas suaves y las l\u00edneas delgadas que se estrechan est\u00e1n inspiradas en el dise\u00f1o moderno.<\/p>","protected":false},"author":1,"featured_media":0,"parent":0,"menu_order":0,"comment_status":"closed","ping_status":"closed","template":"","meta":{"_joinchat":[],"footnotes":""},"class_list":["post-23","page","type-page","status-publish","hentry"],"yoast_head":"<!-- This site is optimized with the Yoast SEO plugin v26.0 - https:\/\/yoast.com\/wordpress\/plugins\/seo\/ -->\n<title>Comparar - Unibelle M\u00f3veis<\/title>\n<meta name=\"robots\" content=\"index, follow, max-snippet:-1, max-image-preview:large, max-video-preview:-1\" \/>\n<link rel=\"canonical\" href=\"https:\/\/unibellemoveis.com.br\/es\/comparar\/\" \/>\n<meta property=\"og:locale\" content=\"es_ES\" \/>\n<meta property=\"og:type\" content=\"article\" \/>\n<meta property=\"og:title\" content=\"Comparar - Unibelle M\u00f3veis\" \/>\n<meta property=\"og:description\" content=\"Remove 12 side $375 $339 Add to cart Description Soft curves and tapering slender lines are inspired by modern design.\" \/>\n<meta property=\"og:url\" content=\"https:\/\/unibellemoveis.com.br\/es\/comparar\/\" \/>\n<meta property=\"og:site_name\" content=\"Unibelle M\u00f3veis\" \/>\n<meta property=\"article:modified_time\" content=\"2024-10-12T18:07:49+00:00\" \/>\n<meta property=\"og:image\" content=\"http:\/\/dummy.xtemos.com\/woodmart2\/furniture2-elementor\/wp-content\/uploads\/sites\/10\/2023\/04\/wd-furniture-chair-prod-14-1-430x491.jpg\" \/>\n<meta name=\"twitter:card\" content=\"summary_large_image\" \/>\n<script type=\"application\/ld+json\" class=\"yoast-schema-graph\">{\"@context\":\"https:\/\/schema.org\",\"@graph\":[{\"@type\":\"WebPage\",\"@id\":\"https:\/\/unibellemoveis.com.br\/comparar\/\",\"url\":\"https:\/\/unibellemoveis.com.br\/comparar\/\",\"name\":\"Comparar - Unibelle M\u00f3veis\",\"isPartOf\":{\"@id\":\"https:\/\/unibellemoveis.com.br\/#website\"},\"primaryImageOfPage\":{\"@id\":\"https:\/\/unibellemoveis.com.br\/comparar\/#primaryimage\"},\"image\":{\"@id\":\"https:\/\/unibellemoveis.com.br\/comparar\/#primaryimage\"},\"thumbnailUrl\":\"http:\/\/dummy.xtemos.com\/woodmart2\/furniture2-elementor\/wp-content\/uploads\/sites\/10\/2023\/04\/wd-furniture-chair-prod-14-1-430x491.jpg\",\"datePublished\":\"2023-04-20T11:46:12+00:00\",\"dateModified\":\"2024-10-12T18:07:49+00:00\",\"breadcrumb\":{\"@id\":\"https:\/\/unibellemoveis.com.br\/comparar\/#breadcrumb\"},\"inLanguage\":\"es\",\"potentialAction\":[{\"@type\":\"ReadAction\",\"target\":[\"https:\/\/unibellemoveis.com.br\/comparar\/\"]}]},{\"@type\":\"ImageObject\",\"inLanguage\":\"es\",\"@id\":\"https:\/\/unibellemoveis.com.br\/comparar\/#primaryimage\",\"url\":\"http:\/\/dummy.xtemos.com\/woodmart2\/furniture2-elementor\/wp-content\/uploads\/sites\/10\/2023\/04\/wd-furniture-chair-prod-14-1-430x491.jpg\",\"contentUrl\":\"http:\/\/dummy.xtemos.com\/woodmart2\/furniture2-elementor\/wp-content\/uploads\/sites\/10\/2023\/04\/wd-furniture-chair-prod-14-1-430x491.jpg\"},{\"@type\":\"BreadcrumbList\",\"@id\":\"https:\/\/unibellemoveis.com.br\/comparar\/#breadcrumb\",\"itemListElement\":[{\"@type\":\"ListItem\",\"position\":1,\"name\":\"In\u00edcio\",\"item\":\"https:\/\/unibellemoveis.com.br\/\"},{\"@type\":\"ListItem\",\"position\":2,\"name\":\"Comparar\"}]},{\"@type\":\"WebSite\",\"@id\":\"https:\/\/unibellemoveis.com.br\/#website\",\"url\":\"https:\/\/unibellemoveis.com.br\/\",\"name\":\"Unibelle M\u00f3veis\",\"description\":\"Unibelle M\u00f3veis\",\"publisher\":{\"@id\":\"https:\/\/unibellemoveis.com.br\/#organization\"},\"potentialAction\":[{\"@type\":\"SearchAction\",\"target\":{\"@type\":\"EntryPoint\",\"urlTemplate\":\"https:\/\/unibellemoveis.com.br\/?s={search_term_string}\"},\"query-input\":{\"@type\":\"PropertyValueSpecification\",\"valueRequired\":true,\"valueName\":\"search_term_string\"}}],\"inLanguage\":\"es\"},{\"@type\":\"Organization\",\"@id\":\"https:\/\/unibellemoveis.com.br\/#organization\",\"name\":\"Unibele M\u00f3veis\",\"alternateName\":\"Unibele M\u00f3veis\",\"url\":\"https:\/\/unibellemoveis.com.br\/\",\"logo\":{\"@type\":\"ImageObject\",\"inLanguage\":\"es\",\"@id\":\"https:\/\/unibellemoveis.com.br\/#\/schema\/logo\/image\/\",\"url\":\"https:\/\/unibellemoveis.com.br\/wp-content\/uploads\/2024\/04\/Logo-02.webp\",\"contentUrl\":\"https:\/\/unibellemoveis.com.br\/wp-content\/uploads\/2024\/04\/Logo-02.webp\",\"width\":2363,\"height\":754,\"caption\":\"Unibele M\u00f3veis\"},\"image\":{\"@id\":\"https:\/\/unibellemoveis.com.br\/#\/schema\/logo\/image\/\"}}]}<\/script>\n<!-- \/ Yoast SEO plugin. -->","yoast_head_json":{"title":"Comparar - Muebles Unibelle","robots":{"index":"index","follow":"follow","max-snippet":"max-snippet:-1","max-image-preview":"max-image-preview:large","max-video-preview":"max-video-preview:-1"},"canonical":"https:\/\/unibellemoveis.com.br\/es\/comparar\/","og_locale":"es_ES","og_type":"article","og_title":"Comparar - Unibelle M\u00f3veis","og_description":"Remove 12 side $375 $339 Add to cart Description Soft curves and tapering slender lines are inspired by modern design.","og_url":"https:\/\/unibellemoveis.com.br\/es\/comparar\/","og_site_name":"Unibelle M\u00f3veis","article_modified_time":"2024-10-12T18:07:49+00:00","og_image":[{"url":"http:\/\/dummy.xtemos.com\/woodmart2\/furniture2-elementor\/wp-content\/uploads\/sites\/10\/2023\/04\/wd-furniture-chair-prod-14-1-430x491.jpg","type":"","width":"","height":""}],"twitter_card":"summary_large_image","schema":{"@context":"https:\/\/schema.org","@graph":[{"@type":"WebPage","@id":"https:\/\/unibellemoveis.com.br\/comparar\/","url":"https:\/\/unibellemoveis.com.br\/comparar\/","name":"Comparar - Muebles Unibelle","isPartOf":{"@id":"https:\/\/unibellemoveis.com.br\/#website"},"primaryImageOfPage":{"@id":"https:\/\/unibellemoveis.com.br\/comparar\/#primaryimage"},"image":{"@id":"https:\/\/unibellemoveis.com.br\/comparar\/#primaryimage"},"thumbnailUrl":"http:\/\/dummy.xtemos.com\/woodmart2\/furniture2-elementor\/wp-content\/uploads\/sites\/10\/2023\/04\/wd-furniture-chair-prod-14-1-430x491.jpg","datePublished":"2023-04-20T11:46:12+00:00","dateModified":"2024-10-12T18:07:49+00:00","breadcrumb":{"@id":"https:\/\/unibellemoveis.com.br\/comparar\/#breadcrumb"},"inLanguage":"es","potentialAction":[{"@type":"ReadAction","target":["https:\/\/unibellemoveis.com.br\/comparar\/"]}]},{"@type":"ImageObject","inLanguage":"es","@id":"https:\/\/unibellemoveis.com.br\/comparar\/#primaryimage","url":"http:\/\/dummy.xtemos.com\/woodmart2\/furniture2-elementor\/wp-content\/uploads\/sites\/10\/2023\/04\/wd-furniture-chair-prod-14-1-430x491.jpg","contentUrl":"http:\/\/dummy.xtemos.com\/woodmart2\/furniture2-elementor\/wp-content\/uploads\/sites\/10\/2023\/04\/wd-furniture-chair-prod-14-1-430x491.jpg"},{"@type":"BreadcrumbList","@id":"https:\/\/unibellemoveis.com.br\/comparar\/#breadcrumb","itemListElement":[{"@type":"ListItem","position":1,"name":"In\u00edcio","item":"https:\/\/unibellemoveis.com.br\/"},{"@type":"ListItem","position":2,"name":"Comparar"}]},{"@type":"WebSite","@id":"https:\/\/unibellemoveis.com.br\/#website","url":"https:\/\/unibellemoveis.com.br\/","name":"Muebles Unibelle","description":"Muebles Unibelle","publisher":{"@id":"https:\/\/unibellemoveis.com.br\/#organization"},"potentialAction":[{"@type":"SearchAction","target":{"@type":"EntryPoint","urlTemplate":"https:\/\/unibellemoveis.com.br\/?s={search_term_string}"},"query-input":{"@type":"PropertyValueSpecification","valueRequired":true,"valueName":"search_term_string"}}],"inLanguage":"es"},{"@type":"Organization","@id":"https:\/\/unibellemoveis.com.br\/#organization","name":"Unibele M\u00f3veis","alternateName":"Unibele M\u00f3veis","url":"https:\/\/unibellemoveis.com.br\/","logo":{"@type":"ImageObject","inLanguage":"es","@id":"https:\/\/unibellemoveis.com.br\/#\/schema\/logo\/image\/","url":"https:\/\/unibellemoveis.com.br\/wp-content\/uploads\/2024\/04\/Logo-02.webp","contentUrl":"https:\/\/unibellemoveis.com.br\/wp-content\/uploads\/2024\/04\/Logo-02.webp","width":2363,"height":754,"caption":"Unibele M\u00f3veis"},"image":{"@id":"https:\/\/unibellemoveis.com.br\/#\/schema\/logo\/image\/"}}]}},"_links":{"self":[{"href":"https:\/\/unibellemoveis.com.br\/es\/wp-json\/wp\/v2\/pages\/23","targetHints":{"allow":["GET"]}}],"collection":[{"href":"https:\/\/unibellemoveis.com.br\/es\/wp-json\/wp\/v2\/pages"}],"about":[{"href":"https:\/\/unibellemoveis.com.br\/es\/wp-json\/wp\/v2\/types\/page"}],"author":[{"embeddable":true,"href":"https:\/\/unibellemoveis.com.br\/es\/wp-json\/wp\/v2\/users\/1"}],"replies":[{"embeddable":true,"href":"https:\/\/unibellemoveis.com.br\/es\/wp-json\/wp\/v2\/comments?post=23"}],"version-history":[{"count":1,"href":"https:\/\/unibellemoveis.com.br\/es\/wp-json\/wp\/v2\/pages\/23\/revisions"}],"predecessor-version":[{"id":2634,"href":"https:\/\/unibellemoveis.com.br\/es\/wp-json\/wp\/v2\/pages\/23\/revisions\/2634"}],"wp:attachment":[{"href":"https:\/\/unibellemoveis.com.br\/es\/wp-json\/wp\/v2\/media?parent=23"}],"curies":[{"name":"wp","href":"https:\/\/api.w.org\/{rel}","templated":true}]}}