{"id":2195,"date":"2024-06-24T22:20:57","date_gmt":"2024-06-25T01:20:57","guid":{"rendered":"https:\/\/unibellemoveis.com.br\/?post_type=product&#038;p=2195"},"modified":"2024-09-18T15:11:49","modified_gmt":"2024-09-18T18:11:49","slug":"aparador-con-1-puerta-61-cm","status":"publish","type":"product","link":"https:\/\/unibellemoveis.com.br\/es\/producto\/aparador-con-1-puerta-61-cm\/","title":{"rendered":"Aparador con 1 puerta 61 cm\u00a0"},"content":{"rendered":"<div class=\"flex-shrink-0 flex flex-col relative items-end\">\n<div class=\"pt-0.5 juice:pt-0\">\n<div class=\"gizmo-bot-avatar flex h-6 w-6 items-center justify-center overflow-hidden rounded-full juice:h-8 juice:w-8\">\n<div class=\"relative p-1 rounded-sm flex items-center justify-center bg-token-main-surface-primary text-token-text-primary h-8 w-8\">\n<h3>Aparador con 1 puerta 61 cm<\/h3>\n<p>EL <strong>Aparador con 1 puerta<\/strong> Es el complemento perfecto para a\u00f1adir estilo y practicidad a tu sala, comedor o recibidor. Con un dise\u00f1o moderno y compacto, ofrece espacio para organizar y exhibir objetos decorativos, botellas, vasos o libros. Disponible en la elegante combinaci\u00f3n de... <strong>Miel y grafito de Dakar<\/strong>, se adapta a diferentes estilos de decoraci\u00f3n, aportando un toque sofisticado al ambiente.<\/p>\n<p><strong>Diferenciadores del producto:<\/strong><\/p>\n<ul>\n<li>Producido en <strong>100% MDP 15 mm<\/strong>, garantizando resistencia y durabilidad<\/li>\n<li><strong>Patas de madera maciza<\/strong>, que ofrecen mayor estabilidad y un aspecto contempor\u00e1neo.<\/li>\n<li><strong>Bisagras de cierre suave<\/strong>, proporcionando un cierre suave y silencioso<\/li>\n<li><strong>Guardia superior<\/strong>, garantizando seguridad y practicidad en el uso diario.<\/li>\n<\/ul>\n<p><strong>Especificaciones t\u00e9cnicas:<\/strong><\/p>\n<ul>\n<li><strong>Altura:<\/strong> 77 cent\u00edmetros<\/li>\n<li><strong>Ancho:<\/strong> 61 cent\u00edmetros<\/li>\n<li><strong>Profundidad:<\/strong> 36 cent\u00edmetros<\/li>\n<li><strong>Espesor del material:<\/strong> 15 mil\u00edmetros<\/li>\n<li><strong>Capacidad c\u00fabica:<\/strong> 0,024 m\u00b3<\/li>\n<li><strong>Peso:<\/strong> 12 kilos<\/li>\n<li><strong>Vol\u00famenes:<\/strong> 1<\/li>\n<\/ul>\n<p>EL <strong>Aparador con 1 puerta<\/strong> Es ideal para quienes buscan un mueble vers\u00e1til que sirva tanto para decorar como para organizar utensilios. Su dise\u00f1o elegante y funcional lo convierte en una pieza esencial en cualquier espacio.<\/p>\n<p>Descubre todos los modelos: <a href=\"https:\/\/unibellemoveis.com.br\/es\/categoria-producto\/habitacion\/\">https:\/\/unibellemoveis.com.br\/categoria-produto\/sala\/<\/a><\/p>\n<\/div>\n<\/div>\n<\/div>\n<\/div>","protected":false},"excerpt":{"rendered":"<p>EL <strong>Aparador con 1 puerta<\/strong> Es el complemento perfecto para a\u00f1adir estilo y practicidad a tu sala, comedor o recibidor. Con un dise\u00f1o moderno y compacto, ofrece espacio para organizar y exhibir objetos decorativos, botellas, vasos o libros. Disponible en la elegante combinaci\u00f3n de... <strong>Miel y grafito de Dakar<\/strong>, se adapta a diferentes estilos de decoraci\u00f3n, aportando un toque sofisticado al ambiente.<\/p>","protected":false},"featured_media":2520,"comment_status":"open","ping_status":"closed","template":"","meta":{"_joinchat":[]},"product_brand":[],"product_cat":[30],"product_tag":[],"class_list":{"0":"post-2195","1":"product","2":"type-product","3":"status-publish","4":"has-post-thumbnail","6":"product_cat-sala","8":"first","9":"instock","10":"featured","11":"shipping-taxable","12":"purchasable","13":"product-type-simple"},"yoast_head":"<!-- This site is optimized with the Yoast SEO plugin v26.0 - https:\/\/yoast.com\/wordpress\/plugins\/seo\/ -->\n<title>Aparador com 1 Porta 61 cm\u00a0 - Unibelle M\u00f3veis<\/title>\n<meta name=\"description\" content=\"Aparador com 1 Porta 61 cm\u00a0 Descubra o aparador perfeito para complementar a decora\u00e7\u00e3o do seu ambiente. Com design moderno e vers\u00e1til.\" \/>\n<meta name=\"robots\" content=\"index, follow, max-snippet:-1, max-image-preview:large, max-video-preview:-1\" \/>\n<link rel=\"canonical\" href=\"https:\/\/unibellemoveis.com.br\/es\/producto\/aparador-con-1-puerta-61-cm\/\" \/>\n<meta property=\"og:locale\" content=\"es_ES\" \/>\n<meta property=\"og:type\" content=\"article\" \/>\n<meta property=\"og:title\" content=\"Aparador com 1 Porta 61 cm\u00a0 - Unibelle M\u00f3veis\" \/>\n<meta property=\"og:description\" content=\"Aparador com 1 Porta 61 cm\u00a0 Descubra o aparador perfeito para complementar a decora\u00e7\u00e3o do seu ambiente. Com design moderno e vers\u00e1til.\" \/>\n<meta property=\"og:url\" content=\"https:\/\/unibellemoveis.com.br\/es\/producto\/aparador-con-1-puerta-61-cm\/\" \/>\n<meta property=\"og:site_name\" content=\"Unibelle M\u00f3veis\" \/>\n<meta property=\"article:modified_time\" content=\"2024-09-18T18:11:49+00:00\" \/>\n<meta property=\"og:image\" content=\"https:\/\/unibellemoveis.com.br\/wp-content\/uploads\/2024\/06\/2061.1.1-1.webp\" \/>\n\t<meta property=\"og:image:width\" content=\"1000\" \/>\n\t<meta property=\"og:image:height\" content=\"1000\" \/>\n\t<meta property=\"og:image:type\" content=\"image\/webp\" \/>\n<meta name=\"twitter:card\" content=\"summary_large_image\" \/>\n<meta name=\"twitter:label1\" content=\"Tiempo de lectura\" \/>\n\t<meta name=\"twitter:data1\" content=\"2 minutos\" \/>\n<script type=\"application\/ld+json\" class=\"yoast-schema-graph\">{\"@context\":\"https:\/\/schema.org\",\"@graph\":[{\"@type\":\"WebPage\",\"@id\":\"https:\/\/unibellemoveis.com.br\/produto\/aparador-com-1-porta-61-cm\/\",\"url\":\"https:\/\/unibellemoveis.com.br\/produto\/aparador-com-1-porta-61-cm\/\",\"name\":\"Aparador com 1 Porta 61 cm\u00a0 - Unibelle M\u00f3veis\",\"isPartOf\":{\"@id\":\"https:\/\/unibellemoveis.com.br\/#website\"},\"primaryImageOfPage\":{\"@id\":\"https:\/\/unibellemoveis.com.br\/produto\/aparador-com-1-porta-61-cm\/#primaryimage\"},\"image\":{\"@id\":\"https:\/\/unibellemoveis.com.br\/produto\/aparador-com-1-porta-61-cm\/#primaryimage\"},\"thumbnailUrl\":\"https:\/\/unibellemoveis.com.br\/wp-content\/uploads\/2024\/06\/2061.1.1-1.webp\",\"datePublished\":\"2024-06-25T01:20:57+00:00\",\"dateModified\":\"2024-09-18T18:11:49+00:00\",\"description\":\"Aparador com 1 Porta 61 cm\u00a0 Descubra o aparador perfeito para complementar a decora\u00e7\u00e3o do seu ambiente. Com design moderno e vers\u00e1til.\",\"breadcrumb\":{\"@id\":\"https:\/\/unibellemoveis.com.br\/produto\/aparador-com-1-porta-61-cm\/#breadcrumb\"},\"inLanguage\":\"es\",\"potentialAction\":[{\"@type\":\"ReadAction\",\"target\":[\"https:\/\/unibellemoveis.com.br\/produto\/aparador-com-1-porta-61-cm\/\"]}]},{\"@type\":\"ImageObject\",\"inLanguage\":\"es\",\"@id\":\"https:\/\/unibellemoveis.com.br\/produto\/aparador-com-1-porta-61-cm\/#primaryimage\",\"url\":\"https:\/\/unibellemoveis.com.br\/wp-content\/uploads\/2024\/06\/2061.1.1-1.webp\",\"contentUrl\":\"https:\/\/unibellemoveis.com.br\/wp-content\/uploads\/2024\/06\/2061.1.1-1.webp\",\"width\":1000,\"height\":1000,\"caption\":\"2061 - Aparador 1 Porta - FI 01 - Dakar-Grafite\"},{\"@type\":\"BreadcrumbList\",\"@id\":\"https:\/\/unibellemoveis.com.br\/produto\/aparador-com-1-porta-61-cm\/#breadcrumb\",\"itemListElement\":[{\"@type\":\"ListItem\",\"position\":1,\"name\":\"In\u00edcio\",\"item\":\"https:\/\/unibellemoveis.com.br\/\"},{\"@type\":\"ListItem\",\"position\":2,\"name\":\"Produtos\",\"item\":\"https:\/\/unibellemoveis.com.br\/produtos\/\"},{\"@type\":\"ListItem\",\"position\":3,\"name\":\"Aparador com 1 Porta 61 cm\u00a0\"}]},{\"@type\":\"WebSite\",\"@id\":\"https:\/\/unibellemoveis.com.br\/#website\",\"url\":\"https:\/\/unibellemoveis.com.br\/\",\"name\":\"Unibelle M\u00f3veis\",\"description\":\"Unibelle M\u00f3veis\",\"publisher\":{\"@id\":\"https:\/\/unibellemoveis.com.br\/#organization\"},\"potentialAction\":[{\"@type\":\"SearchAction\",\"target\":{\"@type\":\"EntryPoint\",\"urlTemplate\":\"https:\/\/unibellemoveis.com.br\/?s={search_term_string}\"},\"query-input\":{\"@type\":\"PropertyValueSpecification\",\"valueRequired\":true,\"valueName\":\"search_term_string\"}}],\"inLanguage\":\"es\"},{\"@type\":\"Organization\",\"@id\":\"https:\/\/unibellemoveis.com.br\/#organization\",\"name\":\"Unibele M\u00f3veis\",\"alternateName\":\"Unibele M\u00f3veis\",\"url\":\"https:\/\/unibellemoveis.com.br\/\",\"logo\":{\"@type\":\"ImageObject\",\"inLanguage\":\"es\",\"@id\":\"https:\/\/unibellemoveis.com.br\/#\/schema\/logo\/image\/\",\"url\":\"https:\/\/unibellemoveis.com.br\/wp-content\/uploads\/2024\/04\/Logo-02.webp\",\"contentUrl\":\"https:\/\/unibellemoveis.com.br\/wp-content\/uploads\/2024\/04\/Logo-02.webp\",\"width\":2363,\"height\":754,\"caption\":\"Unibele M\u00f3veis\"},\"image\":{\"@id\":\"https:\/\/unibellemoveis.com.br\/#\/schema\/logo\/image\/\"}}]}<\/script>\n<!-- \/ Yoast SEO plugin. -->","yoast_head_json":{"title":"Aparador con 1 puerta 61 cm - Unibelle M\u00f3veis","description":"Aparador de 61 cm con una puerta. Descubre el aparador perfecto para complementar tu decoraci\u00f3n. Con un dise\u00f1o moderno y vers\u00e1til.","robots":{"index":"index","follow":"follow","max-snippet":"max-snippet:-1","max-image-preview":"max-image-preview:large","max-video-preview":"max-video-preview:-1"},"canonical":"https:\/\/unibellemoveis.com.br\/es\/producto\/aparador-con-1-puerta-61-cm\/","og_locale":"es_ES","og_type":"article","og_title":"Aparador com 1 Porta 61 cm\u00a0 - Unibelle M\u00f3veis","og_description":"Aparador com 1 Porta 61 cm\u00a0 Descubra o aparador perfeito para complementar a decora\u00e7\u00e3o do seu ambiente. Com design moderno e vers\u00e1til.","og_url":"https:\/\/unibellemoveis.com.br\/es\/producto\/aparador-con-1-puerta-61-cm\/","og_site_name":"Unibelle M\u00f3veis","article_modified_time":"2024-09-18T18:11:49+00:00","og_image":[{"width":1000,"height":1000,"url":"https:\/\/unibellemoveis.com.br\/wp-content\/uploads\/2024\/06\/2061.1.1-1.webp","type":"image\/webp"}],"twitter_card":"summary_large_image","twitter_misc":{"Tiempo de lectura":"2 minutos"},"schema":{"@context":"https:\/\/schema.org","@graph":[{"@type":"WebPage","@id":"https:\/\/unibellemoveis.com.br\/produto\/aparador-com-1-porta-61-cm\/","url":"https:\/\/unibellemoveis.com.br\/produto\/aparador-com-1-porta-61-cm\/","name":"Aparador con 1 puerta 61 cm - Unibelle M\u00f3veis","isPartOf":{"@id":"https:\/\/unibellemoveis.com.br\/#website"},"primaryImageOfPage":{"@id":"https:\/\/unibellemoveis.com.br\/produto\/aparador-com-1-porta-61-cm\/#primaryimage"},"image":{"@id":"https:\/\/unibellemoveis.com.br\/produto\/aparador-com-1-porta-61-cm\/#primaryimage"},"thumbnailUrl":"https:\/\/unibellemoveis.com.br\/wp-content\/uploads\/2024\/06\/2061.1.1-1.webp","datePublished":"2024-06-25T01:20:57+00:00","dateModified":"2024-09-18T18:11:49+00:00","description":"Aparador de 61 cm con una puerta. Descubre el aparador perfecto para complementar tu decoraci\u00f3n. Con un dise\u00f1o moderno y vers\u00e1til.","breadcrumb":{"@id":"https:\/\/unibellemoveis.com.br\/produto\/aparador-com-1-porta-61-cm\/#breadcrumb"},"inLanguage":"es","potentialAction":[{"@type":"ReadAction","target":["https:\/\/unibellemoveis.com.br\/produto\/aparador-com-1-porta-61-cm\/"]}]},{"@type":"ImageObject","inLanguage":"es","@id":"https:\/\/unibellemoveis.com.br\/produto\/aparador-com-1-porta-61-cm\/#primaryimage","url":"https:\/\/unibellemoveis.com.br\/wp-content\/uploads\/2024\/06\/2061.1.1-1.webp","contentUrl":"https:\/\/unibellemoveis.com.br\/wp-content\/uploads\/2024\/06\/2061.1.1-1.webp","width":1000,"height":1000,"caption":"2061 - Aparador 1 Porta - FI 01 - Dakar-Grafite"},{"@type":"BreadcrumbList","@id":"https:\/\/unibellemoveis.com.br\/produto\/aparador-com-1-porta-61-cm\/#breadcrumb","itemListElement":[{"@type":"ListItem","position":1,"name":"In\u00edcio","item":"https:\/\/unibellemoveis.com.br\/"},{"@type":"ListItem","position":2,"name":"Produtos","item":"https:\/\/unibellemoveis.com.br\/produtos\/"},{"@type":"ListItem","position":3,"name":"Aparador com 1 Porta 61 cm\u00a0"}]},{"@type":"WebSite","@id":"https:\/\/unibellemoveis.com.br\/#website","url":"https:\/\/unibellemoveis.com.br\/","name":"Muebles Unibelle","description":"Muebles Unibelle","publisher":{"@id":"https:\/\/unibellemoveis.com.br\/#organization"},"potentialAction":[{"@type":"SearchAction","target":{"@type":"EntryPoint","urlTemplate":"https:\/\/unibellemoveis.com.br\/?s={search_term_string}"},"query-input":{"@type":"PropertyValueSpecification","valueRequired":true,"valueName":"search_term_string"}}],"inLanguage":"es"},{"@type":"Organization","@id":"https:\/\/unibellemoveis.com.br\/#organization","name":"Unibele M\u00f3veis","alternateName":"Unibele M\u00f3veis","url":"https:\/\/unibellemoveis.com.br\/","logo":{"@type":"ImageObject","inLanguage":"es","@id":"https:\/\/unibellemoveis.com.br\/#\/schema\/logo\/image\/","url":"https:\/\/unibellemoveis.com.br\/wp-content\/uploads\/2024\/04\/Logo-02.webp","contentUrl":"https:\/\/unibellemoveis.com.br\/wp-content\/uploads\/2024\/04\/Logo-02.webp","width":2363,"height":754,"caption":"Unibele M\u00f3veis"},"image":{"@id":"https:\/\/unibellemoveis.com.br\/#\/schema\/logo\/image\/"}}]}},"_links":{"self":[{"href":"https:\/\/unibellemoveis.com.br\/es\/wp-json\/wp\/v2\/product\/2195","targetHints":{"allow":["GET"]}}],"collection":[{"href":"https:\/\/unibellemoveis.com.br\/es\/wp-json\/wp\/v2\/product"}],"about":[{"href":"https:\/\/unibellemoveis.com.br\/es\/wp-json\/wp\/v2\/types\/product"}],"replies":[{"embeddable":true,"href":"https:\/\/unibellemoveis.com.br\/es\/wp-json\/wp\/v2\/comments?post=2195"}],"version-history":[{"count":4,"href":"https:\/\/unibellemoveis.com.br\/es\/wp-json\/wp\/v2\/product\/2195\/revisions"}],"predecessor-version":[{"id":2521,"href":"https:\/\/unibellemoveis.com.br\/es\/wp-json\/wp\/v2\/product\/2195\/revisions\/2521"}],"wp:featuredmedia":[{"embeddable":true,"href":"https:\/\/unibellemoveis.com.br\/es\/wp-json\/wp\/v2\/media\/2520"}],"wp:attachment":[{"href":"https:\/\/unibellemoveis.com.br\/es\/wp-json\/wp\/v2\/media?parent=2195"}],"wp:term":[{"taxonomy":"product_brand","embeddable":true,"href":"https:\/\/unibellemoveis.com.br\/es\/wp-json\/wp\/v2\/product_brand?post=2195"},{"taxonomy":"product_cat","embeddable":true,"href":"https:\/\/unibellemoveis.com.br\/es\/wp-json\/wp\/v2\/product_cat?post=2195"},{"taxonomy":"product_tag","embeddable":true,"href":"https:\/\/unibellemoveis.com.br\/es\/wp-json\/wp\/v2\/product_tag?post=2195"}],"curies":[{"name":"wp","href":"https:\/\/api.w.org\/{rel}","templated":true}]}}