{"id":2260,"date":"2024-06-25T14:39:47","date_gmt":"2024-06-25T17:39:47","guid":{"rendered":"https:\/\/unibellemoveis.com.br\/?post_type=product&#038;p=2260"},"modified":"2024-09-18T14:00:58","modified_gmt":"2024-09-18T17:00:58","slug":"escritorio-con-1-cajon-y-nicho-91-cm","status":"publish","type":"product","link":"https:\/\/unibellemoveis.com.br\/es\/producto\/escritorio-con-1-cajon-y-nicho-91-cm\/","title":{"rendered":"Mesa de escritorio con 1 caj\u00f3n y nicho \u2013 91 cm"},"content":{"rendered":"<div class=\"flex-shrink-0 flex flex-col relative items-end\">\n<div class=\"pt-0.5 juice:pt-0\">\n<div class=\"gizmo-bot-avatar flex h-6 w-6 items-center justify-center overflow-hidden rounded-full juice:h-8 juice:w-8\">\n<div class=\"relative p-1 rounded-sm flex items-center justify-center bg-token-main-surface-primary text-token-text-primary h-8 w-8\">\n<div class=\"flex-shrink-0 flex flex-col relative items-end\">\n<div class=\"pt-0.5 juice:pt-0\">\n<div class=\"gizmo-bot-avatar flex h-6 w-6 items-center justify-center overflow-hidden rounded-full juice:h-8 juice:w-8\">\n<div class=\"relative p-1 rounded-sm flex items-center justify-center bg-token-main-surface-primary text-token-text-primary h-8 w-8\">\n<div class=\"flex flex-grow flex-col max-w-full\">\n<div class=\"min-h-[20px] text-message flex flex-col items-start whitespace-pre-wrap break-words [.text-message+&amp;]:mt-5 juice:w-full juice:items-end overflow-x-auto gap-2\" dir=\"auto\" data-message-author-role=\"assistant\" data-message-id=\"b98dcf4b-0a42-4092-88ff-0e6c252004f4\">\n<div class=\"flex w-full flex-col gap-1 juice:empty:hidden juice:first:pt-[3px]\">\n<div class=\"markdown prose w-full break-words dark:prose-invert light\">\n<h3>Mesa de escritorio con 1 caj\u00f3n y nicho \u2013 91 cm<\/h3>\n<div class=\"group\/conversation-turn relative flex w-full min-w-0 flex-col agent-turn\">\n<div class=\"flex-col gap-1 md:gap-3\">\n<div class=\"flex max-w-full flex-col flex-grow\">\n<div class=\"min-h-[20px] text-message flex w-full flex-col items-end gap-2 whitespace-normal break-words [.text-message+&amp;]:mt-5\" dir=\"auto\" data-message-author-role=\"assistant\" data-message-id=\"9a1eff1a-390c-4e79-9d64-64170374b27f\">\n<div class=\"flex w-full flex-col gap-1 empty:hidden first:pt-[3px]\">\n<div class=\"markdown prose w-full break-words dark:prose-invert light\">\n<p>EL <strong>Escritorio con 1 caj\u00f3n y nicho<\/strong> Es perfecto para quienes buscan un espacio de trabajo compacto y funcional. Con un dise\u00f1o moderno y minimalista, ofrece la combinaci\u00f3n perfecta de practicidad y estilo, lo que lo convierte en una excelente opci\u00f3n para oficinas en casa, estaciones de trabajo o salas de estudio.<\/p>\n<p><strong>Diferenciadores del producto:<\/strong><\/p>\n<ul>\n<li>Producido en <strong>100% MDP 15 mm<\/strong>, garantizando resistencia y durabilidad<\/li>\n<li><strong>Manijas cromadas<\/strong> que aportan un toque de sofisticaci\u00f3n<\/li>\n<li><strong>Deslizador de metal<\/strong> en el caj\u00f3n, ofreciendo un deslizamiento suave.<\/li>\n<li><strong>1 caj\u00f3n<\/strong> espacioso y <strong>nicho<\/strong> Abierto, ideal para guardar libros, cuadernos y otros art\u00edculos de uso diario.<\/li>\n<li>Acabado de color <strong>Blanco<\/strong>que se adapta a cualquier estilo de decoraci\u00f3n<\/li>\n<\/ul>\n<p><strong>Especificaciones t\u00e9cnicas:<\/strong><\/p>\n<ul>\n<li><strong>Altura:<\/strong> 75 cent\u00edmetros<\/li>\n<li><strong>Ancho:<\/strong> 91 cm<\/li>\n<li><strong>Profundidad:<\/strong> 47 cent\u00edmetros<\/li>\n<li><strong>Espesor del material:<\/strong> 15 mil\u00edmetros<\/li>\n<li><strong>Capacidad c\u00fabica:<\/strong> 0,028 m\u00b3<\/li>\n<li><strong>Peso:<\/strong> 15 kilos<\/li>\n<li><strong>Vol\u00famenes:<\/strong> 1<\/li>\n<\/ul>\n<p>Ideal para espacios peque\u00f1os, <strong>Escritorio con 1 caj\u00f3n<\/strong> Es una soluci\u00f3n pr\u00e1ctica y funcional para quienes necesitan un espacio de trabajo o estudio dedicado. Su dise\u00f1o limpio y elegante le permite integrarse perfectamente en diferentes tipos de ambientes, brindando organizaci\u00f3n y comodidad.<\/p>\n<p>Descubre todos los modelos: <a href=\"https:\/\/unibellemoveis.com.br\/es\/categoria-producto\/escritorio\/\">https:\/\/unibellemoveis.com.br\/categoria-produto\/escritorio\/<\/a><\/p>\n<\/div>\n<\/div>\n<\/div>\n<\/div>\n<\/div>\n<\/div>\n<\/div>\n<\/div>\n<\/div>\n<\/div>\n<\/div>\n<\/div>\n<\/div>\n<\/div>\n<\/div>\n<\/div>\n<\/div>\n<\/div>","protected":false},"excerpt":{"rendered":"<p>EL <strong>Escritorio con 1 caj\u00f3n y nicho<\/strong> Es perfecto para quienes buscan un espacio de trabajo compacto y funcional. Con un dise\u00f1o moderno y minimalista, ofrece la combinaci\u00f3n perfecta de practicidad y estilo, lo que lo convierte en una excelente opci\u00f3n para oficinas en casa, estaciones de trabajo o salas de estudio.<\/p>","protected":false},"featured_media":2263,"comment_status":"open","ping_status":"closed","template":"","meta":{"_joinchat":[]},"product_brand":[],"product_cat":[23],"product_tag":[],"class_list":{"0":"post-2260","1":"product","2":"type-product","3":"status-publish","4":"has-post-thumbnail","6":"product_cat-escritorio","8":"first","9":"instock","10":"shipping-taxable","11":"product-type-simple"},"yoast_head":"<!-- This site is optimized with the Yoast SEO plugin v26.0 - https:\/\/yoast.com\/wordpress\/plugins\/seo\/ -->\n<title>Mesa Escrivaninha com 1 Gaveta e Nicho - 91 cm - Unibelle M\u00f3veis<\/title>\n<meta name=\"description\" content=\"Mesa Escrivaninha com 1 Gaveta e Nicho - 91 cm \u00e9 a solu\u00e7\u00e3o para quem busca aliar eleg\u00e2ncia e funcionalidade, oferecendo uma maneira pr\u00e1tica e sofisticada.\" \/>\n<meta name=\"robots\" content=\"index, follow, max-snippet:-1, max-image-preview:large, max-video-preview:-1\" \/>\n<link rel=\"canonical\" href=\"https:\/\/unibellemoveis.com.br\/es\/producto\/escritorio-con-1-cajon-y-nicho-91-cm\/\" \/>\n<meta property=\"og:locale\" content=\"es_ES\" \/>\n<meta property=\"og:type\" content=\"article\" \/>\n<meta property=\"og:title\" content=\"Mesa Escrivaninha com 1 Gaveta e Nicho - 91 cm - Unibelle M\u00f3veis\" \/>\n<meta property=\"og:description\" content=\"Mesa Escrivaninha com 1 Gaveta e Nicho - 91 cm \u00e9 a solu\u00e7\u00e3o para quem busca aliar eleg\u00e2ncia e funcionalidade, oferecendo uma maneira pr\u00e1tica e sofisticada.\" \/>\n<meta property=\"og:url\" content=\"https:\/\/unibellemoveis.com.br\/es\/producto\/escritorio-con-1-cajon-y-nicho-91-cm\/\" \/>\n<meta property=\"og:site_name\" content=\"Unibelle M\u00f3veis\" \/>\n<meta property=\"article:modified_time\" content=\"2024-09-18T17:00:58+00:00\" \/>\n<meta property=\"og:image\" content=\"https:\/\/unibellemoveis.com.br\/wp-content\/uploads\/2024\/06\/ESC910-Escrivaninha-1G-com-Nicho-CE-Branco-e1719337373254.webp\" \/>\n\t<meta property=\"og:image:width\" content=\"1200\" \/>\n\t<meta property=\"og:image:height\" content=\"1200\" \/>\n\t<meta property=\"og:image:type\" content=\"image\/webp\" \/>\n<meta name=\"twitter:card\" content=\"summary_large_image\" \/>\n<meta name=\"twitter:label1\" content=\"Tiempo de lectura\" \/>\n\t<meta name=\"twitter:data1\" content=\"2 minutos\" \/>\n<script type=\"application\/ld+json\" class=\"yoast-schema-graph\">{\"@context\":\"https:\/\/schema.org\",\"@graph\":[{\"@type\":\"WebPage\",\"@id\":\"https:\/\/unibellemoveis.com.br\/produto\/mesa-escrivaninha-com-1-gaveta-e-nicho-91-cm\/\",\"url\":\"https:\/\/unibellemoveis.com.br\/produto\/mesa-escrivaninha-com-1-gaveta-e-nicho-91-cm\/\",\"name\":\"Mesa Escrivaninha com 1 Gaveta e Nicho - 91 cm - Unibelle M\u00f3veis\",\"isPartOf\":{\"@id\":\"https:\/\/unibellemoveis.com.br\/#website\"},\"primaryImageOfPage\":{\"@id\":\"https:\/\/unibellemoveis.com.br\/produto\/mesa-escrivaninha-com-1-gaveta-e-nicho-91-cm\/#primaryimage\"},\"image\":{\"@id\":\"https:\/\/unibellemoveis.com.br\/produto\/mesa-escrivaninha-com-1-gaveta-e-nicho-91-cm\/#primaryimage\"},\"thumbnailUrl\":\"https:\/\/unibellemoveis.com.br\/wp-content\/uploads\/2024\/06\/ESC910-Escrivaninha-1G-com-Nicho-CE-Branco-e1719337373254.webp\",\"datePublished\":\"2024-06-25T17:39:47+00:00\",\"dateModified\":\"2024-09-18T17:00:58+00:00\",\"description\":\"Mesa Escrivaninha com 1 Gaveta e Nicho - 91 cm \u00e9 a solu\u00e7\u00e3o para quem busca aliar eleg\u00e2ncia e funcionalidade, oferecendo uma maneira pr\u00e1tica e sofisticada.\",\"breadcrumb\":{\"@id\":\"https:\/\/unibellemoveis.com.br\/produto\/mesa-escrivaninha-com-1-gaveta-e-nicho-91-cm\/#breadcrumb\"},\"inLanguage\":\"es\",\"potentialAction\":[{\"@type\":\"ReadAction\",\"target\":[\"https:\/\/unibellemoveis.com.br\/produto\/mesa-escrivaninha-com-1-gaveta-e-nicho-91-cm\/\"]}]},{\"@type\":\"ImageObject\",\"inLanguage\":\"es\",\"@id\":\"https:\/\/unibellemoveis.com.br\/produto\/mesa-escrivaninha-com-1-gaveta-e-nicho-91-cm\/#primaryimage\",\"url\":\"https:\/\/unibellemoveis.com.br\/wp-content\/uploads\/2024\/06\/ESC910-Escrivaninha-1G-com-Nicho-CE-Branco-e1719337373254.webp\",\"contentUrl\":\"https:\/\/unibellemoveis.com.br\/wp-content\/uploads\/2024\/06\/ESC910-Escrivaninha-1G-com-Nicho-CE-Branco-e1719337373254.webp\",\"width\":1200,\"height\":1200},{\"@type\":\"BreadcrumbList\",\"@id\":\"https:\/\/unibellemoveis.com.br\/produto\/mesa-escrivaninha-com-1-gaveta-e-nicho-91-cm\/#breadcrumb\",\"itemListElement\":[{\"@type\":\"ListItem\",\"position\":1,\"name\":\"In\u00edcio\",\"item\":\"https:\/\/unibellemoveis.com.br\/\"},{\"@type\":\"ListItem\",\"position\":2,\"name\":\"Produtos\",\"item\":\"https:\/\/unibellemoveis.com.br\/produtos\/\"},{\"@type\":\"ListItem\",\"position\":3,\"name\":\"Mesa Escrivaninha com 1 Gaveta e Nicho &#8211; 91 cm\"}]},{\"@type\":\"WebSite\",\"@id\":\"https:\/\/unibellemoveis.com.br\/#website\",\"url\":\"https:\/\/unibellemoveis.com.br\/\",\"name\":\"Unibelle M\u00f3veis\",\"description\":\"Unibelle M\u00f3veis\",\"publisher\":{\"@id\":\"https:\/\/unibellemoveis.com.br\/#organization\"},\"potentialAction\":[{\"@type\":\"SearchAction\",\"target\":{\"@type\":\"EntryPoint\",\"urlTemplate\":\"https:\/\/unibellemoveis.com.br\/?s={search_term_string}\"},\"query-input\":{\"@type\":\"PropertyValueSpecification\",\"valueRequired\":true,\"valueName\":\"search_term_string\"}}],\"inLanguage\":\"es\"},{\"@type\":\"Organization\",\"@id\":\"https:\/\/unibellemoveis.com.br\/#organization\",\"name\":\"Unibele M\u00f3veis\",\"alternateName\":\"Unibele M\u00f3veis\",\"url\":\"https:\/\/unibellemoveis.com.br\/\",\"logo\":{\"@type\":\"ImageObject\",\"inLanguage\":\"es\",\"@id\":\"https:\/\/unibellemoveis.com.br\/#\/schema\/logo\/image\/\",\"url\":\"https:\/\/unibellemoveis.com.br\/wp-content\/uploads\/2024\/04\/Logo-02.webp\",\"contentUrl\":\"https:\/\/unibellemoveis.com.br\/wp-content\/uploads\/2024\/04\/Logo-02.webp\",\"width\":2363,\"height\":754,\"caption\":\"Unibele M\u00f3veis\"},\"image\":{\"@id\":\"https:\/\/unibellemoveis.com.br\/#\/schema\/logo\/image\/\"}}]}<\/script>\n<!-- \/ Yoast SEO plugin. -->","yoast_head_json":{"title":"Escritorio con 1 caj\u00f3n y nicho - 91 cm - Unibelle Furniture","description":"El escritorio con 1 caj\u00f3n y nicho de 91 cm es la soluci\u00f3n para quienes buscan combinar elegancia y funcionalidad, ofreciendo una forma pr\u00e1ctica y sofisticada de guardar objetos.","robots":{"index":"index","follow":"follow","max-snippet":"max-snippet:-1","max-image-preview":"max-image-preview:large","max-video-preview":"max-video-preview:-1"},"canonical":"https:\/\/unibellemoveis.com.br\/es\/producto\/escritorio-con-1-cajon-y-nicho-91-cm\/","og_locale":"es_ES","og_type":"article","og_title":"Mesa Escrivaninha com 1 Gaveta e Nicho - 91 cm - Unibelle M\u00f3veis","og_description":"Mesa Escrivaninha com 1 Gaveta e Nicho - 91 cm \u00e9 a solu\u00e7\u00e3o para quem busca aliar eleg\u00e2ncia e funcionalidade, oferecendo uma maneira pr\u00e1tica e sofisticada.","og_url":"https:\/\/unibellemoveis.com.br\/es\/producto\/escritorio-con-1-cajon-y-nicho-91-cm\/","og_site_name":"Unibelle M\u00f3veis","article_modified_time":"2024-09-18T17:00:58+00:00","og_image":[{"width":1200,"height":1200,"url":"https:\/\/unibellemoveis.com.br\/wp-content\/uploads\/2024\/06\/ESC910-Escrivaninha-1G-com-Nicho-CE-Branco-e1719337373254.webp","type":"image\/webp"}],"twitter_card":"summary_large_image","twitter_misc":{"Tiempo de lectura":"2 minutos"},"schema":{"@context":"https:\/\/schema.org","@graph":[{"@type":"WebPage","@id":"https:\/\/unibellemoveis.com.br\/produto\/mesa-escrivaninha-com-1-gaveta-e-nicho-91-cm\/","url":"https:\/\/unibellemoveis.com.br\/produto\/mesa-escrivaninha-com-1-gaveta-e-nicho-91-cm\/","name":"Escritorio con 1 caj\u00f3n y nicho - 91 cm - Unibelle Furniture","isPartOf":{"@id":"https:\/\/unibellemoveis.com.br\/#website"},"primaryImageOfPage":{"@id":"https:\/\/unibellemoveis.com.br\/produto\/mesa-escrivaninha-com-1-gaveta-e-nicho-91-cm\/#primaryimage"},"image":{"@id":"https:\/\/unibellemoveis.com.br\/produto\/mesa-escrivaninha-com-1-gaveta-e-nicho-91-cm\/#primaryimage"},"thumbnailUrl":"https:\/\/unibellemoveis.com.br\/wp-content\/uploads\/2024\/06\/ESC910-Escrivaninha-1G-com-Nicho-CE-Branco-e1719337373254.webp","datePublished":"2024-06-25T17:39:47+00:00","dateModified":"2024-09-18T17:00:58+00:00","description":"El escritorio con 1 caj\u00f3n y nicho de 91 cm es la soluci\u00f3n para quienes buscan combinar elegancia y funcionalidad, ofreciendo una forma pr\u00e1ctica y sofisticada de guardar objetos.","breadcrumb":{"@id":"https:\/\/unibellemoveis.com.br\/produto\/mesa-escrivaninha-com-1-gaveta-e-nicho-91-cm\/#breadcrumb"},"inLanguage":"es","potentialAction":[{"@type":"ReadAction","target":["https:\/\/unibellemoveis.com.br\/produto\/mesa-escrivaninha-com-1-gaveta-e-nicho-91-cm\/"]}]},{"@type":"ImageObject","inLanguage":"es","@id":"https:\/\/unibellemoveis.com.br\/produto\/mesa-escrivaninha-com-1-gaveta-e-nicho-91-cm\/#primaryimage","url":"https:\/\/unibellemoveis.com.br\/wp-content\/uploads\/2024\/06\/ESC910-Escrivaninha-1G-com-Nicho-CE-Branco-e1719337373254.webp","contentUrl":"https:\/\/unibellemoveis.com.br\/wp-content\/uploads\/2024\/06\/ESC910-Escrivaninha-1G-com-Nicho-CE-Branco-e1719337373254.webp","width":1200,"height":1200},{"@type":"BreadcrumbList","@id":"https:\/\/unibellemoveis.com.br\/produto\/mesa-escrivaninha-com-1-gaveta-e-nicho-91-cm\/#breadcrumb","itemListElement":[{"@type":"ListItem","position":1,"name":"In\u00edcio","item":"https:\/\/unibellemoveis.com.br\/"},{"@type":"ListItem","position":2,"name":"Produtos","item":"https:\/\/unibellemoveis.com.br\/produtos\/"},{"@type":"ListItem","position":3,"name":"Mesa Escrivaninha com 1 Gaveta e Nicho &#8211; 91 cm"}]},{"@type":"WebSite","@id":"https:\/\/unibellemoveis.com.br\/#website","url":"https:\/\/unibellemoveis.com.br\/","name":"Muebles Unibelle","description":"Muebles Unibelle","publisher":{"@id":"https:\/\/unibellemoveis.com.br\/#organization"},"potentialAction":[{"@type":"SearchAction","target":{"@type":"EntryPoint","urlTemplate":"https:\/\/unibellemoveis.com.br\/?s={search_term_string}"},"query-input":{"@type":"PropertyValueSpecification","valueRequired":true,"valueName":"search_term_string"}}],"inLanguage":"es"},{"@type":"Organization","@id":"https:\/\/unibellemoveis.com.br\/#organization","name":"Unibele M\u00f3veis","alternateName":"Unibele M\u00f3veis","url":"https:\/\/unibellemoveis.com.br\/","logo":{"@type":"ImageObject","inLanguage":"es","@id":"https:\/\/unibellemoveis.com.br\/#\/schema\/logo\/image\/","url":"https:\/\/unibellemoveis.com.br\/wp-content\/uploads\/2024\/04\/Logo-02.webp","contentUrl":"https:\/\/unibellemoveis.com.br\/wp-content\/uploads\/2024\/04\/Logo-02.webp","width":2363,"height":754,"caption":"Unibele M\u00f3veis"},"image":{"@id":"https:\/\/unibellemoveis.com.br\/#\/schema\/logo\/image\/"}}]}},"_links":{"self":[{"href":"https:\/\/unibellemoveis.com.br\/es\/wp-json\/wp\/v2\/product\/2260","targetHints":{"allow":["GET"]}}],"collection":[{"href":"https:\/\/unibellemoveis.com.br\/es\/wp-json\/wp\/v2\/product"}],"about":[{"href":"https:\/\/unibellemoveis.com.br\/es\/wp-json\/wp\/v2\/types\/product"}],"replies":[{"embeddable":true,"href":"https:\/\/unibellemoveis.com.br\/es\/wp-json\/wp\/v2\/comments?post=2260"}],"version-history":[{"count":4,"href":"https:\/\/unibellemoveis.com.br\/es\/wp-json\/wp\/v2\/product\/2260\/revisions"}],"predecessor-version":[{"id":2470,"href":"https:\/\/unibellemoveis.com.br\/es\/wp-json\/wp\/v2\/product\/2260\/revisions\/2470"}],"wp:featuredmedia":[{"embeddable":true,"href":"https:\/\/unibellemoveis.com.br\/es\/wp-json\/wp\/v2\/media\/2263"}],"wp:attachment":[{"href":"https:\/\/unibellemoveis.com.br\/es\/wp-json\/wp\/v2\/media?parent=2260"}],"wp:term":[{"taxonomy":"product_brand","embeddable":true,"href":"https:\/\/unibellemoveis.com.br\/es\/wp-json\/wp\/v2\/product_brand?post=2260"},{"taxonomy":"product_cat","embeddable":true,"href":"https:\/\/unibellemoveis.com.br\/es\/wp-json\/wp\/v2\/product_cat?post=2260"},{"taxonomy":"product_tag","embeddable":true,"href":"https:\/\/unibellemoveis.com.br\/es\/wp-json\/wp\/v2\/product_tag?post=2260"}],"curies":[{"name":"wp","href":"https:\/\/api.w.org\/{rel}","templated":true}]}}