{"id":2371,"date":"2024-09-17T17:27:11","date_gmt":"2024-09-17T20:27:11","guid":{"rendered":"https:\/\/unibellemoveis.com.br\/?post_type=product&#038;p=2371"},"modified":"2024-10-01T14:07:19","modified_gmt":"2024-10-01T17:07:19","slug":"kit-de-cocina-braga","status":"publish","type":"product","link":"https:\/\/unibellemoveis.com.br\/es\/producto\/kit-de-cocina-braga\/","title":{"rendered":"Kit de cocina Braga"},"content":{"rendered":"<div class=\"flex-shrink-0 flex flex-col relative items-end\">\n<div class=\"pt-0.5 juice:pt-0\">\n<div class=\"gizmo-bot-avatar flex h-6 w-6 items-center justify-center overflow-hidden rounded-full juice:h-8 juice:w-8\">\n<div class=\"relative p-1 rounded-sm flex items-center justify-center bg-token-main-surface-primary text-token-text-primary h-8 w-8\">\n<h3>Kit de cocina Braga<\/h3>\n<p>EL <strong>Kit de cocina Braga<\/strong>\u00a0Es la elecci\u00f3n perfecta para quienes desean combinar practicidad y estilo en un solo producto. Con un dise\u00f1o y acabado modernos en <strong>Blanco<\/strong> o <strong>Miel de Dakar<\/strong>, esta cocina compacta aporta organizaci\u00f3n y funcionalidad, optimizando el espacio de forma inteligente.<\/p>\n<p><strong>Diferenciadores del producto:<\/strong><\/p>\n<ul>\n<li>Producido en <strong>100% MDP 15 mm<\/strong>, garantizando durabilidad y resistencia<\/li>\n<li><strong>Manijas cromadas<\/strong> que aportan sofisticaci\u00f3n al entorno<\/li>\n<li><strong>Diapositivas de metal<\/strong> para facilitar el uso de los cajones<\/li>\n<li><strong>Patas regulables en altura<\/strong>, permitiendo que los muebles se adapten a tus necesidades<\/li>\n<li>Cuenta con <strong>1 caj\u00f3n<\/strong> y <strong>7 puertas<\/strong>, que ofrece mucho espacio de almacenamiento<\/li>\n<\/ul>\n<p><strong>Especificaciones t\u00e9cnicas:<\/strong><\/p>\n<ul>\n<li><strong>Altura:<\/strong> 185 cent\u00edmetros<\/li>\n<li><strong>Ancho:<\/strong> 120 cent\u00edmetros<\/li>\n<li><strong>Profundidad:<\/strong> 47 cent\u00edmetros<\/li>\n<li><strong>Espesor del material:<\/strong> 15 mil\u00edmetros<\/li>\n<li><strong>Capacidad c\u00fabica:<\/strong> 0,095 m\u00b3<\/li>\n<li><strong>Peso:<\/strong> 54 kilos<\/li>\n<li><strong>Vol\u00famenes:<\/strong> 1<\/li>\n<\/ul>\n<p>Ideal para cocinas peque\u00f1as, el <strong>Kit de cocina Braga <\/strong>\u00a0Permite organizar tus utensilios de forma pr\u00e1ctica, sin renunciar a la elegancia y el estilo contempor\u00e1neo. La combinaci\u00f3n de <strong>Blanco<\/strong> y <strong>Miel de Dakar<\/strong> Aporta modernidad al espacio, mientras que sus m\u00faltiples puertas y cajones proporcionan un espacio de almacenamiento vers\u00e1til.<\/p>\n<p>Vea todos los modelos: <a href=\"https:\/\/unibellemoveis.com.br\/es\/categoria-producto\/cocina\/\">https:\/\/unibellemoveis.com.br\/categoria-produto\/cozinha\/<\/a><\/p>\n<\/div>\n<\/div>\n<\/div>\n<\/div>","protected":false},"excerpt":{"rendered":"<p>El kit de cocina Braga es la opci\u00f3n ideal para quienes buscan funcionalidad y un dise\u00f1o elegante en un espacio compacto. Dise\u00f1ada para la organizaci\u00f3n y la practicidad, esta cocina destaca por su acabado moderno y detalles que facilitan el d\u00eda a d\u00eda.<\/p>","protected":false},"featured_media":2377,"comment_status":"open","ping_status":"closed","template":"","meta":{"_joinchat":[]},"product_brand":[],"product_cat":[29],"product_tag":[],"class_list":{"0":"post-2371","1":"product","2":"type-product","3":"status-publish","4":"has-post-thumbnail","6":"product_cat-cozinha","8":"first","9":"instock","10":"shipping-taxable","11":"product-type-variable"},"yoast_head":"<!-- This site is optimized with the Yoast SEO plugin v26.0 - https:\/\/yoast.com\/wordpress\/plugins\/seo\/ -->\n<title>Kit de Cozinha Braga - Unibelle M\u00f3veis<\/title>\n<meta name=\"description\" content=\"Kit de Cozinha Braga Descubra a Cozinha Braga que vai elevar a decora\u00e7\u00e3o do seu ambiente. Encomende j\u00e1 a sua!\" \/>\n<meta name=\"robots\" content=\"index, follow, max-snippet:-1, max-image-preview:large, max-video-preview:-1\" \/>\n<link rel=\"canonical\" href=\"https:\/\/unibellemoveis.com.br\/es\/producto\/kit-de-cocina-braga\/\" \/>\n<meta property=\"og:locale\" content=\"es_ES\" \/>\n<meta property=\"og:type\" content=\"article\" \/>\n<meta property=\"og:title\" content=\"Kit de Cozinha Braga - Unibelle M\u00f3veis\" \/>\n<meta property=\"og:description\" content=\"Kit de Cozinha Braga Descubra a Cozinha Braga que vai elevar a decora\u00e7\u00e3o do seu ambiente. Encomende j\u00e1 a sua!\" \/>\n<meta property=\"og:url\" content=\"https:\/\/unibellemoveis.com.br\/es\/producto\/kit-de-cocina-braga\/\" \/>\n<meta property=\"og:site_name\" content=\"Unibelle M\u00f3veis\" \/>\n<meta property=\"article:modified_time\" content=\"2024-10-01T17:07:19+00:00\" \/>\n<meta property=\"og:image\" content=\"https:\/\/unibellemoveis.com.br\/wp-content\/uploads\/2024\/09\/1207.1.1.webp\" \/>\n\t<meta property=\"og:image:width\" content=\"1000\" \/>\n\t<meta property=\"og:image:height\" content=\"1000\" \/>\n\t<meta property=\"og:image:type\" content=\"image\/webp\" \/>\n<meta name=\"twitter:card\" content=\"summary_large_image\" \/>\n<meta name=\"twitter:label1\" content=\"Tiempo de lectura\" \/>\n\t<meta name=\"twitter:data1\" content=\"2 minutos\" \/>\n<script type=\"application\/ld+json\" class=\"yoast-schema-graph\">{\"@context\":\"https:\/\/schema.org\",\"@graph\":[{\"@type\":\"WebPage\",\"@id\":\"https:\/\/unibellemoveis.com.br\/produto\/kit-de-cozinha-braga\/\",\"url\":\"https:\/\/unibellemoveis.com.br\/produto\/kit-de-cozinha-braga\/\",\"name\":\"Kit de Cozinha Braga - Unibelle M\u00f3veis\",\"isPartOf\":{\"@id\":\"https:\/\/unibellemoveis.com.br\/#website\"},\"primaryImageOfPage\":{\"@id\":\"https:\/\/unibellemoveis.com.br\/produto\/kit-de-cozinha-braga\/#primaryimage\"},\"image\":{\"@id\":\"https:\/\/unibellemoveis.com.br\/produto\/kit-de-cozinha-braga\/#primaryimage\"},\"thumbnailUrl\":\"https:\/\/unibellemoveis.com.br\/wp-content\/uploads\/2024\/09\/1207.1.1.webp\",\"datePublished\":\"2024-09-17T20:27:11+00:00\",\"dateModified\":\"2024-10-01T17:07:19+00:00\",\"description\":\"Kit de Cozinha Braga Descubra a Cozinha Braga que vai elevar a decora\u00e7\u00e3o do seu ambiente. Encomende j\u00e1 a sua!\",\"breadcrumb\":{\"@id\":\"https:\/\/unibellemoveis.com.br\/produto\/kit-de-cozinha-braga\/#breadcrumb\"},\"inLanguage\":\"es\",\"potentialAction\":[{\"@type\":\"ReadAction\",\"target\":[\"https:\/\/unibellemoveis.com.br\/produto\/kit-de-cozinha-braga\/\"]}]},{\"@type\":\"ImageObject\",\"inLanguage\":\"es\",\"@id\":\"https:\/\/unibellemoveis.com.br\/produto\/kit-de-cozinha-braga\/#primaryimage\",\"url\":\"https:\/\/unibellemoveis.com.br\/wp-content\/uploads\/2024\/09\/1207.1.1.webp\",\"contentUrl\":\"https:\/\/unibellemoveis.com.br\/wp-content\/uploads\/2024\/09\/1207.1.1.webp\",\"width\":1000,\"height\":1000,\"caption\":\"Kit Braga\"},{\"@type\":\"BreadcrumbList\",\"@id\":\"https:\/\/unibellemoveis.com.br\/produto\/kit-de-cozinha-braga\/#breadcrumb\",\"itemListElement\":[{\"@type\":\"ListItem\",\"position\":1,\"name\":\"In\u00edcio\",\"item\":\"https:\/\/unibellemoveis.com.br\/\"},{\"@type\":\"ListItem\",\"position\":2,\"name\":\"Produtos\",\"item\":\"https:\/\/unibellemoveis.com.br\/produtos\/\"},{\"@type\":\"ListItem\",\"position\":3,\"name\":\"Kit de Cozinha Braga\"}]},{\"@type\":\"WebSite\",\"@id\":\"https:\/\/unibellemoveis.com.br\/#website\",\"url\":\"https:\/\/unibellemoveis.com.br\/\",\"name\":\"Unibelle M\u00f3veis\",\"description\":\"Unibelle M\u00f3veis\",\"publisher\":{\"@id\":\"https:\/\/unibellemoveis.com.br\/#organization\"},\"potentialAction\":[{\"@type\":\"SearchAction\",\"target\":{\"@type\":\"EntryPoint\",\"urlTemplate\":\"https:\/\/unibellemoveis.com.br\/?s={search_term_string}\"},\"query-input\":{\"@type\":\"PropertyValueSpecification\",\"valueRequired\":true,\"valueName\":\"search_term_string\"}}],\"inLanguage\":\"es\"},{\"@type\":\"Organization\",\"@id\":\"https:\/\/unibellemoveis.com.br\/#organization\",\"name\":\"Unibele M\u00f3veis\",\"alternateName\":\"Unibele M\u00f3veis\",\"url\":\"https:\/\/unibellemoveis.com.br\/\",\"logo\":{\"@type\":\"ImageObject\",\"inLanguage\":\"es\",\"@id\":\"https:\/\/unibellemoveis.com.br\/#\/schema\/logo\/image\/\",\"url\":\"https:\/\/unibellemoveis.com.br\/wp-content\/uploads\/2024\/04\/Logo-02.webp\",\"contentUrl\":\"https:\/\/unibellemoveis.com.br\/wp-content\/uploads\/2024\/04\/Logo-02.webp\",\"width\":2363,\"height\":754,\"caption\":\"Unibele M\u00f3veis\"},\"image\":{\"@id\":\"https:\/\/unibellemoveis.com.br\/#\/schema\/logo\/image\/\"}}]}<\/script>\n<!-- \/ Yoast SEO plugin. -->","yoast_head_json":{"title":"Kit de cocina Braga - Muebles Unibelle","description":"Kit de Cocina Braga: Descubre la Cocina Braga que realzar\u00e1 tu decoraci\u00f3n. \u00a1Pide la tuya ya!","robots":{"index":"index","follow":"follow","max-snippet":"max-snippet:-1","max-image-preview":"max-image-preview:large","max-video-preview":"max-video-preview:-1"},"canonical":"https:\/\/unibellemoveis.com.br\/es\/producto\/kit-de-cocina-braga\/","og_locale":"es_ES","og_type":"article","og_title":"Kit de Cozinha Braga - Unibelle M\u00f3veis","og_description":"Kit de Cozinha Braga Descubra a Cozinha Braga que vai elevar a decora\u00e7\u00e3o do seu ambiente. Encomende j\u00e1 a sua!","og_url":"https:\/\/unibellemoveis.com.br\/es\/producto\/kit-de-cocina-braga\/","og_site_name":"Unibelle M\u00f3veis","article_modified_time":"2024-10-01T17:07:19+00:00","og_image":[{"width":1000,"height":1000,"url":"https:\/\/unibellemoveis.com.br\/wp-content\/uploads\/2024\/09\/1207.1.1.webp","type":"image\/webp"}],"twitter_card":"summary_large_image","twitter_misc":{"Tiempo de lectura":"2 minutos"},"schema":{"@context":"https:\/\/schema.org","@graph":[{"@type":"WebPage","@id":"https:\/\/unibellemoveis.com.br\/produto\/kit-de-cozinha-braga\/","url":"https:\/\/unibellemoveis.com.br\/produto\/kit-de-cozinha-braga\/","name":"Kit de cocina Braga - Muebles Unibelle","isPartOf":{"@id":"https:\/\/unibellemoveis.com.br\/#website"},"primaryImageOfPage":{"@id":"https:\/\/unibellemoveis.com.br\/produto\/kit-de-cozinha-braga\/#primaryimage"},"image":{"@id":"https:\/\/unibellemoveis.com.br\/produto\/kit-de-cozinha-braga\/#primaryimage"},"thumbnailUrl":"https:\/\/unibellemoveis.com.br\/wp-content\/uploads\/2024\/09\/1207.1.1.webp","datePublished":"2024-09-17T20:27:11+00:00","dateModified":"2024-10-01T17:07:19+00:00","description":"Kit de Cocina Braga: Descubre la Cocina Braga que realzar\u00e1 tu decoraci\u00f3n. \u00a1Pide la tuya ya!","breadcrumb":{"@id":"https:\/\/unibellemoveis.com.br\/produto\/kit-de-cozinha-braga\/#breadcrumb"},"inLanguage":"es","potentialAction":[{"@type":"ReadAction","target":["https:\/\/unibellemoveis.com.br\/produto\/kit-de-cozinha-braga\/"]}]},{"@type":"ImageObject","inLanguage":"es","@id":"https:\/\/unibellemoveis.com.br\/produto\/kit-de-cozinha-braga\/#primaryimage","url":"https:\/\/unibellemoveis.com.br\/wp-content\/uploads\/2024\/09\/1207.1.1.webp","contentUrl":"https:\/\/unibellemoveis.com.br\/wp-content\/uploads\/2024\/09\/1207.1.1.webp","width":1000,"height":1000,"caption":"Kit Braga"},{"@type":"BreadcrumbList","@id":"https:\/\/unibellemoveis.com.br\/produto\/kit-de-cozinha-braga\/#breadcrumb","itemListElement":[{"@type":"ListItem","position":1,"name":"In\u00edcio","item":"https:\/\/unibellemoveis.com.br\/"},{"@type":"ListItem","position":2,"name":"Produtos","item":"https:\/\/unibellemoveis.com.br\/produtos\/"},{"@type":"ListItem","position":3,"name":"Kit de Cozinha Braga"}]},{"@type":"WebSite","@id":"https:\/\/unibellemoveis.com.br\/#website","url":"https:\/\/unibellemoveis.com.br\/","name":"Muebles Unibelle","description":"Muebles Unibelle","publisher":{"@id":"https:\/\/unibellemoveis.com.br\/#organization"},"potentialAction":[{"@type":"SearchAction","target":{"@type":"EntryPoint","urlTemplate":"https:\/\/unibellemoveis.com.br\/?s={search_term_string}"},"query-input":{"@type":"PropertyValueSpecification","valueRequired":true,"valueName":"search_term_string"}}],"inLanguage":"es"},{"@type":"Organization","@id":"https:\/\/unibellemoveis.com.br\/#organization","name":"Unibele M\u00f3veis","alternateName":"Unibele M\u00f3veis","url":"https:\/\/unibellemoveis.com.br\/","logo":{"@type":"ImageObject","inLanguage":"es","@id":"https:\/\/unibellemoveis.com.br\/#\/schema\/logo\/image\/","url":"https:\/\/unibellemoveis.com.br\/wp-content\/uploads\/2024\/04\/Logo-02.webp","contentUrl":"https:\/\/unibellemoveis.com.br\/wp-content\/uploads\/2024\/04\/Logo-02.webp","width":2363,"height":754,"caption":"Unibele M\u00f3veis"},"image":{"@id":"https:\/\/unibellemoveis.com.br\/#\/schema\/logo\/image\/"}}]}},"_links":{"self":[{"href":"https:\/\/unibellemoveis.com.br\/es\/wp-json\/wp\/v2\/product\/2371","targetHints":{"allow":["GET"]}}],"collection":[{"href":"https:\/\/unibellemoveis.com.br\/es\/wp-json\/wp\/v2\/product"}],"about":[{"href":"https:\/\/unibellemoveis.com.br\/es\/wp-json\/wp\/v2\/types\/product"}],"replies":[{"embeddable":true,"href":"https:\/\/unibellemoveis.com.br\/es\/wp-json\/wp\/v2\/comments?post=2371"}],"version-history":[{"count":1,"href":"https:\/\/unibellemoveis.com.br\/es\/wp-json\/wp\/v2\/product\/2371\/revisions"}],"predecessor-version":[{"id":2378,"href":"https:\/\/unibellemoveis.com.br\/es\/wp-json\/wp\/v2\/product\/2371\/revisions\/2378"}],"wp:featuredmedia":[{"embeddable":true,"href":"https:\/\/unibellemoveis.com.br\/es\/wp-json\/wp\/v2\/media\/2377"}],"wp:attachment":[{"href":"https:\/\/unibellemoveis.com.br\/es\/wp-json\/wp\/v2\/media?parent=2371"}],"wp:term":[{"taxonomy":"product_brand","embeddable":true,"href":"https:\/\/unibellemoveis.com.br\/es\/wp-json\/wp\/v2\/product_brand?post=2371"},{"taxonomy":"product_cat","embeddable":true,"href":"https:\/\/unibellemoveis.com.br\/es\/wp-json\/wp\/v2\/product_cat?post=2371"},{"taxonomy":"product_tag","embeddable":true,"href":"https:\/\/unibellemoveis.com.br\/es\/wp-json\/wp\/v2\/product_tag?post=2371"}],"curies":[{"name":"wp","href":"https:\/\/api.w.org\/{rel}","templated":true}]}}