{"id":2397,"date":"2024-09-17T18:26:52","date_gmt":"2024-09-17T21:26:52","guid":{"rendered":"https:\/\/unibellemoveis.com.br\/?post_type=product&#038;p=2397"},"modified":"2024-09-17T18:32:40","modified_gmt":"2024-09-17T21:32:40","slug":"cocina-compacta-roma-con-encimera-y-bodega","status":"publish","type":"product","link":"https:\/\/unibellemoveis.com.br\/es\/producto\/cocina-compacta-roma-con-encimera-y-bodega\/","title":{"rendered":"Cocina compacta en Roma | Encimera con bodega"},"content":{"rendered":"<div class=\"flex-shrink-0 flex flex-col relative items-end\">\n<div class=\"pt-0.5 juice:pt-0\">\n<div class=\"gizmo-bot-avatar flex h-6 w-6 items-center justify-center overflow-hidden rounded-full juice:h-8 juice:w-8\">\n<div class=\"relative p-1 rounded-sm flex items-center justify-center bg-token-main-surface-primary text-token-text-primary h-8 w-8\">\n<h3>Cocina compacta en Roma | Encimera con bodega<\/h3>\n<p>EL <strong>Mostrador con bodega de vinos<\/strong> Es la opci\u00f3n perfecta para quienes buscan un mueble vers\u00e1til y elegante que combine funcionalidad y dise\u00f1o moderno. Ideal para complementar comedores, cocinas o zonas gourmet, esta encimera ofrece un pr\u00e1ctico espacio para guardar tus bebidas favoritas, adem\u00e1s de servir como elemento decorativo.<\/p>\n<p><strong>Diferenciadores del producto:<\/strong><\/p>\n<ul>\n<li>Producido en <strong>100% MDP 15 mm<\/strong>, garantizando durabilidad y resistencia<\/li>\n<li>Disponible en colores <strong>Nogal Manchester<\/strong> o <strong>Blanco<\/strong>, adapt\u00e1ndose a diferentes estilos de decoraci\u00f3n<\/li>\n<li><strong>bodega de vinos integrada<\/strong> Con espacio para almacenar hasta 4 botellas, ideal para quienes prefieren tener sus bebidas a mano.<\/li>\n<li>Dise\u00f1o funcional que puede utilizarse como encimera para comidas r\u00e1pidas o preparaci\u00f3n de alimentos.<\/li>\n<\/ul>\n<p><strong>Especificaciones t\u00e9cnicas:<\/strong><\/p>\n<ul>\n<li><strong>Altura:<\/strong> 92 cent\u00edmetros<\/li>\n<li><strong>Ancho:<\/strong> 136 cent\u00edmetros<\/li>\n<li><strong>Profundidad:<\/strong> 50 cent\u00edmetros<\/li>\n<li><strong>Espesor del material:<\/strong> 15 mil\u00edmetros<\/li>\n<li><strong>Capacidad c\u00fabica:<\/strong> 0,082 m\u00b3<\/li>\n<li><strong>Peso:<\/strong> 27 kg<\/li>\n<li><strong>Vol\u00famenes:<\/strong> 1<\/li>\n<\/ul>\n<p>EL <strong>Mostrador con bodega de vinos<\/strong> Es una excelente opci\u00f3n para quienes buscan combinar estilo y practicidad en un solo mueble. Compacto y funcional, ofrece un gran aprovechamiento del espacio, adem\u00e1s de aportar un toque moderno al ambiente con sus l\u00edneas sencillas y acabados de calidad.<\/p>\n<p>Vea todos los modelos: <a href=\"https:\/\/unibellemoveis.com.br\/es\/categoria-producto\/cocina\/\">https:\/\/unibellemoveis.com.br\/categoria-produto\/cozinha\/<\/a><\/p>\n<\/div>\n<\/div>\n<\/div>\n<\/div>","protected":false},"excerpt":{"rendered":"<p>EL <strong>Mostrador con bodega de vinos<\/strong> Es la opci\u00f3n perfecta para quienes buscan un mueble vers\u00e1til y elegante que combine funcionalidad y dise\u00f1o moderno. Ideal para complementar comedores, cocinas o zonas gourmet, esta encimera ofrece un pr\u00e1ctico espacio para guardar tus bebidas favoritas, adem\u00e1s de servir como elemento decorativo.<\/p>","protected":false},"featured_media":2401,"comment_status":"open","ping_status":"closed","template":"","meta":{"_joinchat":[]},"product_brand":[],"product_cat":[29],"product_tag":[],"class_list":{"0":"post-2397","1":"product","2":"type-product","3":"status-publish","4":"has-post-thumbnail","6":"product_cat-cozinha","8":"first","9":"instock","10":"shipping-taxable","11":"product-type-variable"},"yoast_head":"<!-- This site is optimized with the Yoast SEO plugin v26.0 - https:\/\/yoast.com\/wordpress\/plugins\/seo\/ -->\n<title>Cozinha Compacta Roma | Bancada com Adega - Unibelle M\u00f3veis<\/title>\n<meta name=\"description\" content=\"Cozinha Compacta Roma | Bancada com Adega \u00e9 a solu\u00e7\u00e3o perfeita para quem deseja praticidade e organiza\u00e7\u00e3o na cozinha. Adquira j\u00e1 a sua!\" \/>\n<meta name=\"robots\" content=\"index, follow, max-snippet:-1, max-image-preview:large, max-video-preview:-1\" \/>\n<link rel=\"canonical\" href=\"https:\/\/unibellemoveis.com.br\/es\/producto\/cocina-compacta-roma-con-encimera-y-bodega\/\" \/>\n<meta property=\"og:locale\" content=\"es_ES\" \/>\n<meta property=\"og:type\" content=\"article\" \/>\n<meta property=\"og:title\" content=\"Cozinha Compacta Roma | Bancada com Adega - Unibelle M\u00f3veis\" \/>\n<meta property=\"og:description\" content=\"Cozinha Compacta Roma | Bancada com Adega \u00e9 a solu\u00e7\u00e3o perfeita para quem deseja praticidade e organiza\u00e7\u00e3o na cozinha. Adquira j\u00e1 a sua!\" \/>\n<meta property=\"og:url\" content=\"https:\/\/unibellemoveis.com.br\/es\/producto\/cocina-compacta-roma-con-encimera-y-bodega\/\" \/>\n<meta property=\"og:site_name\" content=\"Unibelle M\u00f3veis\" \/>\n<meta property=\"article:modified_time\" content=\"2024-09-17T21:32:40+00:00\" \/>\n<meta property=\"og:image\" content=\"https:\/\/unibellemoveis.com.br\/wp-content\/uploads\/2024\/09\/1506-Bancada-FI-01-Nogal-Manchester.webp\" \/>\n\t<meta property=\"og:image:width\" content=\"1000\" \/>\n\t<meta property=\"og:image:height\" content=\"1000\" \/>\n\t<meta property=\"og:image:type\" content=\"image\/webp\" \/>\n<meta name=\"twitter:card\" content=\"summary_large_image\" \/>\n<meta name=\"twitter:label1\" content=\"Tiempo de lectura\" \/>\n\t<meta name=\"twitter:data1\" content=\"2 minutos\" \/>\n<script type=\"application\/ld+json\" class=\"yoast-schema-graph\">{\"@context\":\"https:\/\/schema.org\",\"@graph\":[{\"@type\":\"WebPage\",\"@id\":\"https:\/\/unibellemoveis.com.br\/produto\/cozinha-compacta-roma-bancada-com-adega\/\",\"url\":\"https:\/\/unibellemoveis.com.br\/produto\/cozinha-compacta-roma-bancada-com-adega\/\",\"name\":\"Cozinha Compacta Roma | Bancada com Adega - Unibelle M\u00f3veis\",\"isPartOf\":{\"@id\":\"https:\/\/unibellemoveis.com.br\/#website\"},\"primaryImageOfPage\":{\"@id\":\"https:\/\/unibellemoveis.com.br\/produto\/cozinha-compacta-roma-bancada-com-adega\/#primaryimage\"},\"image\":{\"@id\":\"https:\/\/unibellemoveis.com.br\/produto\/cozinha-compacta-roma-bancada-com-adega\/#primaryimage\"},\"thumbnailUrl\":\"https:\/\/unibellemoveis.com.br\/wp-content\/uploads\/2024\/09\/1506-Bancada-FI-01-Nogal-Manchester.webp\",\"datePublished\":\"2024-09-17T21:26:52+00:00\",\"dateModified\":\"2024-09-17T21:32:40+00:00\",\"description\":\"Cozinha Compacta Roma | Bancada com Adega \u00e9 a solu\u00e7\u00e3o perfeita para quem deseja praticidade e organiza\u00e7\u00e3o na cozinha. Adquira j\u00e1 a sua!\",\"breadcrumb\":{\"@id\":\"https:\/\/unibellemoveis.com.br\/produto\/cozinha-compacta-roma-bancada-com-adega\/#breadcrumb\"},\"inLanguage\":\"es\",\"potentialAction\":[{\"@type\":\"ReadAction\",\"target\":[\"https:\/\/unibellemoveis.com.br\/produto\/cozinha-compacta-roma-bancada-com-adega\/\"]}]},{\"@type\":\"ImageObject\",\"inLanguage\":\"es\",\"@id\":\"https:\/\/unibellemoveis.com.br\/produto\/cozinha-compacta-roma-bancada-com-adega\/#primaryimage\",\"url\":\"https:\/\/unibellemoveis.com.br\/wp-content\/uploads\/2024\/09\/1506-Bancada-FI-01-Nogal-Manchester.webp\",\"contentUrl\":\"https:\/\/unibellemoveis.com.br\/wp-content\/uploads\/2024\/09\/1506-Bancada-FI-01-Nogal-Manchester.webp\",\"width\":1000,\"height\":1000,\"caption\":\"1506 - Bancada - FI 01 - Branco\"},{\"@type\":\"BreadcrumbList\",\"@id\":\"https:\/\/unibellemoveis.com.br\/produto\/cozinha-compacta-roma-bancada-com-adega\/#breadcrumb\",\"itemListElement\":[{\"@type\":\"ListItem\",\"position\":1,\"name\":\"In\u00edcio\",\"item\":\"https:\/\/unibellemoveis.com.br\/\"},{\"@type\":\"ListItem\",\"position\":2,\"name\":\"Produtos\",\"item\":\"https:\/\/unibellemoveis.com.br\/produtos\/\"},{\"@type\":\"ListItem\",\"position\":3,\"name\":\"Cozinha Compacta Roma | Bancada com Adega\"}]},{\"@type\":\"WebSite\",\"@id\":\"https:\/\/unibellemoveis.com.br\/#website\",\"url\":\"https:\/\/unibellemoveis.com.br\/\",\"name\":\"Unibelle M\u00f3veis\",\"description\":\"Unibelle M\u00f3veis\",\"publisher\":{\"@id\":\"https:\/\/unibellemoveis.com.br\/#organization\"},\"potentialAction\":[{\"@type\":\"SearchAction\",\"target\":{\"@type\":\"EntryPoint\",\"urlTemplate\":\"https:\/\/unibellemoveis.com.br\/?s={search_term_string}\"},\"query-input\":{\"@type\":\"PropertyValueSpecification\",\"valueRequired\":true,\"valueName\":\"search_term_string\"}}],\"inLanguage\":\"es\"},{\"@type\":\"Organization\",\"@id\":\"https:\/\/unibellemoveis.com.br\/#organization\",\"name\":\"Unibele M\u00f3veis\",\"alternateName\":\"Unibele M\u00f3veis\",\"url\":\"https:\/\/unibellemoveis.com.br\/\",\"logo\":{\"@type\":\"ImageObject\",\"inLanguage\":\"es\",\"@id\":\"https:\/\/unibellemoveis.com.br\/#\/schema\/logo\/image\/\",\"url\":\"https:\/\/unibellemoveis.com.br\/wp-content\/uploads\/2024\/04\/Logo-02.webp\",\"contentUrl\":\"https:\/\/unibellemoveis.com.br\/wp-content\/uploads\/2024\/04\/Logo-02.webp\",\"width\":2363,\"height\":754,\"caption\":\"Unibele M\u00f3veis\"},\"image\":{\"@id\":\"https:\/\/unibellemoveis.com.br\/#\/schema\/logo\/image\/\"}}]}<\/script>\n<!-- \/ Yoast SEO plugin. -->","yoast_head_json":{"title":"Cocina compacta Roma | Encimera con botellero - Muebles Unibelle","description":"La encimera Roma Compact Kitchen con botellero integrado es la soluci\u00f3n perfecta para quienes buscan practicidad y organizaci\u00f3n en la cocina. \u00a1Cons\u00edguela ya!","robots":{"index":"index","follow":"follow","max-snippet":"max-snippet:-1","max-image-preview":"max-image-preview:large","max-video-preview":"max-video-preview:-1"},"canonical":"https:\/\/unibellemoveis.com.br\/es\/producto\/cocina-compacta-roma-con-encimera-y-bodega\/","og_locale":"es_ES","og_type":"article","og_title":"Cozinha Compacta Roma | Bancada com Adega - Unibelle M\u00f3veis","og_description":"Cozinha Compacta Roma | Bancada com Adega \u00e9 a solu\u00e7\u00e3o perfeita para quem deseja praticidade e organiza\u00e7\u00e3o na cozinha. Adquira j\u00e1 a sua!","og_url":"https:\/\/unibellemoveis.com.br\/es\/producto\/cocina-compacta-roma-con-encimera-y-bodega\/","og_site_name":"Unibelle M\u00f3veis","article_modified_time":"2024-09-17T21:32:40+00:00","og_image":[{"width":1000,"height":1000,"url":"https:\/\/unibellemoveis.com.br\/wp-content\/uploads\/2024\/09\/1506-Bancada-FI-01-Nogal-Manchester.webp","type":"image\/webp"}],"twitter_card":"summary_large_image","twitter_misc":{"Tiempo de lectura":"2 minutos"},"schema":{"@context":"https:\/\/schema.org","@graph":[{"@type":"WebPage","@id":"https:\/\/unibellemoveis.com.br\/produto\/cozinha-compacta-roma-bancada-com-adega\/","url":"https:\/\/unibellemoveis.com.br\/produto\/cozinha-compacta-roma-bancada-com-adega\/","name":"Cocina compacta Roma | Encimera con botellero - Muebles Unibelle","isPartOf":{"@id":"https:\/\/unibellemoveis.com.br\/#website"},"primaryImageOfPage":{"@id":"https:\/\/unibellemoveis.com.br\/produto\/cozinha-compacta-roma-bancada-com-adega\/#primaryimage"},"image":{"@id":"https:\/\/unibellemoveis.com.br\/produto\/cozinha-compacta-roma-bancada-com-adega\/#primaryimage"},"thumbnailUrl":"https:\/\/unibellemoveis.com.br\/wp-content\/uploads\/2024\/09\/1506-Bancada-FI-01-Nogal-Manchester.webp","datePublished":"2024-09-17T21:26:52+00:00","dateModified":"2024-09-17T21:32:40+00:00","description":"La encimera Roma Compact Kitchen con botellero integrado es la soluci\u00f3n perfecta para quienes buscan practicidad y organizaci\u00f3n en la cocina. \u00a1Cons\u00edguela ya!","breadcrumb":{"@id":"https:\/\/unibellemoveis.com.br\/produto\/cozinha-compacta-roma-bancada-com-adega\/#breadcrumb"},"inLanguage":"es","potentialAction":[{"@type":"ReadAction","target":["https:\/\/unibellemoveis.com.br\/produto\/cozinha-compacta-roma-bancada-com-adega\/"]}]},{"@type":"ImageObject","inLanguage":"es","@id":"https:\/\/unibellemoveis.com.br\/produto\/cozinha-compacta-roma-bancada-com-adega\/#primaryimage","url":"https:\/\/unibellemoveis.com.br\/wp-content\/uploads\/2024\/09\/1506-Bancada-FI-01-Nogal-Manchester.webp","contentUrl":"https:\/\/unibellemoveis.com.br\/wp-content\/uploads\/2024\/09\/1506-Bancada-FI-01-Nogal-Manchester.webp","width":1000,"height":1000,"caption":"1506 - Bancada - FI 01 - Branco"},{"@type":"BreadcrumbList","@id":"https:\/\/unibellemoveis.com.br\/produto\/cozinha-compacta-roma-bancada-com-adega\/#breadcrumb","itemListElement":[{"@type":"ListItem","position":1,"name":"In\u00edcio","item":"https:\/\/unibellemoveis.com.br\/"},{"@type":"ListItem","position":2,"name":"Produtos","item":"https:\/\/unibellemoveis.com.br\/produtos\/"},{"@type":"ListItem","position":3,"name":"Cozinha Compacta Roma | Bancada com Adega"}]},{"@type":"WebSite","@id":"https:\/\/unibellemoveis.com.br\/#website","url":"https:\/\/unibellemoveis.com.br\/","name":"Muebles Unibelle","description":"Muebles Unibelle","publisher":{"@id":"https:\/\/unibellemoveis.com.br\/#organization"},"potentialAction":[{"@type":"SearchAction","target":{"@type":"EntryPoint","urlTemplate":"https:\/\/unibellemoveis.com.br\/?s={search_term_string}"},"query-input":{"@type":"PropertyValueSpecification","valueRequired":true,"valueName":"search_term_string"}}],"inLanguage":"es"},{"@type":"Organization","@id":"https:\/\/unibellemoveis.com.br\/#organization","name":"Unibele M\u00f3veis","alternateName":"Unibele M\u00f3veis","url":"https:\/\/unibellemoveis.com.br\/","logo":{"@type":"ImageObject","inLanguage":"es","@id":"https:\/\/unibellemoveis.com.br\/#\/schema\/logo\/image\/","url":"https:\/\/unibellemoveis.com.br\/wp-content\/uploads\/2024\/04\/Logo-02.webp","contentUrl":"https:\/\/unibellemoveis.com.br\/wp-content\/uploads\/2024\/04\/Logo-02.webp","width":2363,"height":754,"caption":"Unibele M\u00f3veis"},"image":{"@id":"https:\/\/unibellemoveis.com.br\/#\/schema\/logo\/image\/"}}]}},"_links":{"self":[{"href":"https:\/\/unibellemoveis.com.br\/es\/wp-json\/wp\/v2\/product\/2397","targetHints":{"allow":["GET"]}}],"collection":[{"href":"https:\/\/unibellemoveis.com.br\/es\/wp-json\/wp\/v2\/product"}],"about":[{"href":"https:\/\/unibellemoveis.com.br\/es\/wp-json\/wp\/v2\/types\/product"}],"replies":[{"embeddable":true,"href":"https:\/\/unibellemoveis.com.br\/es\/wp-json\/wp\/v2\/comments?post=2397"}],"version-history":[{"count":1,"href":"https:\/\/unibellemoveis.com.br\/es\/wp-json\/wp\/v2\/product\/2397\/revisions"}],"predecessor-version":[{"id":2402,"href":"https:\/\/unibellemoveis.com.br\/es\/wp-json\/wp\/v2\/product\/2397\/revisions\/2402"}],"wp:featuredmedia":[{"embeddable":true,"href":"https:\/\/unibellemoveis.com.br\/es\/wp-json\/wp\/v2\/media\/2401"}],"wp:attachment":[{"href":"https:\/\/unibellemoveis.com.br\/es\/wp-json\/wp\/v2\/media?parent=2397"}],"wp:term":[{"taxonomy":"product_brand","embeddable":true,"href":"https:\/\/unibellemoveis.com.br\/es\/wp-json\/wp\/v2\/product_brand?post=2397"},{"taxonomy":"product_cat","embeddable":true,"href":"https:\/\/unibellemoveis.com.br\/es\/wp-json\/wp\/v2\/product_cat?post=2397"},{"taxonomy":"product_tag","embeddable":true,"href":"https:\/\/unibellemoveis.com.br\/es\/wp-json\/wp\/v2\/product_tag?post=2397"}],"curies":[{"name":"wp","href":"https:\/\/api.w.org\/{rel}","templated":true}]}}