{"id":2429,"date":"2024-09-17T19:22:48","date_gmt":"2024-09-17T22:22:48","guid":{"rendered":"https:\/\/unibellemoveis.com.br\/?post_type=product&#038;p=2429"},"modified":"2024-09-17T19:26:03","modified_gmt":"2024-09-17T22:26:03","slug":"encimera-compacta-de-cocina-roma-para-encimera","status":"publish","type":"product","link":"https:\/\/unibellemoveis.com.br\/es\/producto\/encimera-compacta-de-cocina-roma-para-encimera\/","title":{"rendered":"Cocina compacta en Roma | Encimera para cocina"},"content":{"rendered":"<div class=\"flex-shrink-0 flex flex-col relative items-end\">\n<div class=\"pt-0.5 juice:pt-0\">\n<div class=\"gizmo-bot-avatar flex h-6 w-6 items-center justify-center overflow-hidden rounded-full juice:h-8 juice:w-8\">\n<div class=\"relative p-1 rounded-sm flex items-center justify-center bg-token-main-surface-primary text-token-text-primary h-8 w-8\">\n<h3>Cocina compacta en Roma | Encimera para cocina<\/h3>\n<p>EL <strong>Mostrador de cocina<\/strong> Es la soluci\u00f3n perfecta para quienes buscan practicidad y elegancia en la cocina. Con un dise\u00f1o compacto y moderno, ofrece un soporte ideal para la placa de cocci\u00f3n, adem\u00e1s de un eficiente espacio de almacenamiento. Disponible en varios colores. <strong>Nogal Manchester\/Grafito<\/strong> o <strong>Blanco<\/strong>, se adapta f\u00e1cilmente a diferentes estilos de decoraci\u00f3n.<\/p>\n<p><strong>Diferenciadores del producto:<\/strong><\/p>\n<ul>\n<li>Producido en <strong>100% MDP 15 mm<\/strong>, garantizando resistencia y durabilidad<\/li>\n<li>Disponible en colores <strong>Nogal Manchester\/Grafito<\/strong> o <strong>Blanco<\/strong>, para adaptarse a diferentes entornos<\/li>\n<li><strong>Dos puertas<\/strong> que ofrecen un amplio espacio de almacenamiento interno para utensilios y suministros<\/li>\n<li>Dise\u00f1o moderno y funcional, ideal para quienes buscan optimizar el espacio de la cocina.<\/li>\n<\/ul>\n<p><strong>Especificaciones t\u00e9cnicas:<\/strong><\/p>\n<ul>\n<li><strong>Altura:<\/strong> 85 cent\u00edmetros<\/li>\n<li><strong>Ancho:<\/strong> 75 cent\u00edmetros<\/li>\n<li><strong>Profundidad:<\/strong> 52 cent\u00edmetros<\/li>\n<li><strong>Espesor del material:<\/strong> 15 mil\u00edmetros<\/li>\n<li><strong>Capacidad c\u00fabica:<\/strong> 0,042 m\u00b3<\/li>\n<li><strong>Peso:<\/strong> 24 kilos<\/li>\n<li><strong>Vol\u00famenes:<\/strong> 1<\/li>\n<\/ul>\n<p>EL <strong>Mostrador de cocina<\/strong> Es perfecto para cocinas compactas o modernas, ofreciendo una soluci\u00f3n pr\u00e1ctica y elegante para quienes quieren optimizar el espacio sin sacrificar la funcionalidad y el estilo.<\/p>\n<p>Vea todos los modelos: <a href=\"https:\/\/unibellemoveis.com.br\/es\/categoria-producto\/cocina\/\">https:\/\/unibellemoveis.com.br\/categoria-produto\/cozinha\/<\/a><\/p>\n<\/div>\n<\/div>\n<\/div>\n<\/div>","protected":false},"excerpt":{"rendered":"<p>EL <strong>Mostrador de cocina<\/strong> Es la soluci\u00f3n perfecta para quienes buscan practicidad y elegancia en la cocina. Con un dise\u00f1o compacto y moderno, ofrece un soporte ideal para la placa de cocci\u00f3n, adem\u00e1s de un eficiente espacio de almacenamiento. Disponible en varios colores. <strong>Nogal Manchester\/Grafito<\/strong> o <strong>Blanco<\/strong>, se adapta f\u00e1cilmente a diferentes estilos de decoraci\u00f3n.<\/p>","protected":false},"featured_media":2433,"comment_status":"open","ping_status":"closed","template":"","meta":{"_joinchat":[]},"product_brand":[],"product_cat":[29],"product_tag":[],"class_list":{"0":"post-2429","1":"product","2":"type-product","3":"status-publish","4":"has-post-thumbnail","6":"product_cat-cozinha","8":"first","9":"instock","10":"shipping-taxable","11":"product-type-variable"},"yoast_head":"<!-- This site is optimized with the Yoast SEO plugin v26.0 - https:\/\/yoast.com\/wordpress\/plugins\/seo\/ -->\n<title>Cozinha Compacta Roma | Balc\u00e3o para Cooktop - Unibelle M\u00f3veis<\/title>\n<meta name=\"description\" content=\"Cozinha Compacta Roma | Balc\u00e3o para Cooktop \u00e9 a solu\u00e7\u00e3o perfeita para quem deseja praticidade e organiza\u00e7\u00e3o na cozinha. Adquira j\u00e1 a sua!\" \/>\n<meta name=\"robots\" content=\"index, follow, max-snippet:-1, max-image-preview:large, max-video-preview:-1\" \/>\n<link rel=\"canonical\" href=\"https:\/\/unibellemoveis.com.br\/es\/producto\/encimera-compacta-de-cocina-roma-para-encimera\/\" \/>\n<meta property=\"og:locale\" content=\"es_ES\" \/>\n<meta property=\"og:type\" content=\"article\" \/>\n<meta property=\"og:title\" content=\"Cozinha Compacta Roma | Balc\u00e3o para Cooktop - Unibelle M\u00f3veis\" \/>\n<meta property=\"og:description\" content=\"Cozinha Compacta Roma | Balc\u00e3o para Cooktop \u00e9 a solu\u00e7\u00e3o perfeita para quem deseja praticidade e organiza\u00e7\u00e3o na cozinha. Adquira j\u00e1 a sua!\" \/>\n<meta property=\"og:url\" content=\"https:\/\/unibellemoveis.com.br\/es\/producto\/encimera-compacta-de-cocina-roma-para-encimera\/\" \/>\n<meta property=\"og:site_name\" content=\"Unibelle M\u00f3veis\" \/>\n<meta property=\"article:modified_time\" content=\"2024-09-17T22:26:03+00:00\" \/>\n<meta property=\"og:image\" content=\"https:\/\/unibellemoveis.com.br\/wp-content\/uploads\/2024\/09\/1504-Balcao-Cooktop-FI-01-Nogal-Manchester-Grafite.webp\" \/>\n\t<meta property=\"og:image:width\" content=\"1000\" \/>\n\t<meta property=\"og:image:height\" content=\"1000\" \/>\n\t<meta property=\"og:image:type\" content=\"image\/webp\" \/>\n<meta name=\"twitter:card\" content=\"summary_large_image\" \/>\n<meta name=\"twitter:label1\" content=\"Tiempo de lectura\" \/>\n\t<meta name=\"twitter:data1\" content=\"2 minutos\" \/>\n<script type=\"application\/ld+json\" class=\"yoast-schema-graph\">{\"@context\":\"https:\/\/schema.org\",\"@graph\":[{\"@type\":\"WebPage\",\"@id\":\"https:\/\/unibellemoveis.com.br\/produto\/cozinha-compacta-roma-balcao-para-cooktop\/\",\"url\":\"https:\/\/unibellemoveis.com.br\/produto\/cozinha-compacta-roma-balcao-para-cooktop\/\",\"name\":\"Cozinha Compacta Roma | Balc\u00e3o para Cooktop - Unibelle M\u00f3veis\",\"isPartOf\":{\"@id\":\"https:\/\/unibellemoveis.com.br\/#website\"},\"primaryImageOfPage\":{\"@id\":\"https:\/\/unibellemoveis.com.br\/produto\/cozinha-compacta-roma-balcao-para-cooktop\/#primaryimage\"},\"image\":{\"@id\":\"https:\/\/unibellemoveis.com.br\/produto\/cozinha-compacta-roma-balcao-para-cooktop\/#primaryimage\"},\"thumbnailUrl\":\"https:\/\/unibellemoveis.com.br\/wp-content\/uploads\/2024\/09\/1504-Balcao-Cooktop-FI-01-Nogal-Manchester-Grafite.webp\",\"datePublished\":\"2024-09-17T22:22:48+00:00\",\"dateModified\":\"2024-09-17T22:26:03+00:00\",\"description\":\"Cozinha Compacta Roma | Balc\u00e3o para Cooktop \u00e9 a solu\u00e7\u00e3o perfeita para quem deseja praticidade e organiza\u00e7\u00e3o na cozinha. Adquira j\u00e1 a sua!\",\"breadcrumb\":{\"@id\":\"https:\/\/unibellemoveis.com.br\/produto\/cozinha-compacta-roma-balcao-para-cooktop\/#breadcrumb\"},\"inLanguage\":\"es\",\"potentialAction\":[{\"@type\":\"ReadAction\",\"target\":[\"https:\/\/unibellemoveis.com.br\/produto\/cozinha-compacta-roma-balcao-para-cooktop\/\"]}]},{\"@type\":\"ImageObject\",\"inLanguage\":\"es\",\"@id\":\"https:\/\/unibellemoveis.com.br\/produto\/cozinha-compacta-roma-balcao-para-cooktop\/#primaryimage\",\"url\":\"https:\/\/unibellemoveis.com.br\/wp-content\/uploads\/2024\/09\/1504-Balcao-Cooktop-FI-01-Nogal-Manchester-Grafite.webp\",\"contentUrl\":\"https:\/\/unibellemoveis.com.br\/wp-content\/uploads\/2024\/09\/1504-Balcao-Cooktop-FI-01-Nogal-Manchester-Grafite.webp\",\"width\":1000,\"height\":1000,\"caption\":\"1504 - Balc\u00e3o Cooktop - FI 01 - Nogal Manchester-Grafite\"},{\"@type\":\"BreadcrumbList\",\"@id\":\"https:\/\/unibellemoveis.com.br\/produto\/cozinha-compacta-roma-balcao-para-cooktop\/#breadcrumb\",\"itemListElement\":[{\"@type\":\"ListItem\",\"position\":1,\"name\":\"In\u00edcio\",\"item\":\"https:\/\/unibellemoveis.com.br\/\"},{\"@type\":\"ListItem\",\"position\":2,\"name\":\"Produtos\",\"item\":\"https:\/\/unibellemoveis.com.br\/produtos\/\"},{\"@type\":\"ListItem\",\"position\":3,\"name\":\"Cozinha Compacta Roma | Balc\u00e3o para Cooktop\"}]},{\"@type\":\"WebSite\",\"@id\":\"https:\/\/unibellemoveis.com.br\/#website\",\"url\":\"https:\/\/unibellemoveis.com.br\/\",\"name\":\"Unibelle M\u00f3veis\",\"description\":\"Unibelle M\u00f3veis\",\"publisher\":{\"@id\":\"https:\/\/unibellemoveis.com.br\/#organization\"},\"potentialAction\":[{\"@type\":\"SearchAction\",\"target\":{\"@type\":\"EntryPoint\",\"urlTemplate\":\"https:\/\/unibellemoveis.com.br\/?s={search_term_string}\"},\"query-input\":{\"@type\":\"PropertyValueSpecification\",\"valueRequired\":true,\"valueName\":\"search_term_string\"}}],\"inLanguage\":\"es\"},{\"@type\":\"Organization\",\"@id\":\"https:\/\/unibellemoveis.com.br\/#organization\",\"name\":\"Unibele M\u00f3veis\",\"alternateName\":\"Unibele M\u00f3veis\",\"url\":\"https:\/\/unibellemoveis.com.br\/\",\"logo\":{\"@type\":\"ImageObject\",\"inLanguage\":\"es\",\"@id\":\"https:\/\/unibellemoveis.com.br\/#\/schema\/logo\/image\/\",\"url\":\"https:\/\/unibellemoveis.com.br\/wp-content\/uploads\/2024\/04\/Logo-02.webp\",\"contentUrl\":\"https:\/\/unibellemoveis.com.br\/wp-content\/uploads\/2024\/04\/Logo-02.webp\",\"width\":2363,\"height\":754,\"caption\":\"Unibele M\u00f3veis\"},\"image\":{\"@id\":\"https:\/\/unibellemoveis.com.br\/#\/schema\/logo\/image\/\"}}]}<\/script>\n<!-- \/ Yoast SEO plugin. -->","yoast_head_json":{"title":"Cocina compacta Roma | Encimera para cocina - Unibelle M\u00f3veis","description":"Cocina Compacta Roma | La encimera para cocina es la soluci\u00f3n perfecta para quienes buscan practicidad y organizaci\u00f3n en la cocina. \u00a1Cons\u00edguela ya!","robots":{"index":"index","follow":"follow","max-snippet":"max-snippet:-1","max-image-preview":"max-image-preview:large","max-video-preview":"max-video-preview:-1"},"canonical":"https:\/\/unibellemoveis.com.br\/es\/producto\/encimera-compacta-de-cocina-roma-para-encimera\/","og_locale":"es_ES","og_type":"article","og_title":"Cozinha Compacta Roma | Balc\u00e3o para Cooktop - Unibelle M\u00f3veis","og_description":"Cozinha Compacta Roma | Balc\u00e3o para Cooktop \u00e9 a solu\u00e7\u00e3o perfeita para quem deseja praticidade e organiza\u00e7\u00e3o na cozinha. Adquira j\u00e1 a sua!","og_url":"https:\/\/unibellemoveis.com.br\/es\/producto\/encimera-compacta-de-cocina-roma-para-encimera\/","og_site_name":"Unibelle M\u00f3veis","article_modified_time":"2024-09-17T22:26:03+00:00","og_image":[{"width":1000,"height":1000,"url":"https:\/\/unibellemoveis.com.br\/wp-content\/uploads\/2024\/09\/1504-Balcao-Cooktop-FI-01-Nogal-Manchester-Grafite.webp","type":"image\/webp"}],"twitter_card":"summary_large_image","twitter_misc":{"Tiempo de lectura":"2 minutos"},"schema":{"@context":"https:\/\/schema.org","@graph":[{"@type":"WebPage","@id":"https:\/\/unibellemoveis.com.br\/produto\/cozinha-compacta-roma-balcao-para-cooktop\/","url":"https:\/\/unibellemoveis.com.br\/produto\/cozinha-compacta-roma-balcao-para-cooktop\/","name":"Cocina compacta Roma | Encimera para cocina - Unibelle M\u00f3veis","isPartOf":{"@id":"https:\/\/unibellemoveis.com.br\/#website"},"primaryImageOfPage":{"@id":"https:\/\/unibellemoveis.com.br\/produto\/cozinha-compacta-roma-balcao-para-cooktop\/#primaryimage"},"image":{"@id":"https:\/\/unibellemoveis.com.br\/produto\/cozinha-compacta-roma-balcao-para-cooktop\/#primaryimage"},"thumbnailUrl":"https:\/\/unibellemoveis.com.br\/wp-content\/uploads\/2024\/09\/1504-Balcao-Cooktop-FI-01-Nogal-Manchester-Grafite.webp","datePublished":"2024-09-17T22:22:48+00:00","dateModified":"2024-09-17T22:26:03+00:00","description":"Cocina Compacta Roma | La encimera para cocina es la soluci\u00f3n perfecta para quienes buscan practicidad y organizaci\u00f3n en la cocina. \u00a1Cons\u00edguela ya!","breadcrumb":{"@id":"https:\/\/unibellemoveis.com.br\/produto\/cozinha-compacta-roma-balcao-para-cooktop\/#breadcrumb"},"inLanguage":"es","potentialAction":[{"@type":"ReadAction","target":["https:\/\/unibellemoveis.com.br\/produto\/cozinha-compacta-roma-balcao-para-cooktop\/"]}]},{"@type":"ImageObject","inLanguage":"es","@id":"https:\/\/unibellemoveis.com.br\/produto\/cozinha-compacta-roma-balcao-para-cooktop\/#primaryimage","url":"https:\/\/unibellemoveis.com.br\/wp-content\/uploads\/2024\/09\/1504-Balcao-Cooktop-FI-01-Nogal-Manchester-Grafite.webp","contentUrl":"https:\/\/unibellemoveis.com.br\/wp-content\/uploads\/2024\/09\/1504-Balcao-Cooktop-FI-01-Nogal-Manchester-Grafite.webp","width":1000,"height":1000,"caption":"1504 - Balc\u00e3o Cooktop - FI 01 - Nogal Manchester-Grafite"},{"@type":"BreadcrumbList","@id":"https:\/\/unibellemoveis.com.br\/produto\/cozinha-compacta-roma-balcao-para-cooktop\/#breadcrumb","itemListElement":[{"@type":"ListItem","position":1,"name":"In\u00edcio","item":"https:\/\/unibellemoveis.com.br\/"},{"@type":"ListItem","position":2,"name":"Produtos","item":"https:\/\/unibellemoveis.com.br\/produtos\/"},{"@type":"ListItem","position":3,"name":"Cozinha Compacta Roma | Balc\u00e3o para Cooktop"}]},{"@type":"WebSite","@id":"https:\/\/unibellemoveis.com.br\/#website","url":"https:\/\/unibellemoveis.com.br\/","name":"Muebles Unibelle","description":"Muebles Unibelle","publisher":{"@id":"https:\/\/unibellemoveis.com.br\/#organization"},"potentialAction":[{"@type":"SearchAction","target":{"@type":"EntryPoint","urlTemplate":"https:\/\/unibellemoveis.com.br\/?s={search_term_string}"},"query-input":{"@type":"PropertyValueSpecification","valueRequired":true,"valueName":"search_term_string"}}],"inLanguage":"es"},{"@type":"Organization","@id":"https:\/\/unibellemoveis.com.br\/#organization","name":"Unibele M\u00f3veis","alternateName":"Unibele M\u00f3veis","url":"https:\/\/unibellemoveis.com.br\/","logo":{"@type":"ImageObject","inLanguage":"es","@id":"https:\/\/unibellemoveis.com.br\/#\/schema\/logo\/image\/","url":"https:\/\/unibellemoveis.com.br\/wp-content\/uploads\/2024\/04\/Logo-02.webp","contentUrl":"https:\/\/unibellemoveis.com.br\/wp-content\/uploads\/2024\/04\/Logo-02.webp","width":2363,"height":754,"caption":"Unibele M\u00f3veis"},"image":{"@id":"https:\/\/unibellemoveis.com.br\/#\/schema\/logo\/image\/"}}]}},"_links":{"self":[{"href":"https:\/\/unibellemoveis.com.br\/es\/wp-json\/wp\/v2\/product\/2429","targetHints":{"allow":["GET"]}}],"collection":[{"href":"https:\/\/unibellemoveis.com.br\/es\/wp-json\/wp\/v2\/product"}],"about":[{"href":"https:\/\/unibellemoveis.com.br\/es\/wp-json\/wp\/v2\/types\/product"}],"replies":[{"embeddable":true,"href":"https:\/\/unibellemoveis.com.br\/es\/wp-json\/wp\/v2\/comments?post=2429"}],"version-history":[{"count":1,"href":"https:\/\/unibellemoveis.com.br\/es\/wp-json\/wp\/v2\/product\/2429\/revisions"}],"predecessor-version":[{"id":2435,"href":"https:\/\/unibellemoveis.com.br\/es\/wp-json\/wp\/v2\/product\/2429\/revisions\/2435"}],"wp:featuredmedia":[{"embeddable":true,"href":"https:\/\/unibellemoveis.com.br\/es\/wp-json\/wp\/v2\/media\/2433"}],"wp:attachment":[{"href":"https:\/\/unibellemoveis.com.br\/es\/wp-json\/wp\/v2\/media?parent=2429"}],"wp:term":[{"taxonomy":"product_brand","embeddable":true,"href":"https:\/\/unibellemoveis.com.br\/es\/wp-json\/wp\/v2\/product_brand?post=2429"},{"taxonomy":"product_cat","embeddable":true,"href":"https:\/\/unibellemoveis.com.br\/es\/wp-json\/wp\/v2\/product_cat?post=2429"},{"taxonomy":"product_tag","embeddable":true,"href":"https:\/\/unibellemoveis.com.br\/es\/wp-json\/wp\/v2\/product_tag?post=2429"}],"curies":[{"name":"wp","href":"https:\/\/api.w.org\/{rel}","templated":true}]}}