{"id":2436,"date":"2024-09-17T19:27:00","date_gmt":"2024-09-17T22:27:00","guid":{"rendered":"https:\/\/unibellemoveis.com.br\/?post_type=product&#038;p=2436"},"modified":"2024-09-17T19:47:55","modified_gmt":"2024-09-17T22:47:55","slug":"cocina-modular-roma","status":"publish","type":"product","link":"https:\/\/unibellemoveis.com.br\/es\/producto\/cocina-modular-roma\/","title":{"rendered":"Cocina modular Roma"},"content":{"rendered":"<div class=\"flex-shrink-0 flex flex-col relative items-end\">\n<div class=\"pt-0.5 juice:pt-0\">\n<div class=\"gizmo-bot-avatar flex h-6 w-6 items-center justify-center overflow-hidden rounded-full juice:h-8 juice:w-8\">\n<div class=\"relative p-1 rounded-sm flex items-center justify-center bg-token-main-surface-primary text-token-text-primary h-8 w-8\">\n<h3>Cocina modular Roma: dise\u00f1o moderno y funcional<\/h3>\n<p>EL <strong>Cocina modular Roma<\/strong> Esta es la opci\u00f3n ideal para quienes buscan versatilidad, estilo y organizaci\u00f3n en un solo espacio. Compuesta por 6 m\u00f3dulos, esta cocina ofrece un dise\u00f1o moderno que se puede configurar seg\u00fan sus necesidades, brindando practicidad para el d\u00eda a d\u00eda. El acabado es de... <strong>Nogal Manchester\/Grafito o Blanco<\/strong> Ofrece un aspecto contempor\u00e1neo, perfecto para cocinas sofisticadas.<\/p>\n<p><strong>Diferenciadores del producto:<\/strong><\/p>\n<ul>\n<li><strong>Diapositivas de metal<\/strong>, lo que garantiza suavidad y durabilidad para el uso diario.<\/li>\n<li><strong>Patas regulables en altura<\/strong>, proporcionando estabilidad y adaptabilidad a diferentes superficies de suelo.<\/li>\n<li>Producido en <strong>100% MDP 15 mm<\/strong>Material de alta calidad y duradero<\/li>\n<li><strong>Puertas de aire con pist\u00f3n<\/strong>, lo que facilita su manejo y le da un toque moderno.<\/li>\n<li><strong>M\u00f3dulo de horno y microondas<\/strong>, maximizando el uso del espacio<\/li>\n<\/ul>\n<p><strong>Composici\u00f3n de la cocina modular Roma:<\/strong><\/p>\n<ul>\n<li><strong>6 m\u00f3dulos<\/strong>: 1506\/1502\/1503\/1505\/1501\/1504, configurable para adaptarse a diferentes espacios<\/li>\n<li>M\u00f3dulos inferiores con <strong>amplio espacio de almacenamiento<\/strong>, ideal para utensilios y comestibles<\/li>\n<li><strong>Estantes abiertos<\/strong> Para art\u00edculos decorativos o de uso frecuente, a\u00f1adiendo encanto y practicidad.<\/li>\n<\/ul>\n<p><strong>Especificaciones t\u00e9cnicas:<\/strong><\/p>\n<ul>\n<li>Finalizando en <strong>Nogal Manchester\/Grafito o Blanco<\/strong><\/li>\n<li>La altura y la anchura var\u00edan seg\u00fan la disposici\u00f3n de los m\u00f3dulos.<\/li>\n<li>Material: <strong>MDP de 15 mm<\/strong><\/li>\n<li>M\u00f3dulos con puertas, estantes y nichos para electrodom\u00e9sticos.<\/li>\n<\/ul>\n<p>EL <strong>Cocina modular Roma<\/strong> Combina elegancia y funcionalidad, convirti\u00e9ndola en la opci\u00f3n perfecta para quienes desean un ambiente pr\u00e1ctico, organizado y con estilo. Ideal para quienes buscan una cocina planificada y funcional que se adapte a diferentes necesidades.<\/p>\n<p>Vea todos los modelos: <a href=\"https:\/\/unibellemoveis.com.br\/es\/categoria-producto\/cocina\/\">https:\/\/unibellemoveis.com.br\/categoria-produto\/cozinha\/<\/a><\/p>\n<\/div>\n<\/div>\n<\/div>\n<\/div>","protected":false},"excerpt":{"rendered":"<p>EL <strong>Cocina modular Roma<\/strong> Esta es la opci\u00f3n ideal para quienes buscan versatilidad, estilo y organizaci\u00f3n en un solo espacio. Compuesta por 6 m\u00f3dulos, esta cocina ofrece un dise\u00f1o moderno que se puede configurar seg\u00fan sus necesidades, brindando practicidad para el d\u00eda a d\u00eda. El acabado es de... <strong>Nogal Manchester\/Grafito o Blanco<\/strong> Ofrece un aspecto contempor\u00e1neo, perfecto para cocinas sofisticadas.<\/p>","protected":false},"featured_media":2439,"comment_status":"open","ping_status":"closed","template":"","meta":{"_joinchat":[]},"product_brand":[],"product_cat":[29],"product_tag":[],"class_list":{"0":"post-2436","1":"product","2":"type-product","3":"status-publish","4":"has-post-thumbnail","6":"product_cat-cozinha","8":"first","9":"instock","10":"shipping-taxable","11":"product-type-grouped"},"yoast_head":"<!-- This site is optimized with the Yoast SEO plugin v26.0 - https:\/\/yoast.com\/wordpress\/plugins\/seo\/ -->\n<title>Cozinha Modulada Roma - Unibelle M\u00f3veis<\/title>\n<meta name=\"description\" content=\"Cozinha Modulada Roma \u00e9 a solu\u00e7\u00e3o perfeita para quem deseja praticidade e organiza\u00e7\u00e3o na cozinha. Adquira j\u00e1 a sua e complete sua casa!\" \/>\n<meta name=\"robots\" content=\"index, follow, max-snippet:-1, max-image-preview:large, max-video-preview:-1\" \/>\n<link rel=\"canonical\" href=\"https:\/\/unibellemoveis.com.br\/es\/producto\/cocina-modular-roma\/\" \/>\n<meta property=\"og:locale\" content=\"es_ES\" \/>\n<meta property=\"og:type\" content=\"article\" \/>\n<meta property=\"og:title\" content=\"Cozinha Modulada Roma - Unibelle M\u00f3veis\" \/>\n<meta property=\"og:description\" content=\"Cozinha Modulada Roma \u00e9 a solu\u00e7\u00e3o perfeita para quem deseja praticidade e organiza\u00e7\u00e3o na cozinha. Adquira j\u00e1 a sua e complete sua casa!\" \/>\n<meta property=\"og:url\" content=\"https:\/\/unibellemoveis.com.br\/es\/producto\/cocina-modular-roma\/\" \/>\n<meta property=\"og:site_name\" content=\"Unibelle M\u00f3veis\" \/>\n<meta property=\"article:modified_time\" content=\"2024-09-17T22:47:55+00:00\" \/>\n<meta property=\"og:image\" content=\"https:\/\/unibellemoveis.com.br\/wp-content\/uploads\/2024\/09\/image_1007-e1726612360964.png\" \/>\n\t<meta property=\"og:image:width\" content=\"594\" \/>\n\t<meta property=\"og:image:height\" content=\"594\" \/>\n\t<meta property=\"og:image:type\" content=\"image\/png\" \/>\n<meta name=\"twitter:card\" content=\"summary_large_image\" \/>\n<meta name=\"twitter:label1\" content=\"Tiempo de lectura\" \/>\n\t<meta name=\"twitter:data1\" content=\"2 minutos\" \/>\n<script type=\"application\/ld+json\" class=\"yoast-schema-graph\">{\"@context\":\"https:\/\/schema.org\",\"@graph\":[{\"@type\":\"WebPage\",\"@id\":\"https:\/\/unibellemoveis.com.br\/produto\/cozinha-modulada-roma\/\",\"url\":\"https:\/\/unibellemoveis.com.br\/produto\/cozinha-modulada-roma\/\",\"name\":\"Cozinha Modulada Roma - Unibelle M\u00f3veis\",\"isPartOf\":{\"@id\":\"https:\/\/unibellemoveis.com.br\/#website\"},\"primaryImageOfPage\":{\"@id\":\"https:\/\/unibellemoveis.com.br\/produto\/cozinha-modulada-roma\/#primaryimage\"},\"image\":{\"@id\":\"https:\/\/unibellemoveis.com.br\/produto\/cozinha-modulada-roma\/#primaryimage\"},\"thumbnailUrl\":\"https:\/\/unibellemoveis.com.br\/wp-content\/uploads\/2024\/09\/image_1007-e1726612360964.png\",\"datePublished\":\"2024-09-17T22:27:00+00:00\",\"dateModified\":\"2024-09-17T22:47:55+00:00\",\"description\":\"Cozinha Modulada Roma \u00e9 a solu\u00e7\u00e3o perfeita para quem deseja praticidade e organiza\u00e7\u00e3o na cozinha. Adquira j\u00e1 a sua e complete sua casa!\",\"breadcrumb\":{\"@id\":\"https:\/\/unibellemoveis.com.br\/produto\/cozinha-modulada-roma\/#breadcrumb\"},\"inLanguage\":\"es\",\"potentialAction\":[{\"@type\":\"ReadAction\",\"target\":[\"https:\/\/unibellemoveis.com.br\/produto\/cozinha-modulada-roma\/\"]}]},{\"@type\":\"ImageObject\",\"inLanguage\":\"es\",\"@id\":\"https:\/\/unibellemoveis.com.br\/produto\/cozinha-modulada-roma\/#primaryimage\",\"url\":\"https:\/\/unibellemoveis.com.br\/wp-content\/uploads\/2024\/09\/image_1007-e1726612360964.png\",\"contentUrl\":\"https:\/\/unibellemoveis.com.br\/wp-content\/uploads\/2024\/09\/image_1007-e1726612360964.png\",\"width\":594,\"height\":594,\"caption\":\"Cozinha Roma\"},{\"@type\":\"BreadcrumbList\",\"@id\":\"https:\/\/unibellemoveis.com.br\/produto\/cozinha-modulada-roma\/#breadcrumb\",\"itemListElement\":[{\"@type\":\"ListItem\",\"position\":1,\"name\":\"In\u00edcio\",\"item\":\"https:\/\/unibellemoveis.com.br\/\"},{\"@type\":\"ListItem\",\"position\":2,\"name\":\"Produtos\",\"item\":\"https:\/\/unibellemoveis.com.br\/produtos\/\"},{\"@type\":\"ListItem\",\"position\":3,\"name\":\"Cozinha Modulada Roma\"}]},{\"@type\":\"WebSite\",\"@id\":\"https:\/\/unibellemoveis.com.br\/#website\",\"url\":\"https:\/\/unibellemoveis.com.br\/\",\"name\":\"Unibelle M\u00f3veis\",\"description\":\"Unibelle M\u00f3veis\",\"publisher\":{\"@id\":\"https:\/\/unibellemoveis.com.br\/#organization\"},\"potentialAction\":[{\"@type\":\"SearchAction\",\"target\":{\"@type\":\"EntryPoint\",\"urlTemplate\":\"https:\/\/unibellemoveis.com.br\/?s={search_term_string}\"},\"query-input\":{\"@type\":\"PropertyValueSpecification\",\"valueRequired\":true,\"valueName\":\"search_term_string\"}}],\"inLanguage\":\"es\"},{\"@type\":\"Organization\",\"@id\":\"https:\/\/unibellemoveis.com.br\/#organization\",\"name\":\"Unibele M\u00f3veis\",\"alternateName\":\"Unibele M\u00f3veis\",\"url\":\"https:\/\/unibellemoveis.com.br\/\",\"logo\":{\"@type\":\"ImageObject\",\"inLanguage\":\"es\",\"@id\":\"https:\/\/unibellemoveis.com.br\/#\/schema\/logo\/image\/\",\"url\":\"https:\/\/unibellemoveis.com.br\/wp-content\/uploads\/2024\/04\/Logo-02.webp\",\"contentUrl\":\"https:\/\/unibellemoveis.com.br\/wp-content\/uploads\/2024\/04\/Logo-02.webp\",\"width\":2363,\"height\":754,\"caption\":\"Unibele M\u00f3veis\"},\"image\":{\"@id\":\"https:\/\/unibellemoveis.com.br\/#\/schema\/logo\/image\/\"}}]}<\/script>\n<!-- \/ Yoast SEO plugin. -->","yoast_head_json":{"title":"Cocina modular Roma - Muebles Unibelle","description":"La cocina modular Roma es la soluci\u00f3n perfecta para quienes buscan practicidad y organizaci\u00f3n en la cocina. \u00a1Consigue la tuya ahora y completa tu hogar!","robots":{"index":"index","follow":"follow","max-snippet":"max-snippet:-1","max-image-preview":"max-image-preview:large","max-video-preview":"max-video-preview:-1"},"canonical":"https:\/\/unibellemoveis.com.br\/es\/producto\/cocina-modular-roma\/","og_locale":"es_ES","og_type":"article","og_title":"Cozinha Modulada Roma - Unibelle M\u00f3veis","og_description":"Cozinha Modulada Roma \u00e9 a solu\u00e7\u00e3o perfeita para quem deseja praticidade e organiza\u00e7\u00e3o na cozinha. Adquira j\u00e1 a sua e complete sua casa!","og_url":"https:\/\/unibellemoveis.com.br\/es\/producto\/cocina-modular-roma\/","og_site_name":"Unibelle M\u00f3veis","article_modified_time":"2024-09-17T22:47:55+00:00","og_image":[{"width":594,"height":594,"url":"https:\/\/unibellemoveis.com.br\/wp-content\/uploads\/2024\/09\/image_1007-e1726612360964.png","type":"image\/png"}],"twitter_card":"summary_large_image","twitter_misc":{"Tiempo de lectura":"2 minutos"},"schema":{"@context":"https:\/\/schema.org","@graph":[{"@type":"WebPage","@id":"https:\/\/unibellemoveis.com.br\/produto\/cozinha-modulada-roma\/","url":"https:\/\/unibellemoveis.com.br\/produto\/cozinha-modulada-roma\/","name":"Cocina modular Roma - Muebles Unibelle","isPartOf":{"@id":"https:\/\/unibellemoveis.com.br\/#website"},"primaryImageOfPage":{"@id":"https:\/\/unibellemoveis.com.br\/produto\/cozinha-modulada-roma\/#primaryimage"},"image":{"@id":"https:\/\/unibellemoveis.com.br\/produto\/cozinha-modulada-roma\/#primaryimage"},"thumbnailUrl":"https:\/\/unibellemoveis.com.br\/wp-content\/uploads\/2024\/09\/image_1007-e1726612360964.png","datePublished":"2024-09-17T22:27:00+00:00","dateModified":"2024-09-17T22:47:55+00:00","description":"La cocina modular Roma es la soluci\u00f3n perfecta para quienes buscan practicidad y organizaci\u00f3n en la cocina. \u00a1Consigue la tuya ahora y completa tu hogar!","breadcrumb":{"@id":"https:\/\/unibellemoveis.com.br\/produto\/cozinha-modulada-roma\/#breadcrumb"},"inLanguage":"es","potentialAction":[{"@type":"ReadAction","target":["https:\/\/unibellemoveis.com.br\/produto\/cozinha-modulada-roma\/"]}]},{"@type":"ImageObject","inLanguage":"es","@id":"https:\/\/unibellemoveis.com.br\/produto\/cozinha-modulada-roma\/#primaryimage","url":"https:\/\/unibellemoveis.com.br\/wp-content\/uploads\/2024\/09\/image_1007-e1726612360964.png","contentUrl":"https:\/\/unibellemoveis.com.br\/wp-content\/uploads\/2024\/09\/image_1007-e1726612360964.png","width":594,"height":594,"caption":"Cozinha Roma"},{"@type":"BreadcrumbList","@id":"https:\/\/unibellemoveis.com.br\/produto\/cozinha-modulada-roma\/#breadcrumb","itemListElement":[{"@type":"ListItem","position":1,"name":"In\u00edcio","item":"https:\/\/unibellemoveis.com.br\/"},{"@type":"ListItem","position":2,"name":"Produtos","item":"https:\/\/unibellemoveis.com.br\/produtos\/"},{"@type":"ListItem","position":3,"name":"Cozinha Modulada Roma"}]},{"@type":"WebSite","@id":"https:\/\/unibellemoveis.com.br\/#website","url":"https:\/\/unibellemoveis.com.br\/","name":"Muebles Unibelle","description":"Muebles Unibelle","publisher":{"@id":"https:\/\/unibellemoveis.com.br\/#organization"},"potentialAction":[{"@type":"SearchAction","target":{"@type":"EntryPoint","urlTemplate":"https:\/\/unibellemoveis.com.br\/?s={search_term_string}"},"query-input":{"@type":"PropertyValueSpecification","valueRequired":true,"valueName":"search_term_string"}}],"inLanguage":"es"},{"@type":"Organization","@id":"https:\/\/unibellemoveis.com.br\/#organization","name":"Unibele M\u00f3veis","alternateName":"Unibele M\u00f3veis","url":"https:\/\/unibellemoveis.com.br\/","logo":{"@type":"ImageObject","inLanguage":"es","@id":"https:\/\/unibellemoveis.com.br\/#\/schema\/logo\/image\/","url":"https:\/\/unibellemoveis.com.br\/wp-content\/uploads\/2024\/04\/Logo-02.webp","contentUrl":"https:\/\/unibellemoveis.com.br\/wp-content\/uploads\/2024\/04\/Logo-02.webp","width":2363,"height":754,"caption":"Unibele M\u00f3veis"},"image":{"@id":"https:\/\/unibellemoveis.com.br\/#\/schema\/logo\/image\/"}}]}},"_links":{"self":[{"href":"https:\/\/unibellemoveis.com.br\/es\/wp-json\/wp\/v2\/product\/2436","targetHints":{"allow":["GET"]}}],"collection":[{"href":"https:\/\/unibellemoveis.com.br\/es\/wp-json\/wp\/v2\/product"}],"about":[{"href":"https:\/\/unibellemoveis.com.br\/es\/wp-json\/wp\/v2\/types\/product"}],"replies":[{"embeddable":true,"href":"https:\/\/unibellemoveis.com.br\/es\/wp-json\/wp\/v2\/comments?post=2436"}],"version-history":[{"count":2,"href":"https:\/\/unibellemoveis.com.br\/es\/wp-json\/wp\/v2\/product\/2436\/revisions"}],"predecessor-version":[{"id":2441,"href":"https:\/\/unibellemoveis.com.br\/es\/wp-json\/wp\/v2\/product\/2436\/revisions\/2441"}],"wp:featuredmedia":[{"embeddable":true,"href":"https:\/\/unibellemoveis.com.br\/es\/wp-json\/wp\/v2\/media\/2439"}],"wp:attachment":[{"href":"https:\/\/unibellemoveis.com.br\/es\/wp-json\/wp\/v2\/media?parent=2436"}],"wp:term":[{"taxonomy":"product_brand","embeddable":true,"href":"https:\/\/unibellemoveis.com.br\/es\/wp-json\/wp\/v2\/product_brand?post=2436"},{"taxonomy":"product_cat","embeddable":true,"href":"https:\/\/unibellemoveis.com.br\/es\/wp-json\/wp\/v2\/product_cat?post=2436"},{"taxonomy":"product_tag","embeddable":true,"href":"https:\/\/unibellemoveis.com.br\/es\/wp-json\/wp\/v2\/product_tag?post=2436"}],"curies":[{"name":"wp","href":"https:\/\/api.w.org\/{rel}","templated":true}]}}