{"id":2449,"date":"2024-09-18T13:21:06","date_gmt":"2024-09-18T16:21:06","guid":{"rendered":"https:\/\/unibellemoveis.com.br\/?post_type=product&#038;p=2449"},"modified":"2024-09-18T13:23:56","modified_gmt":"2024-09-18T16:23:56","slug":"comoda-4-gavetas","status":"publish","type":"product","link":"https:\/\/unibellemoveis.com.br\/es\/producto\/comoda-4-gavetas\/","title":{"rendered":"C\u00f3moda de 4 cajones"},"content":{"rendered":"<div class=\"flex-shrink-0 flex flex-col relative items-end\">\n<div class=\"pt-0.5 juice:pt-0\">\n<div class=\"gizmo-bot-avatar flex h-6 w-6 items-center justify-center overflow-hidden rounded-full juice:h-8 juice:w-8\">\n<div class=\"relative p-1 rounded-sm flex items-center justify-center bg-token-main-surface-primary text-token-text-primary h-8 w-8\">\n<div class=\"flex-shrink-0 flex flex-col relative items-end\">\n<div class=\"pt-0.5 juice:pt-0\">\n<div class=\"gizmo-bot-avatar flex h-6 w-6 items-center justify-center overflow-hidden rounded-full juice:h-8 juice:w-8\">\n<div class=\"relative p-1 rounded-sm flex items-center justify-center bg-token-main-surface-primary text-token-text-primary h-8 w-8\">\n<h3>C\u00f3moda de 4 cajones<\/h3>\n<p>EL <strong>C\u00f3moda con 4 cajones<\/strong> Es la opci\u00f3n perfecta para quienes buscan un mueble funcional y elegante para organizar su dormitorio. Con un dise\u00f1o moderno y compacto, esta c\u00f3moda ofrece amplio espacio de almacenamiento, manteniendo la habitaci\u00f3n organizada y con estilo. Disponible en <strong>Blanco<\/strong>, se adapta f\u00e1cilmente a diferentes tipos de decoraci\u00f3n.<\/p>\n<p><strong>Diferenciadores del producto:<\/strong><\/p>\n<ul>\n<li>Producido en <strong>MDP de 15 mm<\/strong>, garantizando resistencia y durabilidad<\/li>\n<li><strong>4 gavetas<\/strong> espa\u00e7osas, perfeitas para organizar roupas, acess\u00f3rios e objetos pessoais<\/li>\n<li>Design compacto, ideal para quartos de qualquer tamanho<\/li>\n<li>Cor <strong>Blanco<\/strong>, que combina com diversos estilos de decora\u00e7\u00e3o, proporcionando um visual clean e moderno<\/li>\n<\/ul>\n<p><strong>Especificaciones t\u00e9cnicas:<\/strong><\/p>\n<ul>\n<li><strong>Altura:<\/strong> 91 cm<\/li>\n<li><strong>Ancho:<\/strong> 90 cm<\/li>\n<li><strong>Profundidad:<\/strong> 40 cent\u00edmetros<\/li>\n<li><strong>Espesor del material:<\/strong> 15 mil\u00edmetros<\/li>\n<li><strong>Capacidad c\u00fabica:<\/strong> 0,055 m\u00b3<\/li>\n<li><strong>Peso:<\/strong> 33 kg<\/li>\n<li><strong>Vol\u00famenes:<\/strong> 1<\/li>\n<\/ul>\n<p>EL <strong>C\u00f3moda con 4 cajones<\/strong> \u00e9 ideal para quem deseja otimizar o espa\u00e7o no quarto, oferecendo organiza\u00e7\u00e3o e praticidade sem abrir m\u00e3o do design moderno. Compacta e funcional, ela \u00e9 perfeita para complementar qualquer ambiente.<\/p>\n<p>Descubre todos los modelos: <a href=\"https:\/\/unibellemoveis.com.br\/es\/categoria-producto\/dormitorio\/\">https:\/\/unibellemoveis.com.br\/categoria-produto\/dormitorio\/<\/a><\/p>\n<\/div>\n<\/div>\n<\/div>\n<\/div>\n<\/div>\n<\/div>\n<\/div>\n<\/div>","protected":false},"excerpt":{"rendered":"<p>EL <strong>C\u00f3moda con 4 cajones<\/strong> Es la opci\u00f3n perfecta para quienes buscan un mueble funcional y elegante para organizar su dormitorio. Con un dise\u00f1o moderno y compacto, esta c\u00f3moda ofrece amplio espacio de almacenamiento, manteniendo la habitaci\u00f3n organizada y con estilo. Disponible en <strong>Blanco<\/strong>, se adapta f\u00e1cilmente a diferentes tipos de decoraci\u00f3n.<\/p>","protected":false},"featured_media":2447,"comment_status":"open","ping_status":"closed","template":"","meta":{"_joinchat":[]},"product_brand":[],"product_cat":[31],"product_tag":[],"class_list":{"0":"post-2449","1":"product","2":"type-product","3":"status-publish","4":"has-post-thumbnail","6":"product_cat-dormitorio","8":"first","9":"instock","10":"shipping-taxable","11":"product-type-simple"},"yoast_head":"<!-- This site is optimized with the Yoast SEO plugin v26.0 - https:\/\/yoast.com\/wordpress\/plugins\/seo\/ -->\n<title>C\u00f4moda 4 Gavetas - Unibelle M\u00f3veis<\/title>\n<meta name=\"description\" content=\"C\u00f4moda 4 Gavetas Este m\u00f3vel \u00e9 a solu\u00e7\u00e3o para quem busca aliar eleg\u00e2ncia e funcionalidade, oferecendo uma maneira pr\u00e1tica e sofisticada.\" \/>\n<meta name=\"robots\" content=\"index, follow, max-snippet:-1, max-image-preview:large, max-video-preview:-1\" \/>\n<link rel=\"canonical\" href=\"https:\/\/unibellemoveis.com.br\/es\/producto\/comoda-4-gavetas\/\" \/>\n<meta property=\"og:locale\" content=\"es_ES\" \/>\n<meta property=\"og:type\" content=\"article\" \/>\n<meta property=\"og:title\" content=\"C\u00f4moda 4 Gavetas - Unibelle M\u00f3veis\" \/>\n<meta property=\"og:description\" content=\"C\u00f4moda 4 Gavetas Este m\u00f3vel \u00e9 a solu\u00e7\u00e3o para quem busca aliar eleg\u00e2ncia e funcionalidade, oferecendo uma maneira pr\u00e1tica e sofisticada.\" \/>\n<meta property=\"og:url\" content=\"https:\/\/unibellemoveis.com.br\/es\/producto\/comoda-4-gavetas\/\" \/>\n<meta property=\"og:site_name\" content=\"Unibelle M\u00f3veis\" \/>\n<meta property=\"article:modified_time\" content=\"2024-09-18T16:23:56+00:00\" \/>\n<meta property=\"og:image\" content=\"https:\/\/unibellemoveis.com.br\/wp-content\/uploads\/2024\/09\/3114.1.1.webp\" \/>\n\t<meta property=\"og:image:width\" content=\"1000\" \/>\n\t<meta property=\"og:image:height\" content=\"1000\" \/>\n\t<meta property=\"og:image:type\" content=\"image\/webp\" \/>\n<meta name=\"twitter:card\" content=\"summary_large_image\" \/>\n<meta name=\"twitter:label1\" content=\"Tiempo de lectura\" \/>\n\t<meta name=\"twitter:data1\" content=\"2 minutos\" \/>\n<script type=\"application\/ld+json\" class=\"yoast-schema-graph\">{\"@context\":\"https:\/\/schema.org\",\"@graph\":[{\"@type\":\"WebPage\",\"@id\":\"https:\/\/unibellemoveis.com.br\/produto\/comoda-4-gavetas\/\",\"url\":\"https:\/\/unibellemoveis.com.br\/produto\/comoda-4-gavetas\/\",\"name\":\"C\u00f4moda 4 Gavetas - Unibelle M\u00f3veis\",\"isPartOf\":{\"@id\":\"https:\/\/unibellemoveis.com.br\/#website\"},\"primaryImageOfPage\":{\"@id\":\"https:\/\/unibellemoveis.com.br\/produto\/comoda-4-gavetas\/#primaryimage\"},\"image\":{\"@id\":\"https:\/\/unibellemoveis.com.br\/produto\/comoda-4-gavetas\/#primaryimage\"},\"thumbnailUrl\":\"https:\/\/unibellemoveis.com.br\/wp-content\/uploads\/2024\/09\/3114.1.1.webp\",\"datePublished\":\"2024-09-18T16:21:06+00:00\",\"dateModified\":\"2024-09-18T16:23:56+00:00\",\"description\":\"C\u00f4moda 4 Gavetas Este m\u00f3vel \u00e9 a solu\u00e7\u00e3o para quem busca aliar eleg\u00e2ncia e funcionalidade, oferecendo uma maneira pr\u00e1tica e sofisticada.\",\"breadcrumb\":{\"@id\":\"https:\/\/unibellemoveis.com.br\/produto\/comoda-4-gavetas\/#breadcrumb\"},\"inLanguage\":\"es\",\"potentialAction\":[{\"@type\":\"ReadAction\",\"target\":[\"https:\/\/unibellemoveis.com.br\/produto\/comoda-4-gavetas\/\"]}]},{\"@type\":\"ImageObject\",\"inLanguage\":\"es\",\"@id\":\"https:\/\/unibellemoveis.com.br\/produto\/comoda-4-gavetas\/#primaryimage\",\"url\":\"https:\/\/unibellemoveis.com.br\/wp-content\/uploads\/2024\/09\/3114.1.1.webp\",\"contentUrl\":\"https:\/\/unibellemoveis.com.br\/wp-content\/uploads\/2024\/09\/3114.1.1.webp\",\"width\":1000,\"height\":1000,\"caption\":\"3114 - Guarda Roupas 4 Portas - FI 02 - Branco3114 - Guarda Roupas 4 Portas\"},{\"@type\":\"BreadcrumbList\",\"@id\":\"https:\/\/unibellemoveis.com.br\/produto\/comoda-4-gavetas\/#breadcrumb\",\"itemListElement\":[{\"@type\":\"ListItem\",\"position\":1,\"name\":\"In\u00edcio\",\"item\":\"https:\/\/unibellemoveis.com.br\/\"},{\"@type\":\"ListItem\",\"position\":2,\"name\":\"Produtos\",\"item\":\"https:\/\/unibellemoveis.com.br\/produtos\/\"},{\"@type\":\"ListItem\",\"position\":3,\"name\":\"C\u00f4moda 4 Gavetas\"}]},{\"@type\":\"WebSite\",\"@id\":\"https:\/\/unibellemoveis.com.br\/#website\",\"url\":\"https:\/\/unibellemoveis.com.br\/\",\"name\":\"Unibelle M\u00f3veis\",\"description\":\"Unibelle M\u00f3veis\",\"publisher\":{\"@id\":\"https:\/\/unibellemoveis.com.br\/#organization\"},\"potentialAction\":[{\"@type\":\"SearchAction\",\"target\":{\"@type\":\"EntryPoint\",\"urlTemplate\":\"https:\/\/unibellemoveis.com.br\/?s={search_term_string}\"},\"query-input\":{\"@type\":\"PropertyValueSpecification\",\"valueRequired\":true,\"valueName\":\"search_term_string\"}}],\"inLanguage\":\"es\"},{\"@type\":\"Organization\",\"@id\":\"https:\/\/unibellemoveis.com.br\/#organization\",\"name\":\"Unibele M\u00f3veis\",\"alternateName\":\"Unibele M\u00f3veis\",\"url\":\"https:\/\/unibellemoveis.com.br\/\",\"logo\":{\"@type\":\"ImageObject\",\"inLanguage\":\"es\",\"@id\":\"https:\/\/unibellemoveis.com.br\/#\/schema\/logo\/image\/\",\"url\":\"https:\/\/unibellemoveis.com.br\/wp-content\/uploads\/2024\/04\/Logo-02.webp\",\"contentUrl\":\"https:\/\/unibellemoveis.com.br\/wp-content\/uploads\/2024\/04\/Logo-02.webp\",\"width\":2363,\"height\":754,\"caption\":\"Unibele M\u00f3veis\"},\"image\":{\"@id\":\"https:\/\/unibellemoveis.com.br\/#\/schema\/logo\/image\/\"}}]}<\/script>\n<!-- \/ Yoast SEO plugin. -->","yoast_head_json":{"title":"C\u00f4moda 4 Gavetas - Unibelle M\u00f3veis","description":"C\u00f4moda 4 Gavetas Este m\u00f3vel \u00e9 a solu\u00e7\u00e3o para quem busca aliar eleg\u00e2ncia e funcionalidade, oferecendo uma maneira pr\u00e1tica e sofisticada.","robots":{"index":"index","follow":"follow","max-snippet":"max-snippet:-1","max-image-preview":"max-image-preview:large","max-video-preview":"max-video-preview:-1"},"canonical":"https:\/\/unibellemoveis.com.br\/es\/producto\/comoda-4-gavetas\/","og_locale":"es_ES","og_type":"article","og_title":"C\u00f4moda 4 Gavetas - Unibelle M\u00f3veis","og_description":"C\u00f4moda 4 Gavetas Este m\u00f3vel \u00e9 a solu\u00e7\u00e3o para quem busca aliar eleg\u00e2ncia e funcionalidade, oferecendo uma maneira pr\u00e1tica e sofisticada.","og_url":"https:\/\/unibellemoveis.com.br\/es\/producto\/comoda-4-gavetas\/","og_site_name":"Unibelle M\u00f3veis","article_modified_time":"2024-09-18T16:23:56+00:00","og_image":[{"width":1000,"height":1000,"url":"https:\/\/unibellemoveis.com.br\/wp-content\/uploads\/2024\/09\/3114.1.1.webp","type":"image\/webp"}],"twitter_card":"summary_large_image","twitter_misc":{"Tiempo de lectura":"2 minutos"},"schema":{"@context":"https:\/\/schema.org","@graph":[{"@type":"WebPage","@id":"https:\/\/unibellemoveis.com.br\/produto\/comoda-4-gavetas\/","url":"https:\/\/unibellemoveis.com.br\/produto\/comoda-4-gavetas\/","name":"C\u00f4moda 4 Gavetas - Unibelle M\u00f3veis","isPartOf":{"@id":"https:\/\/unibellemoveis.com.br\/#website"},"primaryImageOfPage":{"@id":"https:\/\/unibellemoveis.com.br\/produto\/comoda-4-gavetas\/#primaryimage"},"image":{"@id":"https:\/\/unibellemoveis.com.br\/produto\/comoda-4-gavetas\/#primaryimage"},"thumbnailUrl":"https:\/\/unibellemoveis.com.br\/wp-content\/uploads\/2024\/09\/3114.1.1.webp","datePublished":"2024-09-18T16:21:06+00:00","dateModified":"2024-09-18T16:23:56+00:00","description":"C\u00f4moda 4 Gavetas Este m\u00f3vel \u00e9 a solu\u00e7\u00e3o para quem busca aliar eleg\u00e2ncia e funcionalidade, oferecendo uma maneira pr\u00e1tica e sofisticada.","breadcrumb":{"@id":"https:\/\/unibellemoveis.com.br\/produto\/comoda-4-gavetas\/#breadcrumb"},"inLanguage":"es","potentialAction":[{"@type":"ReadAction","target":["https:\/\/unibellemoveis.com.br\/produto\/comoda-4-gavetas\/"]}]},{"@type":"ImageObject","inLanguage":"es","@id":"https:\/\/unibellemoveis.com.br\/produto\/comoda-4-gavetas\/#primaryimage","url":"https:\/\/unibellemoveis.com.br\/wp-content\/uploads\/2024\/09\/3114.1.1.webp","contentUrl":"https:\/\/unibellemoveis.com.br\/wp-content\/uploads\/2024\/09\/3114.1.1.webp","width":1000,"height":1000,"caption":"3114 - Guarda Roupas 4 Portas - FI 02 - Branco3114 - Guarda Roupas 4 Portas"},{"@type":"BreadcrumbList","@id":"https:\/\/unibellemoveis.com.br\/produto\/comoda-4-gavetas\/#breadcrumb","itemListElement":[{"@type":"ListItem","position":1,"name":"In\u00edcio","item":"https:\/\/unibellemoveis.com.br\/"},{"@type":"ListItem","position":2,"name":"Produtos","item":"https:\/\/unibellemoveis.com.br\/produtos\/"},{"@type":"ListItem","position":3,"name":"C\u00f4moda 4 Gavetas"}]},{"@type":"WebSite","@id":"https:\/\/unibellemoveis.com.br\/#website","url":"https:\/\/unibellemoveis.com.br\/","name":"Muebles Unibelle","description":"Muebles Unibelle","publisher":{"@id":"https:\/\/unibellemoveis.com.br\/#organization"},"potentialAction":[{"@type":"SearchAction","target":{"@type":"EntryPoint","urlTemplate":"https:\/\/unibellemoveis.com.br\/?s={search_term_string}"},"query-input":{"@type":"PropertyValueSpecification","valueRequired":true,"valueName":"search_term_string"}}],"inLanguage":"es"},{"@type":"Organization","@id":"https:\/\/unibellemoveis.com.br\/#organization","name":"Unibele M\u00f3veis","alternateName":"Unibele M\u00f3veis","url":"https:\/\/unibellemoveis.com.br\/","logo":{"@type":"ImageObject","inLanguage":"es","@id":"https:\/\/unibellemoveis.com.br\/#\/schema\/logo\/image\/","url":"https:\/\/unibellemoveis.com.br\/wp-content\/uploads\/2024\/04\/Logo-02.webp","contentUrl":"https:\/\/unibellemoveis.com.br\/wp-content\/uploads\/2024\/04\/Logo-02.webp","width":2363,"height":754,"caption":"Unibele M\u00f3veis"},"image":{"@id":"https:\/\/unibellemoveis.com.br\/#\/schema\/logo\/image\/"}}]}},"_links":{"self":[{"href":"https:\/\/unibellemoveis.com.br\/es\/wp-json\/wp\/v2\/product\/2449","targetHints":{"allow":["GET"]}}],"collection":[{"href":"https:\/\/unibellemoveis.com.br\/es\/wp-json\/wp\/v2\/product"}],"about":[{"href":"https:\/\/unibellemoveis.com.br\/es\/wp-json\/wp\/v2\/types\/product"}],"replies":[{"embeddable":true,"href":"https:\/\/unibellemoveis.com.br\/es\/wp-json\/wp\/v2\/comments?post=2449"}],"version-history":[{"count":1,"href":"https:\/\/unibellemoveis.com.br\/es\/wp-json\/wp\/v2\/product\/2449\/revisions"}],"predecessor-version":[{"id":2453,"href":"https:\/\/unibellemoveis.com.br\/es\/wp-json\/wp\/v2\/product\/2449\/revisions\/2453"}],"wp:featuredmedia":[{"embeddable":true,"href":"https:\/\/unibellemoveis.com.br\/es\/wp-json\/wp\/v2\/media\/2447"}],"wp:attachment":[{"href":"https:\/\/unibellemoveis.com.br\/es\/wp-json\/wp\/v2\/media?parent=2449"}],"wp:term":[{"taxonomy":"product_brand","embeddable":true,"href":"https:\/\/unibellemoveis.com.br\/es\/wp-json\/wp\/v2\/product_brand?post=2449"},{"taxonomy":"product_cat","embeddable":true,"href":"https:\/\/unibellemoveis.com.br\/es\/wp-json\/wp\/v2\/product_cat?post=2449"},{"taxonomy":"product_tag","embeddable":true,"href":"https:\/\/unibellemoveis.com.br\/es\/wp-json\/wp\/v2\/product_tag?post=2449"}],"curies":[{"name":"wp","href":"https:\/\/api.w.org\/{rel}","templated":true}]}}