{"id":2413,"date":"2024-09-17T18:44:45","date_gmt":"2024-09-17T21:44:45","guid":{"rendered":"https:\/\/unibellemoveis.com.br\/?post_type=product&#038;p=2413"},"modified":"2024-09-17T18:48:58","modified_gmt":"2024-09-17T21:48:58","slug":"cozinha-compacta-roma-armario-aereo-com-uma-porta","status":"publish","type":"product","link":"https:\/\/unibellemoveis.com.br\/pt_br\/produto\/cozinha-compacta-roma-armario-aereo-com-uma-porta\/","title":{"rendered":"Cozinha Compacta Roma | Arm\u00e1rio A\u00e9reo com Uma Porta"},"content":{"rendered":"<div class=\"flex-shrink-0 flex flex-col relative items-end\">\n<div class=\"pt-0.5 juice:pt-0\">\n<div class=\"gizmo-bot-avatar flex h-6 w-6 items-center justify-center overflow-hidden rounded-full juice:h-8 juice:w-8\">\n<div class=\"relative p-1 rounded-sm flex items-center justify-center bg-token-main-surface-primary text-token-text-primary h-8 w-8\">\n<h3>Cozinha Compacta Roma | Arm\u00e1rio A\u00e9reo com Uma Porta<\/h3>\n<p>O <strong>Arm\u00e1rio A\u00e9reo com Uma Porta<\/strong> \u00e9 uma excelente solu\u00e7\u00e3o para quem deseja agregar estilo e funcionalidade \u00e0 cozinha ou outros ambientes. Compacto e moderno, ele proporciona um espa\u00e7o extra para armazenamento, sem ocupar \u00e1rea \u00fatil no ch\u00e3o, ideal para otimizar pequenos espa\u00e7os.<\/p>\n<p><strong>Diferenciais do Produto:<\/strong><\/p>\n<ul>\n<li>Produzido em <strong>100% MDP 15mm<\/strong>, garantindo resist\u00eancia e longa durabilidade<\/li>\n<li>Acabamento nas cores <strong>Nogal Manchester\/Grafite<\/strong>, oferecendo um visual sofisticado e contempor\u00e2neo<\/li>\n<li><strong>Porta basculante<\/strong>, facilitando o manuseio e proporcionando um design clean e funcional<\/li>\n<li>Compacto e funcional, ideal para armazenar utens\u00edlios de cozinha ou itens diversos<\/li>\n<\/ul>\n<p><strong>Especifica\u00e7\u00f5es T\u00e9cnicas:<\/strong><\/p>\n<ul>\n<li><strong>Altura:<\/strong> 30 cm<\/li>\n<li><strong>Largura:<\/strong> 75 cm<\/li>\n<li><strong>Profundidade:<\/strong> 38 cm<\/li>\n<li><strong>Espessura do material:<\/strong> 15 mm<\/li>\n<li><strong>Cubagem:<\/strong> 0,013 m\u00b3<\/li>\n<li><strong>Peso:<\/strong> 9 kg<\/li>\n<li><strong>Volumes:<\/strong> 1<\/li>\n<\/ul>\n<p>O <strong>Arm\u00e1rio A\u00e9reo com Uma Porta<\/strong> \u00e9 perfeito para quem deseja uma solu\u00e7\u00e3o pr\u00e1tica de armazenamento, sem abrir m\u00e3o da est\u00e9tica moderna e funcional. Ideal para complementar cozinhas e outros ambientes com seu design elegante e discreto.<\/p>\n<p>Confira todos os modelos: <a href=\"https:\/\/unibellemoveis.com.br\/categoria-produto\/cozinha\/\">https:\/\/unibellemoveis.com.br\/categoria-produto\/cozinha\/<\/a><\/p>\n<\/div>\n<\/div>\n<\/div>\n<\/div>\n","protected":false},"excerpt":{"rendered":"<p>O <strong>Arm\u00e1rio A\u00e9reo com Uma Porta<\/strong> \u00e9 uma excelente solu\u00e7\u00e3o para quem deseja agregar estilo e funcionalidade \u00e0 cozinha ou outros ambientes. Compacto e moderno, ele proporciona um espa\u00e7o extra para armazenamento, sem ocupar \u00e1rea \u00fatil no ch\u00e3o, ideal para otimizar pequenos espa\u00e7os.<\/p>\n","protected":false},"featured_media":2416,"comment_status":"open","ping_status":"closed","template":"","meta":{"_joinchat":[]},"product_brand":[],"product_cat":[29],"product_tag":[],"class_list":{"0":"post-2413","1":"product","2":"type-product","3":"status-publish","4":"has-post-thumbnail","6":"product_cat-cozinha","8":"first","9":"instock","10":"shipping-taxable","11":"product-type-simple"},"yoast_head":"<!-- This site is optimized with the Yoast SEO plugin v26.0 - https:\/\/yoast.com\/wordpress\/plugins\/seo\/ -->\n<title>Cozinha Compacta Roma | Arm\u00e1rio A\u00e9reo com Uma Porta - Unibelle M\u00f3veis<\/title>\n<meta name=\"description\" content=\"Cozinha Compacta Roma | Arm\u00e1rio A\u00e9reo com Uma Porta \u00e9 a solu\u00e7\u00e3o perfeita para quem deseja praticidade e organiza\u00e7\u00e3o na cozinha. Adquira j\u00e1 a sua!\" \/>\n<meta name=\"robots\" content=\"index, follow, max-snippet:-1, max-image-preview:large, max-video-preview:-1\" \/>\n<link rel=\"canonical\" href=\"https:\/\/unibellemoveis.com.br\/pt_br\/produto\/cozinha-compacta-roma-armario-aereo-com-uma-porta\/\" \/>\n<meta property=\"og:locale\" content=\"pt_BR\" \/>\n<meta property=\"og:type\" content=\"article\" \/>\n<meta property=\"og:title\" content=\"Cozinha Compacta Roma | Arm\u00e1rio A\u00e9reo com Uma Porta - Unibelle M\u00f3veis\" \/>\n<meta property=\"og:description\" content=\"Cozinha Compacta Roma | Arm\u00e1rio A\u00e9reo com Uma Porta \u00e9 a solu\u00e7\u00e3o perfeita para quem deseja praticidade e organiza\u00e7\u00e3o na cozinha. Adquira j\u00e1 a sua!\" \/>\n<meta property=\"og:url\" content=\"https:\/\/unibellemoveis.com.br\/pt_br\/produto\/cozinha-compacta-roma-armario-aereo-com-uma-porta\/\" \/>\n<meta property=\"og:site_name\" content=\"Unibelle M\u00f3veis\" \/>\n<meta property=\"article:modified_time\" content=\"2024-09-17T21:48:58+00:00\" \/>\n<meta property=\"og:image\" content=\"https:\/\/unibellemoveis.com.br\/wp-content\/uploads\/2024\/09\/1505-Aereo-1-Porta-FI-01-Nogal-Manchester-Grafite.webp\" \/>\n\t<meta property=\"og:image:width\" content=\"1000\" \/>\n\t<meta property=\"og:image:height\" content=\"1000\" \/>\n\t<meta property=\"og:image:type\" content=\"image\/webp\" \/>\n<meta name=\"twitter:card\" content=\"summary_large_image\" \/>\n<meta name=\"twitter:label1\" content=\"Est. tempo de leitura\" \/>\n\t<meta name=\"twitter:data1\" content=\"2 minutos\" \/>\n<script type=\"application\/ld+json\" class=\"yoast-schema-graph\">{\"@context\":\"https:\/\/schema.org\",\"@graph\":[{\"@type\":\"WebPage\",\"@id\":\"https:\/\/unibellemoveis.com.br\/produto\/cozinha-compacta-roma-armario-aereo-com-uma-porta\/\",\"url\":\"https:\/\/unibellemoveis.com.br\/produto\/cozinha-compacta-roma-armario-aereo-com-uma-porta\/\",\"name\":\"Cozinha Compacta Roma | Arm\u00e1rio A\u00e9reo com Uma Porta - Unibelle M\u00f3veis\",\"isPartOf\":{\"@id\":\"https:\/\/unibellemoveis.com.br\/#website\"},\"primaryImageOfPage\":{\"@id\":\"https:\/\/unibellemoveis.com.br\/produto\/cozinha-compacta-roma-armario-aereo-com-uma-porta\/#primaryimage\"},\"image\":{\"@id\":\"https:\/\/unibellemoveis.com.br\/produto\/cozinha-compacta-roma-armario-aereo-com-uma-porta\/#primaryimage\"},\"thumbnailUrl\":\"https:\/\/unibellemoveis.com.br\/wp-content\/uploads\/2024\/09\/1505-Aereo-1-Porta-FI-01-Nogal-Manchester-Grafite.webp\",\"datePublished\":\"2024-09-17T21:44:45+00:00\",\"dateModified\":\"2024-09-17T21:48:58+00:00\",\"description\":\"Cozinha Compacta Roma | Arm\u00e1rio A\u00e9reo com Uma Porta \u00e9 a solu\u00e7\u00e3o perfeita para quem deseja praticidade e organiza\u00e7\u00e3o na cozinha. Adquira j\u00e1 a sua!\",\"breadcrumb\":{\"@id\":\"https:\/\/unibellemoveis.com.br\/produto\/cozinha-compacta-roma-armario-aereo-com-uma-porta\/#breadcrumb\"},\"inLanguage\":\"pt-BR\",\"potentialAction\":[{\"@type\":\"ReadAction\",\"target\":[\"https:\/\/unibellemoveis.com.br\/produto\/cozinha-compacta-roma-armario-aereo-com-uma-porta\/\"]}]},{\"@type\":\"ImageObject\",\"inLanguage\":\"pt-BR\",\"@id\":\"https:\/\/unibellemoveis.com.br\/produto\/cozinha-compacta-roma-armario-aereo-com-uma-porta\/#primaryimage\",\"url\":\"https:\/\/unibellemoveis.com.br\/wp-content\/uploads\/2024\/09\/1505-Aereo-1-Porta-FI-01-Nogal-Manchester-Grafite.webp\",\"contentUrl\":\"https:\/\/unibellemoveis.com.br\/wp-content\/uploads\/2024\/09\/1505-Aereo-1-Porta-FI-01-Nogal-Manchester-Grafite.webp\",\"width\":1000,\"height\":1000,\"caption\":\"1505 - A\u00e9reo 1 Porta - FI 01 - Nogal Manchester-Grafite\"},{\"@type\":\"BreadcrumbList\",\"@id\":\"https:\/\/unibellemoveis.com.br\/produto\/cozinha-compacta-roma-armario-aereo-com-uma-porta\/#breadcrumb\",\"itemListElement\":[{\"@type\":\"ListItem\",\"position\":1,\"name\":\"In\u00edcio\",\"item\":\"https:\/\/unibellemoveis.com.br\/\"},{\"@type\":\"ListItem\",\"position\":2,\"name\":\"Produtos\",\"item\":\"https:\/\/unibellemoveis.com.br\/produtos\/\"},{\"@type\":\"ListItem\",\"position\":3,\"name\":\"Cozinha Compacta Roma | Arm\u00e1rio A\u00e9reo com Uma Porta\"}]},{\"@type\":\"WebSite\",\"@id\":\"https:\/\/unibellemoveis.com.br\/#website\",\"url\":\"https:\/\/unibellemoveis.com.br\/\",\"name\":\"Unibelle M\u00f3veis\",\"description\":\"Unibelle M\u00f3veis\",\"publisher\":{\"@id\":\"https:\/\/unibellemoveis.com.br\/#organization\"},\"potentialAction\":[{\"@type\":\"SearchAction\",\"target\":{\"@type\":\"EntryPoint\",\"urlTemplate\":\"https:\/\/unibellemoveis.com.br\/?s={search_term_string}\"},\"query-input\":{\"@type\":\"PropertyValueSpecification\",\"valueRequired\":true,\"valueName\":\"search_term_string\"}}],\"inLanguage\":\"pt-BR\"},{\"@type\":\"Organization\",\"@id\":\"https:\/\/unibellemoveis.com.br\/#organization\",\"name\":\"Unibele M\u00f3veis\",\"alternateName\":\"Unibele M\u00f3veis\",\"url\":\"https:\/\/unibellemoveis.com.br\/\",\"logo\":{\"@type\":\"ImageObject\",\"inLanguage\":\"pt-BR\",\"@id\":\"https:\/\/unibellemoveis.com.br\/#\/schema\/logo\/image\/\",\"url\":\"https:\/\/unibellemoveis.com.br\/wp-content\/uploads\/2024\/04\/Logo-02.webp\",\"contentUrl\":\"https:\/\/unibellemoveis.com.br\/wp-content\/uploads\/2024\/04\/Logo-02.webp\",\"width\":2363,\"height\":754,\"caption\":\"Unibele M\u00f3veis\"},\"image\":{\"@id\":\"https:\/\/unibellemoveis.com.br\/#\/schema\/logo\/image\/\"}}]}<\/script>\n<!-- \/ Yoast SEO plugin. -->","yoast_head_json":{"title":"Cozinha Compacta Roma | Arm\u00e1rio A\u00e9reo com Uma Porta - Unibelle M\u00f3veis","description":"Cozinha Compacta Roma | Arm\u00e1rio A\u00e9reo com Uma Porta \u00e9 a solu\u00e7\u00e3o perfeita para quem deseja praticidade e organiza\u00e7\u00e3o na cozinha. Adquira j\u00e1 a sua!","robots":{"index":"index","follow":"follow","max-snippet":"max-snippet:-1","max-image-preview":"max-image-preview:large","max-video-preview":"max-video-preview:-1"},"canonical":"https:\/\/unibellemoveis.com.br\/pt_br\/produto\/cozinha-compacta-roma-armario-aereo-com-uma-porta\/","og_locale":"pt_BR","og_type":"article","og_title":"Cozinha Compacta Roma | Arm\u00e1rio A\u00e9reo com Uma Porta - Unibelle M\u00f3veis","og_description":"Cozinha Compacta Roma | Arm\u00e1rio A\u00e9reo com Uma Porta \u00e9 a solu\u00e7\u00e3o perfeita para quem deseja praticidade e organiza\u00e7\u00e3o na cozinha. Adquira j\u00e1 a sua!","og_url":"https:\/\/unibellemoveis.com.br\/pt_br\/produto\/cozinha-compacta-roma-armario-aereo-com-uma-porta\/","og_site_name":"Unibelle M\u00f3veis","article_modified_time":"2024-09-17T21:48:58+00:00","og_image":[{"width":1000,"height":1000,"url":"https:\/\/unibellemoveis.com.br\/wp-content\/uploads\/2024\/09\/1505-Aereo-1-Porta-FI-01-Nogal-Manchester-Grafite.webp","type":"image\/webp"}],"twitter_card":"summary_large_image","twitter_misc":{"Est. tempo de leitura":"2 minutos"},"schema":{"@context":"https:\/\/schema.org","@graph":[{"@type":"WebPage","@id":"https:\/\/unibellemoveis.com.br\/produto\/cozinha-compacta-roma-armario-aereo-com-uma-porta\/","url":"https:\/\/unibellemoveis.com.br\/produto\/cozinha-compacta-roma-armario-aereo-com-uma-porta\/","name":"Cozinha Compacta Roma | Arm\u00e1rio A\u00e9reo com Uma Porta - Unibelle M\u00f3veis","isPartOf":{"@id":"https:\/\/unibellemoveis.com.br\/#website"},"primaryImageOfPage":{"@id":"https:\/\/unibellemoveis.com.br\/produto\/cozinha-compacta-roma-armario-aereo-com-uma-porta\/#primaryimage"},"image":{"@id":"https:\/\/unibellemoveis.com.br\/produto\/cozinha-compacta-roma-armario-aereo-com-uma-porta\/#primaryimage"},"thumbnailUrl":"https:\/\/unibellemoveis.com.br\/wp-content\/uploads\/2024\/09\/1505-Aereo-1-Porta-FI-01-Nogal-Manchester-Grafite.webp","datePublished":"2024-09-17T21:44:45+00:00","dateModified":"2024-09-17T21:48:58+00:00","description":"Cozinha Compacta Roma | Arm\u00e1rio A\u00e9reo com Uma Porta \u00e9 a solu\u00e7\u00e3o perfeita para quem deseja praticidade e organiza\u00e7\u00e3o na cozinha. Adquira j\u00e1 a sua!","breadcrumb":{"@id":"https:\/\/unibellemoveis.com.br\/produto\/cozinha-compacta-roma-armario-aereo-com-uma-porta\/#breadcrumb"},"inLanguage":"pt-BR","potentialAction":[{"@type":"ReadAction","target":["https:\/\/unibellemoveis.com.br\/produto\/cozinha-compacta-roma-armario-aereo-com-uma-porta\/"]}]},{"@type":"ImageObject","inLanguage":"pt-BR","@id":"https:\/\/unibellemoveis.com.br\/produto\/cozinha-compacta-roma-armario-aereo-com-uma-porta\/#primaryimage","url":"https:\/\/unibellemoveis.com.br\/wp-content\/uploads\/2024\/09\/1505-Aereo-1-Porta-FI-01-Nogal-Manchester-Grafite.webp","contentUrl":"https:\/\/unibellemoveis.com.br\/wp-content\/uploads\/2024\/09\/1505-Aereo-1-Porta-FI-01-Nogal-Manchester-Grafite.webp","width":1000,"height":1000,"caption":"1505 - A\u00e9reo 1 Porta - FI 01 - Nogal Manchester-Grafite"},{"@type":"BreadcrumbList","@id":"https:\/\/unibellemoveis.com.br\/produto\/cozinha-compacta-roma-armario-aereo-com-uma-porta\/#breadcrumb","itemListElement":[{"@type":"ListItem","position":1,"name":"In\u00edcio","item":"https:\/\/unibellemoveis.com.br\/"},{"@type":"ListItem","position":2,"name":"Produtos","item":"https:\/\/unibellemoveis.com.br\/produtos\/"},{"@type":"ListItem","position":3,"name":"Cozinha Compacta Roma | Arm\u00e1rio A\u00e9reo com Uma Porta"}]},{"@type":"WebSite","@id":"https:\/\/unibellemoveis.com.br\/#website","url":"https:\/\/unibellemoveis.com.br\/","name":"Unibelle M\u00f3veis","description":"Unibelle M\u00f3veis","publisher":{"@id":"https:\/\/unibellemoveis.com.br\/#organization"},"potentialAction":[{"@type":"SearchAction","target":{"@type":"EntryPoint","urlTemplate":"https:\/\/unibellemoveis.com.br\/?s={search_term_string}"},"query-input":{"@type":"PropertyValueSpecification","valueRequired":true,"valueName":"search_term_string"}}],"inLanguage":"pt-BR"},{"@type":"Organization","@id":"https:\/\/unibellemoveis.com.br\/#organization","name":"Unibele M\u00f3veis","alternateName":"Unibele M\u00f3veis","url":"https:\/\/unibellemoveis.com.br\/","logo":{"@type":"ImageObject","inLanguage":"pt-BR","@id":"https:\/\/unibellemoveis.com.br\/#\/schema\/logo\/image\/","url":"https:\/\/unibellemoveis.com.br\/wp-content\/uploads\/2024\/04\/Logo-02.webp","contentUrl":"https:\/\/unibellemoveis.com.br\/wp-content\/uploads\/2024\/04\/Logo-02.webp","width":2363,"height":754,"caption":"Unibele M\u00f3veis"},"image":{"@id":"https:\/\/unibellemoveis.com.br\/#\/schema\/logo\/image\/"}}]}},"_links":{"self":[{"href":"https:\/\/unibellemoveis.com.br\/pt_br\/wp-json\/wp\/v2\/product\/2413","targetHints":{"allow":["GET"]}}],"collection":[{"href":"https:\/\/unibellemoveis.com.br\/pt_br\/wp-json\/wp\/v2\/product"}],"about":[{"href":"https:\/\/unibellemoveis.com.br\/pt_br\/wp-json\/wp\/v2\/types\/product"}],"replies":[{"embeddable":true,"href":"https:\/\/unibellemoveis.com.br\/pt_br\/wp-json\/wp\/v2\/comments?post=2413"}],"version-history":[{"count":1,"href":"https:\/\/unibellemoveis.com.br\/pt_br\/wp-json\/wp\/v2\/product\/2413\/revisions"}],"predecessor-version":[{"id":2418,"href":"https:\/\/unibellemoveis.com.br\/pt_br\/wp-json\/wp\/v2\/product\/2413\/revisions\/2418"}],"wp:featuredmedia":[{"embeddable":true,"href":"https:\/\/unibellemoveis.com.br\/pt_br\/wp-json\/wp\/v2\/media\/2416"}],"wp:attachment":[{"href":"https:\/\/unibellemoveis.com.br\/pt_br\/wp-json\/wp\/v2\/media?parent=2413"}],"wp:term":[{"taxonomy":"product_brand","embeddable":true,"href":"https:\/\/unibellemoveis.com.br\/pt_br\/wp-json\/wp\/v2\/product_brand?post=2413"},{"taxonomy":"product_cat","embeddable":true,"href":"https:\/\/unibellemoveis.com.br\/pt_br\/wp-json\/wp\/v2\/product_cat?post=2413"},{"taxonomy":"product_tag","embeddable":true,"href":"https:\/\/unibellemoveis.com.br\/pt_br\/wp-json\/wp\/v2\/product_tag?post=2413"}],"curies":[{"name":"wp","href":"https:\/\/api.w.org\/{rel}","templated":true}]}}