{"id":2502,"date":"2024-09-18T14:36:25","date_gmt":"2024-09-18T17:36:25","guid":{"rendered":"https:\/\/unibellemoveis.com.br\/?post_type=product&#038;p=2502"},"modified":"2024-09-18T15:03:54","modified_gmt":"2024-09-18T18:03:54","slug":"estante-com-10-nichos","status":"publish","type":"product","link":"https:\/\/unibellemoveis.com.br\/pt_br\/produto\/estante-com-10-nichos\/","title":{"rendered":"Estante com 10 Nichos"},"content":{"rendered":"<div class=\"flex-shrink-0 flex flex-col relative items-end\">\n<div class=\"pt-0.5 juice:pt-0\">\n<div class=\"gizmo-bot-avatar flex h-6 w-6 items-center justify-center overflow-hidden rounded-full juice:h-8 juice:w-8\">\n<div class=\"relative p-1 rounded-sm flex items-center justify-center bg-token-main-surface-primary text-token-text-primary h-8 w-8\">\n<div class=\"flex-shrink-0 flex flex-col relative items-end\">\n<div class=\"pt-0.5 juice:pt-0\">\n<div class=\"gizmo-bot-avatar flex h-6 w-6 items-center justify-center overflow-hidden rounded-full juice:h-8 juice:w-8\">\n<div class=\"relative p-1 rounded-sm flex items-center justify-center bg-token-main-surface-primary text-token-text-primary h-8 w-8\">\n<div class=\"flex flex-grow flex-col max-w-full\">\n<div class=\"min-h-[20px] text-message flex flex-col items-start whitespace-pre-wrap break-words [.text-message+&amp;]:mt-5 juice:w-full juice:items-end overflow-x-auto gap-2\" dir=\"auto\" data-message-author-role=\"assistant\" data-message-id=\"b98dcf4b-0a42-4092-88ff-0e6c252004f4\">\n<div class=\"flex w-full flex-col gap-1 juice:empty:hidden juice:first:pt-[3px]\">\n<div class=\"markdown prose w-full break-words dark:prose-invert light\">\n<h3>Estante com 10 Nichos<\/h3>\n<p>A <strong>Estante com 10 Nichos<\/strong> \u00e9 a solu\u00e7\u00e3o perfeita para quem busca organiza\u00e7\u00e3o e estilo em qualquer ambiente da casa ou escrit\u00f3rio. Dispon\u00edvel nas cores <strong>Mel Dakar<\/strong> ou <strong>Branco<\/strong>, esta estante oferece um design moderno e vers\u00e1til, ideal para armazenar e expor livros, objetos decorativos ou documentos, mantendo o espa\u00e7o sempre organizado e funcional.<\/p>\n<p><strong>Diferenciais do Produto:<\/strong><\/p>\n<ul>\n<li>Produzida em <strong>100% MDP 15mm<\/strong>, garantindo durabilidade e resist\u00eancia<\/li>\n<li><strong>12 nichos<\/strong> amplos, perfeitos para organizar livros, itens decorativos e objetos pessoais<\/li>\n<li>Design elegante e funcional, ideal para salas, escrit\u00f3rios, quartos ou home offices<\/li>\n<li>Dispon\u00edvel nas cores <strong>Mel Dakar<\/strong> e <strong>Branco<\/strong>, que combinam facilmente com qualquer estilo de decora\u00e7\u00e3o<\/li>\n<\/ul>\n<p><strong>Especifica\u00e7\u00f5es T\u00e9cnicas:<\/strong><\/p>\n<ul>\n<li><strong>Altura:<\/strong> 189 cm<\/li>\n<li><strong>Largura:<\/strong> 90 cm<\/li>\n<li><strong>Profundidade:<\/strong> 30 cm<\/li>\n<li><strong>Espessura do material:<\/strong> 15 mm<\/li>\n<li><strong>Cubagem:<\/strong> 0,048 m\u00b3<\/li>\n<li><strong>Peso:<\/strong> 34 kg<\/li>\n<li><strong>Volumes:<\/strong> 1<\/li>\n<\/ul>\n<p>A <strong>Estante com 10 Nichos<\/strong> \u00e9 a escolha ideal para quem precisa de um m\u00f3vel vers\u00e1til e espa\u00e7oso para organizar livros e objetos, mantendo o ambiente arrumado e com um toque de eleg\u00e2ncia.<\/p>\n<p>Conhe\u00e7a todos os modelos: <a href=\"https:\/\/unibellemoveis.com.br\/categoria-produto\/escritorio\/\">https:\/\/unibellemoveis.com.br\/categoria-produto\/escritorio\/<\/a><\/p>\n<\/div>\n<\/div>\n<\/div>\n<\/div>\n<\/div>\n<\/div>\n<\/div>\n<\/div>\n<\/div>\n<\/div>\n<\/div>\n<\/div>\n","protected":false},"excerpt":{"rendered":"<p>A <strong>Estante com 10 Nichos<\/strong> \u00e9 a solu\u00e7\u00e3o perfeita para quem busca organiza\u00e7\u00e3o e estilo em qualquer ambiente da casa ou escrit\u00f3rio. Dispon\u00edvel nas cores <strong>Mel Dakar<\/strong> ou <strong>Branco<\/strong>, esta estante oferece um design moderno e vers\u00e1til, ideal para armazenar e expor livros, objetos decorativos ou documentos, mantendo o espa\u00e7o sempre organizado e funcional.<\/p>\n","protected":false},"featured_media":2500,"comment_status":"open","ping_status":"closed","template":"","meta":{"_joinchat":[]},"product_brand":[],"product_cat":[23],"product_tag":[],"class_list":{"0":"post-2502","1":"product","2":"type-product","3":"status-publish","4":"has-post-thumbnail","6":"product_cat-escritorio","8":"first","9":"instock","10":"shipping-taxable","11":"product-type-variable","12":"has-default-attributes"},"yoast_head":"<!-- This site is optimized with the Yoast SEO plugin v26.0 - https:\/\/yoast.com\/wordpress\/plugins\/seo\/ -->\n<title>Estante com 10 Nichos - Unibelle M\u00f3veis<\/title>\n<meta name=\"description\" content=\"Estante com 10 Nichos Este m\u00f3vel \u00e9 a solu\u00e7\u00e3o para quem busca aliar eleg\u00e2ncia e funcionalidade, oferecendo uma maneira pr\u00e1tica e sofisticada.\" \/>\n<meta name=\"robots\" content=\"index, follow, max-snippet:-1, max-image-preview:large, max-video-preview:-1\" \/>\n<link rel=\"canonical\" href=\"https:\/\/unibellemoveis.com.br\/pt_br\/produto\/estante-com-10-nichos\/\" \/>\n<meta property=\"og:locale\" content=\"pt_BR\" \/>\n<meta property=\"og:type\" content=\"article\" \/>\n<meta property=\"og:title\" content=\"Estante com 10 Nichos - Unibelle M\u00f3veis\" \/>\n<meta property=\"og:description\" content=\"Estante com 10 Nichos Este m\u00f3vel \u00e9 a solu\u00e7\u00e3o para quem busca aliar eleg\u00e2ncia e funcionalidade, oferecendo uma maneira pr\u00e1tica e sofisticada.\" \/>\n<meta property=\"og:url\" content=\"https:\/\/unibellemoveis.com.br\/pt_br\/produto\/estante-com-10-nichos\/\" \/>\n<meta property=\"og:site_name\" content=\"Unibelle M\u00f3veis\" \/>\n<meta property=\"article:modified_time\" content=\"2024-09-18T18:03:54+00:00\" \/>\n<meta property=\"og:image\" content=\"https:\/\/unibellemoveis.com.br\/wp-content\/uploads\/2024\/09\/4183.1.1.webp\" \/>\n\t<meta property=\"og:image:width\" content=\"1000\" \/>\n\t<meta property=\"og:image:height\" content=\"1000\" \/>\n\t<meta property=\"og:image:type\" content=\"image\/webp\" \/>\n<meta name=\"twitter:card\" content=\"summary_large_image\" \/>\n<meta name=\"twitter:label1\" content=\"Est. tempo de leitura\" \/>\n\t<meta name=\"twitter:data1\" content=\"2 minutos\" \/>\n<script type=\"application\/ld+json\" class=\"yoast-schema-graph\">{\"@context\":\"https:\/\/schema.org\",\"@graph\":[{\"@type\":\"WebPage\",\"@id\":\"https:\/\/unibellemoveis.com.br\/produto\/estante-com-10-nichos\/\",\"url\":\"https:\/\/unibellemoveis.com.br\/produto\/estante-com-10-nichos\/\",\"name\":\"Estante com 10 Nichos - Unibelle M\u00f3veis\",\"isPartOf\":{\"@id\":\"https:\/\/unibellemoveis.com.br\/#website\"},\"primaryImageOfPage\":{\"@id\":\"https:\/\/unibellemoveis.com.br\/produto\/estante-com-10-nichos\/#primaryimage\"},\"image\":{\"@id\":\"https:\/\/unibellemoveis.com.br\/produto\/estante-com-10-nichos\/#primaryimage\"},\"thumbnailUrl\":\"https:\/\/unibellemoveis.com.br\/wp-content\/uploads\/2024\/09\/4183.1.1.webp\",\"datePublished\":\"2024-09-18T17:36:25+00:00\",\"dateModified\":\"2024-09-18T18:03:54+00:00\",\"description\":\"Estante com 10 Nichos Este m\u00f3vel \u00e9 a solu\u00e7\u00e3o para quem busca aliar eleg\u00e2ncia e funcionalidade, oferecendo uma maneira pr\u00e1tica e sofisticada.\",\"breadcrumb\":{\"@id\":\"https:\/\/unibellemoveis.com.br\/produto\/estante-com-10-nichos\/#breadcrumb\"},\"inLanguage\":\"pt-BR\",\"potentialAction\":[{\"@type\":\"ReadAction\",\"target\":[\"https:\/\/unibellemoveis.com.br\/produto\/estante-com-10-nichos\/\"]}]},{\"@type\":\"ImageObject\",\"inLanguage\":\"pt-BR\",\"@id\":\"https:\/\/unibellemoveis.com.br\/produto\/estante-com-10-nichos\/#primaryimage\",\"url\":\"https:\/\/unibellemoveis.com.br\/wp-content\/uploads\/2024\/09\/4183.1.1.webp\",\"contentUrl\":\"https:\/\/unibellemoveis.com.br\/wp-content\/uploads\/2024\/09\/4183.1.1.webp\",\"width\":1000,\"height\":1000},{\"@type\":\"BreadcrumbList\",\"@id\":\"https:\/\/unibellemoveis.com.br\/produto\/estante-com-10-nichos\/#breadcrumb\",\"itemListElement\":[{\"@type\":\"ListItem\",\"position\":1,\"name\":\"In\u00edcio\",\"item\":\"https:\/\/unibellemoveis.com.br\/\"},{\"@type\":\"ListItem\",\"position\":2,\"name\":\"Produtos\",\"item\":\"https:\/\/unibellemoveis.com.br\/produtos\/\"},{\"@type\":\"ListItem\",\"position\":3,\"name\":\"Estante com 10 Nichos\"}]},{\"@type\":\"WebSite\",\"@id\":\"https:\/\/unibellemoveis.com.br\/#website\",\"url\":\"https:\/\/unibellemoveis.com.br\/\",\"name\":\"Unibelle M\u00f3veis\",\"description\":\"Unibelle M\u00f3veis\",\"publisher\":{\"@id\":\"https:\/\/unibellemoveis.com.br\/#organization\"},\"potentialAction\":[{\"@type\":\"SearchAction\",\"target\":{\"@type\":\"EntryPoint\",\"urlTemplate\":\"https:\/\/unibellemoveis.com.br\/?s={search_term_string}\"},\"query-input\":{\"@type\":\"PropertyValueSpecification\",\"valueRequired\":true,\"valueName\":\"search_term_string\"}}],\"inLanguage\":\"pt-BR\"},{\"@type\":\"Organization\",\"@id\":\"https:\/\/unibellemoveis.com.br\/#organization\",\"name\":\"Unibele M\u00f3veis\",\"alternateName\":\"Unibele M\u00f3veis\",\"url\":\"https:\/\/unibellemoveis.com.br\/\",\"logo\":{\"@type\":\"ImageObject\",\"inLanguage\":\"pt-BR\",\"@id\":\"https:\/\/unibellemoveis.com.br\/#\/schema\/logo\/image\/\",\"url\":\"https:\/\/unibellemoveis.com.br\/wp-content\/uploads\/2024\/04\/Logo-02.webp\",\"contentUrl\":\"https:\/\/unibellemoveis.com.br\/wp-content\/uploads\/2024\/04\/Logo-02.webp\",\"width\":2363,\"height\":754,\"caption\":\"Unibele M\u00f3veis\"},\"image\":{\"@id\":\"https:\/\/unibellemoveis.com.br\/#\/schema\/logo\/image\/\"}}]}<\/script>\n<!-- \/ Yoast SEO plugin. -->","yoast_head_json":{"title":"Estante com 10 Nichos - Unibelle M\u00f3veis","description":"Estante com 10 Nichos Este m\u00f3vel \u00e9 a solu\u00e7\u00e3o para quem busca aliar eleg\u00e2ncia e funcionalidade, oferecendo uma maneira pr\u00e1tica e sofisticada.","robots":{"index":"index","follow":"follow","max-snippet":"max-snippet:-1","max-image-preview":"max-image-preview:large","max-video-preview":"max-video-preview:-1"},"canonical":"https:\/\/unibellemoveis.com.br\/pt_br\/produto\/estante-com-10-nichos\/","og_locale":"pt_BR","og_type":"article","og_title":"Estante com 10 Nichos - Unibelle M\u00f3veis","og_description":"Estante com 10 Nichos Este m\u00f3vel \u00e9 a solu\u00e7\u00e3o para quem busca aliar eleg\u00e2ncia e funcionalidade, oferecendo uma maneira pr\u00e1tica e sofisticada.","og_url":"https:\/\/unibellemoveis.com.br\/pt_br\/produto\/estante-com-10-nichos\/","og_site_name":"Unibelle M\u00f3veis","article_modified_time":"2024-09-18T18:03:54+00:00","og_image":[{"width":1000,"height":1000,"url":"https:\/\/unibellemoveis.com.br\/wp-content\/uploads\/2024\/09\/4183.1.1.webp","type":"image\/webp"}],"twitter_card":"summary_large_image","twitter_misc":{"Est. tempo de leitura":"2 minutos"},"schema":{"@context":"https:\/\/schema.org","@graph":[{"@type":"WebPage","@id":"https:\/\/unibellemoveis.com.br\/produto\/estante-com-10-nichos\/","url":"https:\/\/unibellemoveis.com.br\/produto\/estante-com-10-nichos\/","name":"Estante com 10 Nichos - Unibelle M\u00f3veis","isPartOf":{"@id":"https:\/\/unibellemoveis.com.br\/#website"},"primaryImageOfPage":{"@id":"https:\/\/unibellemoveis.com.br\/produto\/estante-com-10-nichos\/#primaryimage"},"image":{"@id":"https:\/\/unibellemoveis.com.br\/produto\/estante-com-10-nichos\/#primaryimage"},"thumbnailUrl":"https:\/\/unibellemoveis.com.br\/wp-content\/uploads\/2024\/09\/4183.1.1.webp","datePublished":"2024-09-18T17:36:25+00:00","dateModified":"2024-09-18T18:03:54+00:00","description":"Estante com 10 Nichos Este m\u00f3vel \u00e9 a solu\u00e7\u00e3o para quem busca aliar eleg\u00e2ncia e funcionalidade, oferecendo uma maneira pr\u00e1tica e sofisticada.","breadcrumb":{"@id":"https:\/\/unibellemoveis.com.br\/produto\/estante-com-10-nichos\/#breadcrumb"},"inLanguage":"pt-BR","potentialAction":[{"@type":"ReadAction","target":["https:\/\/unibellemoveis.com.br\/produto\/estante-com-10-nichos\/"]}]},{"@type":"ImageObject","inLanguage":"pt-BR","@id":"https:\/\/unibellemoveis.com.br\/produto\/estante-com-10-nichos\/#primaryimage","url":"https:\/\/unibellemoveis.com.br\/wp-content\/uploads\/2024\/09\/4183.1.1.webp","contentUrl":"https:\/\/unibellemoveis.com.br\/wp-content\/uploads\/2024\/09\/4183.1.1.webp","width":1000,"height":1000},{"@type":"BreadcrumbList","@id":"https:\/\/unibellemoveis.com.br\/produto\/estante-com-10-nichos\/#breadcrumb","itemListElement":[{"@type":"ListItem","position":1,"name":"In\u00edcio","item":"https:\/\/unibellemoveis.com.br\/"},{"@type":"ListItem","position":2,"name":"Produtos","item":"https:\/\/unibellemoveis.com.br\/produtos\/"},{"@type":"ListItem","position":3,"name":"Estante com 10 Nichos"}]},{"@type":"WebSite","@id":"https:\/\/unibellemoveis.com.br\/#website","url":"https:\/\/unibellemoveis.com.br\/","name":"Unibelle M\u00f3veis","description":"Unibelle M\u00f3veis","publisher":{"@id":"https:\/\/unibellemoveis.com.br\/#organization"},"potentialAction":[{"@type":"SearchAction","target":{"@type":"EntryPoint","urlTemplate":"https:\/\/unibellemoveis.com.br\/?s={search_term_string}"},"query-input":{"@type":"PropertyValueSpecification","valueRequired":true,"valueName":"search_term_string"}}],"inLanguage":"pt-BR"},{"@type":"Organization","@id":"https:\/\/unibellemoveis.com.br\/#organization","name":"Unibele M\u00f3veis","alternateName":"Unibele M\u00f3veis","url":"https:\/\/unibellemoveis.com.br\/","logo":{"@type":"ImageObject","inLanguage":"pt-BR","@id":"https:\/\/unibellemoveis.com.br\/#\/schema\/logo\/image\/","url":"https:\/\/unibellemoveis.com.br\/wp-content\/uploads\/2024\/04\/Logo-02.webp","contentUrl":"https:\/\/unibellemoveis.com.br\/wp-content\/uploads\/2024\/04\/Logo-02.webp","width":2363,"height":754,"caption":"Unibele M\u00f3veis"},"image":{"@id":"https:\/\/unibellemoveis.com.br\/#\/schema\/logo\/image\/"}}]}},"_links":{"self":[{"href":"https:\/\/unibellemoveis.com.br\/pt_br\/wp-json\/wp\/v2\/product\/2502","targetHints":{"allow":["GET"]}}],"collection":[{"href":"https:\/\/unibellemoveis.com.br\/pt_br\/wp-json\/wp\/v2\/product"}],"about":[{"href":"https:\/\/unibellemoveis.com.br\/pt_br\/wp-json\/wp\/v2\/types\/product"}],"replies":[{"embeddable":true,"href":"https:\/\/unibellemoveis.com.br\/pt_br\/wp-json\/wp\/v2\/comments?post=2502"}],"version-history":[{"count":1,"href":"https:\/\/unibellemoveis.com.br\/pt_br\/wp-json\/wp\/v2\/product\/2502\/revisions"}],"predecessor-version":[{"id":2505,"href":"https:\/\/unibellemoveis.com.br\/pt_br\/wp-json\/wp\/v2\/product\/2502\/revisions\/2505"}],"wp:featuredmedia":[{"embeddable":true,"href":"https:\/\/unibellemoveis.com.br\/pt_br\/wp-json\/wp\/v2\/media\/2500"}],"wp:attachment":[{"href":"https:\/\/unibellemoveis.com.br\/pt_br\/wp-json\/wp\/v2\/media?parent=2502"}],"wp:term":[{"taxonomy":"product_brand","embeddable":true,"href":"https:\/\/unibellemoveis.com.br\/pt_br\/wp-json\/wp\/v2\/product_brand?post=2502"},{"taxonomy":"product_cat","embeddable":true,"href":"https:\/\/unibellemoveis.com.br\/pt_br\/wp-json\/wp\/v2\/product_cat?post=2502"},{"taxonomy":"product_tag","embeddable":true,"href":"https:\/\/unibellemoveis.com.br\/pt_br\/wp-json\/wp\/v2\/product_tag?post=2502"}],"curies":[{"name":"wp","href":"https:\/\/api.w.org\/{rel}","templated":true}]}}