{"id":2558,"date":"2024-09-18T16:48:47","date_gmt":"2024-09-18T19:48:47","guid":{"rendered":"https:\/\/unibellemoveis.com.br\/?post_type=product&#038;p=2558"},"modified":"2025-07-23T00:19:19","modified_gmt":"2025-07-23T03:19:19","slug":"nicho-decorativo-retangular-diversas-cores","status":"publish","type":"product","link":"https:\/\/unibellemoveis.com.br\/pt_br\/produto\/nicho-decorativo-retangular-diversas-cores\/","title":{"rendered":"Nicho Decorativo Retangular &#8211; Diversas Cores"},"content":{"rendered":"<h3>Nicho Decorativo Retangular &#8211; Diversas Cores<\/h3>\n<p>O <strong>Nicho Decorativo Retangular<\/strong> \u00e9 uma pe\u00e7a vers\u00e1til e elegante que se adapta a qualquer ambiente, seja ele a sala de estar, o quarto, o escrit\u00f3rio ou o hall de entrada. Dispon\u00edvel em v\u00e1rias cores, como <strong>Branco<\/strong>, <strong>Nogal Manchester<\/strong>, <strong>Mel Dakar<\/strong>, <strong>Grafite<\/strong> e <strong>Preto<\/strong>, esse nicho \u00e9 ideal para organizar e expor objetos decorativos, livros, plantas e outros itens, transformando qualquer parede em um destaque visual.<\/p>\n<p><strong>Diferenciais do Produto:<\/strong><\/p>\n<ul>\n<li>Produzido em <strong>100% MDP 15mm<\/strong>, garantindo resist\u00eancia e durabilidade<\/li>\n<li>Dispon\u00edvel em diversas cores para combinar com diferentes estilos de decora\u00e7\u00e3o<\/li>\n<li>Design minimalista e moderno, que se adapta facilmente a qualquer ambiente<\/li>\n<li>F\u00e1cil instala\u00e7\u00e3o e excelente para organizar ou exibir itens decorativos<\/li>\n<\/ul>\n<p><strong>Especifica\u00e7\u00f5es T\u00e9cnicas:<\/strong><\/p>\n<ul>\n<li><strong>Altura:<\/strong> 25 cm<\/li>\n<li><strong>Largura:<\/strong> 54 cm<\/li>\n<li><strong>Profundidade:<\/strong> 15 cm<\/li>\n<li><strong>Espessura do material:<\/strong> 15 mm<\/li>\n<li><strong>Cubagem:<\/strong> 0,004 m\u00b3<\/li>\n<li><strong>Peso:<\/strong> 3 kg<\/li>\n<li><strong>Volumes:<\/strong> 1<\/li>\n<\/ul>\n<p>O <strong>Nicho Decorativo Retangular<\/strong> \u00e9 perfeito para quem deseja adicionar um toque de modernidade e funcionalidade ao ambiente, organizando e decorando com estilo.<\/p>\n<p>Conhe\u00e7a todos os modelos: <a href=\"https:\/\/unibellemoveis.com.br\/categoria-produto\/multiuso\/\">https:\/\/unibellemoveis.com.br\/categoria-produto\/multiuso\/<\/a><\/p>\n","protected":false},"excerpt":{"rendered":"<p>O <strong>Nicho Decorativo Retangular<\/strong> \u00e9 uma pe\u00e7a vers\u00e1til e elegante que se adapta a qualquer ambiente, seja ele a sala de estar, o quarto, o escrit\u00f3rio ou o hall de entrada. Dispon\u00edvel em v\u00e1rias cores, como <strong>Branco<\/strong>, <strong>Nogal Manchester<\/strong>, <strong>Mel Dakar<\/strong>, <strong>Grafite<\/strong> e <strong>Preto<\/strong>, esse nicho \u00e9 ideal para organizar e expor objetos decorativos, livros, plantas e outros itens, transformando qualquer parede em um destaque visual.<\/p>\n","protected":false},"featured_media":2565,"comment_status":"open","ping_status":"closed","template":"","meta":{"_joinchat":[]},"product_brand":[],"product_cat":[22],"product_tag":[],"class_list":{"0":"post-2558","1":"product","2":"type-product","3":"status-publish","4":"has-post-thumbnail","6":"product_cat-multiuso","8":"first","9":"outofstock","10":"shipping-taxable","11":"purchasable","12":"product-type-variable","13":"has-default-attributes"},"yoast_head":"<!-- This site is optimized with the Yoast SEO plugin v26.0 - https:\/\/yoast.com\/wordpress\/plugins\/seo\/ -->\n<title>Nicho Decorativo Retangular - Diversas Cores - Unibelle M\u00f3veis<\/title>\n<meta name=\"description\" content=\"Nicho Decorativo Retangular - Diversas Cores ideal para quem busca aliar eleg\u00e2ncia e funcionalidade, oferecendo uma maneira pr\u00e1tica e sofisticada.\" \/>\n<meta name=\"robots\" content=\"index, follow, max-snippet:-1, max-image-preview:large, max-video-preview:-1\" \/>\n<link rel=\"canonical\" href=\"https:\/\/unibellemoveis.com.br\/pt_br\/produto\/nicho-decorativo-retangular-diversas-cores\/\" \/>\n<meta property=\"og:locale\" content=\"pt_BR\" \/>\n<meta property=\"og:type\" content=\"article\" \/>\n<meta property=\"og:title\" content=\"Nicho Decorativo Retangular - Diversas Cores - Unibelle M\u00f3veis\" \/>\n<meta property=\"og:description\" content=\"Nicho Decorativo Retangular - Diversas Cores ideal para quem busca aliar eleg\u00e2ncia e funcionalidade, oferecendo uma maneira pr\u00e1tica e sofisticada.\" \/>\n<meta property=\"og:url\" content=\"https:\/\/unibellemoveis.com.br\/pt_br\/produto\/nicho-decorativo-retangular-diversas-cores\/\" \/>\n<meta property=\"og:site_name\" content=\"Unibelle M\u00f3veis\" \/>\n<meta property=\"article:modified_time\" content=\"2025-07-23T03:19:19+00:00\" \/>\n<meta property=\"og:image\" content=\"https:\/\/unibellemoveis.com.br\/wp-content\/uploads\/2024\/09\/5525.webp\" \/>\n\t<meta property=\"og:image:width\" content=\"1000\" \/>\n\t<meta property=\"og:image:height\" content=\"1000\" \/>\n\t<meta property=\"og:image:type\" content=\"image\/webp\" \/>\n<meta name=\"twitter:card\" content=\"summary_large_image\" \/>\n<meta name=\"twitter:label1\" content=\"Est. tempo de leitura\" \/>\n\t<meta name=\"twitter:data1\" content=\"2 minutos\" \/>\n<script type=\"application\/ld+json\" class=\"yoast-schema-graph\">{\"@context\":\"https:\/\/schema.org\",\"@graph\":[{\"@type\":\"WebPage\",\"@id\":\"https:\/\/unibellemoveis.com.br\/produto\/nicho-decorativo-retangular-diversas-cores\/\",\"url\":\"https:\/\/unibellemoveis.com.br\/produto\/nicho-decorativo-retangular-diversas-cores\/\",\"name\":\"Nicho Decorativo Retangular - Diversas Cores - Unibelle M\u00f3veis\",\"isPartOf\":{\"@id\":\"https:\/\/unibellemoveis.com.br\/#website\"},\"primaryImageOfPage\":{\"@id\":\"https:\/\/unibellemoveis.com.br\/produto\/nicho-decorativo-retangular-diversas-cores\/#primaryimage\"},\"image\":{\"@id\":\"https:\/\/unibellemoveis.com.br\/produto\/nicho-decorativo-retangular-diversas-cores\/#primaryimage\"},\"thumbnailUrl\":\"https:\/\/unibellemoveis.com.br\/wp-content\/uploads\/2024\/09\/5525.webp\",\"datePublished\":\"2024-09-18T19:48:47+00:00\",\"dateModified\":\"2025-07-23T03:19:19+00:00\",\"description\":\"Nicho Decorativo Retangular - Diversas Cores ideal para quem busca aliar eleg\u00e2ncia e funcionalidade, oferecendo uma maneira pr\u00e1tica e sofisticada.\",\"breadcrumb\":{\"@id\":\"https:\/\/unibellemoveis.com.br\/produto\/nicho-decorativo-retangular-diversas-cores\/#breadcrumb\"},\"inLanguage\":\"pt-BR\",\"potentialAction\":[{\"@type\":\"ReadAction\",\"target\":[\"https:\/\/unibellemoveis.com.br\/produto\/nicho-decorativo-retangular-diversas-cores\/\"]}]},{\"@type\":\"ImageObject\",\"inLanguage\":\"pt-BR\",\"@id\":\"https:\/\/unibellemoveis.com.br\/produto\/nicho-decorativo-retangular-diversas-cores\/#primaryimage\",\"url\":\"https:\/\/unibellemoveis.com.br\/wp-content\/uploads\/2024\/09\/5525.webp\",\"contentUrl\":\"https:\/\/unibellemoveis.com.br\/wp-content\/uploads\/2024\/09\/5525.webp\",\"width\":1000,\"height\":1000,\"caption\":\"Nicho Decorativo Retangular - Diversas Cores\"},{\"@type\":\"BreadcrumbList\",\"@id\":\"https:\/\/unibellemoveis.com.br\/produto\/nicho-decorativo-retangular-diversas-cores\/#breadcrumb\",\"itemListElement\":[{\"@type\":\"ListItem\",\"position\":1,\"name\":\"In\u00edcio\",\"item\":\"https:\/\/unibellemoveis.com.br\/\"},{\"@type\":\"ListItem\",\"position\":2,\"name\":\"Produtos\",\"item\":\"https:\/\/unibellemoveis.com.br\/produtos\/\"},{\"@type\":\"ListItem\",\"position\":3,\"name\":\"Nicho Decorativo Retangular &#8211; Diversas Cores\"}]},{\"@type\":\"WebSite\",\"@id\":\"https:\/\/unibellemoveis.com.br\/#website\",\"url\":\"https:\/\/unibellemoveis.com.br\/\",\"name\":\"Unibelle M\u00f3veis\",\"description\":\"Unibelle M\u00f3veis\",\"publisher\":{\"@id\":\"https:\/\/unibellemoveis.com.br\/#organization\"},\"potentialAction\":[{\"@type\":\"SearchAction\",\"target\":{\"@type\":\"EntryPoint\",\"urlTemplate\":\"https:\/\/unibellemoveis.com.br\/?s={search_term_string}\"},\"query-input\":{\"@type\":\"PropertyValueSpecification\",\"valueRequired\":true,\"valueName\":\"search_term_string\"}}],\"inLanguage\":\"pt-BR\"},{\"@type\":\"Organization\",\"@id\":\"https:\/\/unibellemoveis.com.br\/#organization\",\"name\":\"Unibele M\u00f3veis\",\"alternateName\":\"Unibele M\u00f3veis\",\"url\":\"https:\/\/unibellemoveis.com.br\/\",\"logo\":{\"@type\":\"ImageObject\",\"inLanguage\":\"pt-BR\",\"@id\":\"https:\/\/unibellemoveis.com.br\/#\/schema\/logo\/image\/\",\"url\":\"https:\/\/unibellemoveis.com.br\/wp-content\/uploads\/2024\/04\/Logo-02.webp\",\"contentUrl\":\"https:\/\/unibellemoveis.com.br\/wp-content\/uploads\/2024\/04\/Logo-02.webp\",\"width\":2363,\"height\":754,\"caption\":\"Unibele M\u00f3veis\"},\"image\":{\"@id\":\"https:\/\/unibellemoveis.com.br\/#\/schema\/logo\/image\/\"}}]}<\/script>\n<!-- \/ Yoast SEO plugin. -->","yoast_head_json":{"title":"Nicho Decorativo Retangular - Diversas Cores - Unibelle M\u00f3veis","description":"Nicho Decorativo Retangular - Diversas Cores ideal para quem busca aliar eleg\u00e2ncia e funcionalidade, oferecendo uma maneira pr\u00e1tica e sofisticada.","robots":{"index":"index","follow":"follow","max-snippet":"max-snippet:-1","max-image-preview":"max-image-preview:large","max-video-preview":"max-video-preview:-1"},"canonical":"https:\/\/unibellemoveis.com.br\/pt_br\/produto\/nicho-decorativo-retangular-diversas-cores\/","og_locale":"pt_BR","og_type":"article","og_title":"Nicho Decorativo Retangular - Diversas Cores - Unibelle M\u00f3veis","og_description":"Nicho Decorativo Retangular - Diversas Cores ideal para quem busca aliar eleg\u00e2ncia e funcionalidade, oferecendo uma maneira pr\u00e1tica e sofisticada.","og_url":"https:\/\/unibellemoveis.com.br\/pt_br\/produto\/nicho-decorativo-retangular-diversas-cores\/","og_site_name":"Unibelle M\u00f3veis","article_modified_time":"2025-07-23T03:19:19+00:00","og_image":[{"width":1000,"height":1000,"url":"https:\/\/unibellemoveis.com.br\/wp-content\/uploads\/2024\/09\/5525.webp","type":"image\/webp"}],"twitter_card":"summary_large_image","twitter_misc":{"Est. tempo de leitura":"2 minutos"},"schema":{"@context":"https:\/\/schema.org","@graph":[{"@type":"WebPage","@id":"https:\/\/unibellemoveis.com.br\/produto\/nicho-decorativo-retangular-diversas-cores\/","url":"https:\/\/unibellemoveis.com.br\/produto\/nicho-decorativo-retangular-diversas-cores\/","name":"Nicho Decorativo Retangular - Diversas Cores - Unibelle M\u00f3veis","isPartOf":{"@id":"https:\/\/unibellemoveis.com.br\/#website"},"primaryImageOfPage":{"@id":"https:\/\/unibellemoveis.com.br\/produto\/nicho-decorativo-retangular-diversas-cores\/#primaryimage"},"image":{"@id":"https:\/\/unibellemoveis.com.br\/produto\/nicho-decorativo-retangular-diversas-cores\/#primaryimage"},"thumbnailUrl":"https:\/\/unibellemoveis.com.br\/wp-content\/uploads\/2024\/09\/5525.webp","datePublished":"2024-09-18T19:48:47+00:00","dateModified":"2025-07-23T03:19:19+00:00","description":"Nicho Decorativo Retangular - Diversas Cores ideal para quem busca aliar eleg\u00e2ncia e funcionalidade, oferecendo uma maneira pr\u00e1tica e sofisticada.","breadcrumb":{"@id":"https:\/\/unibellemoveis.com.br\/produto\/nicho-decorativo-retangular-diversas-cores\/#breadcrumb"},"inLanguage":"pt-BR","potentialAction":[{"@type":"ReadAction","target":["https:\/\/unibellemoveis.com.br\/produto\/nicho-decorativo-retangular-diversas-cores\/"]}]},{"@type":"ImageObject","inLanguage":"pt-BR","@id":"https:\/\/unibellemoveis.com.br\/produto\/nicho-decorativo-retangular-diversas-cores\/#primaryimage","url":"https:\/\/unibellemoveis.com.br\/wp-content\/uploads\/2024\/09\/5525.webp","contentUrl":"https:\/\/unibellemoveis.com.br\/wp-content\/uploads\/2024\/09\/5525.webp","width":1000,"height":1000,"caption":"Nicho Decorativo Retangular - Diversas Cores"},{"@type":"BreadcrumbList","@id":"https:\/\/unibellemoveis.com.br\/produto\/nicho-decorativo-retangular-diversas-cores\/#breadcrumb","itemListElement":[{"@type":"ListItem","position":1,"name":"In\u00edcio","item":"https:\/\/unibellemoveis.com.br\/"},{"@type":"ListItem","position":2,"name":"Produtos","item":"https:\/\/unibellemoveis.com.br\/produtos\/"},{"@type":"ListItem","position":3,"name":"Nicho Decorativo Retangular &#8211; Diversas Cores"}]},{"@type":"WebSite","@id":"https:\/\/unibellemoveis.com.br\/#website","url":"https:\/\/unibellemoveis.com.br\/","name":"Unibelle M\u00f3veis","description":"Unibelle M\u00f3veis","publisher":{"@id":"https:\/\/unibellemoveis.com.br\/#organization"},"potentialAction":[{"@type":"SearchAction","target":{"@type":"EntryPoint","urlTemplate":"https:\/\/unibellemoveis.com.br\/?s={search_term_string}"},"query-input":{"@type":"PropertyValueSpecification","valueRequired":true,"valueName":"search_term_string"}}],"inLanguage":"pt-BR"},{"@type":"Organization","@id":"https:\/\/unibellemoveis.com.br\/#organization","name":"Unibele M\u00f3veis","alternateName":"Unibele M\u00f3veis","url":"https:\/\/unibellemoveis.com.br\/","logo":{"@type":"ImageObject","inLanguage":"pt-BR","@id":"https:\/\/unibellemoveis.com.br\/#\/schema\/logo\/image\/","url":"https:\/\/unibellemoveis.com.br\/wp-content\/uploads\/2024\/04\/Logo-02.webp","contentUrl":"https:\/\/unibellemoveis.com.br\/wp-content\/uploads\/2024\/04\/Logo-02.webp","width":2363,"height":754,"caption":"Unibele M\u00f3veis"},"image":{"@id":"https:\/\/unibellemoveis.com.br\/#\/schema\/logo\/image\/"}}]}},"_links":{"self":[{"href":"https:\/\/unibellemoveis.com.br\/pt_br\/wp-json\/wp\/v2\/product\/2558","targetHints":{"allow":["GET"]}}],"collection":[{"href":"https:\/\/unibellemoveis.com.br\/pt_br\/wp-json\/wp\/v2\/product"}],"about":[{"href":"https:\/\/unibellemoveis.com.br\/pt_br\/wp-json\/wp\/v2\/types\/product"}],"replies":[{"embeddable":true,"href":"https:\/\/unibellemoveis.com.br\/pt_br\/wp-json\/wp\/v2\/comments?post=2558"}],"version-history":[{"count":5,"href":"https:\/\/unibellemoveis.com.br\/pt_br\/wp-json\/wp\/v2\/product\/2558\/revisions"}],"predecessor-version":[{"id":2751,"href":"https:\/\/unibellemoveis.com.br\/pt_br\/wp-json\/wp\/v2\/product\/2558\/revisions\/2751"}],"wp:featuredmedia":[{"embeddable":true,"href":"https:\/\/unibellemoveis.com.br\/pt_br\/wp-json\/wp\/v2\/media\/2565"}],"wp:attachment":[{"href":"https:\/\/unibellemoveis.com.br\/pt_br\/wp-json\/wp\/v2\/media?parent=2558"}],"wp:term":[{"taxonomy":"product_brand","embeddable":true,"href":"https:\/\/unibellemoveis.com.br\/pt_br\/wp-json\/wp\/v2\/product_brand?post=2558"},{"taxonomy":"product_cat","embeddable":true,"href":"https:\/\/unibellemoveis.com.br\/pt_br\/wp-json\/wp\/v2\/product_cat?post=2558"},{"taxonomy":"product_tag","embeddable":true,"href":"https:\/\/unibellemoveis.com.br\/pt_br\/wp-json\/wp\/v2\/product_tag?post=2558"}],"curies":[{"name":"wp","href":"https:\/\/api.w.org\/{rel}","templated":true}]}}